{"id":147,"date":"2025-03-12T04:56:55","date_gmt":"2025-03-12T04:56:55","guid":{"rendered":"https:\/\/pontadelgadaazoresrentals.com\/?page_id=147"},"modified":"2026-04-11T04:19:59","modified_gmt":"2026-04-11T04:19:59","slug":"ferienwohnungen-in-ponta-delgada-azoren","status":"publish","type":"page","link":"https:\/\/pontadelgadaazoresrentals.com\/de\/","title":{"rendered":"Ponta Delgada Azoren Ferienwohnungen"},"content":{"rendered":"<div data-elementor-type=\"wp-page\" data-elementor-id=\"147\" class=\"elementor elementor-147\">\n\t\t\t\t\t\t<section class=\"elementor-section elementor-top-section elementor-element elementor-element-3e1f0e71 elementor-section-boxed elementor-section-height-default elementor-section-height-default\" data-id=\"3e1f0e71\" data-element_type=\"section\" data-e-type=\"section\" data-settings=\"{&quot;background_background&quot;:&quot;classic&quot;}\">\n\t\t\t\t\t\t<div class=\"elementor-container elementor-column-gap-default\">\n\t\t\t\t\t<div class=\"elementor-column elementor-col-100 elementor-top-column elementor-element elementor-element-40286502\" data-id=\"40286502\" data-element_type=\"column\" data-e-type=\"column\">\n\t\t\t<div class=\"elementor-widget-wrap elementor-element-populated\">\n\t\t\t\t\t\t<div class=\"elementor-element elementor-element-42d01637 elementor-widget__width-initial elementor-absolute elementor-widget elementor-widget-html\" data-id=\"42d01637\" data-element_type=\"widget\" data-e-type=\"widget\" data-settings=\"{&quot;_position&quot;:&quot;absolute&quot;}\" data-widget_type=\"html.default\">\n\t\t\t\t<div class=\"elementor-widget-container\">\n\t\t\t\t\t<div style=\"background: linear-gradient(to bottom, rgba(0,0,0,0) 0%, rgba(0,0,0,0.3) 40%, rgba(0,0,0,0.8) 100%); padding: 50px 20px; width:100vw; max-width:100vw; margin-left: calc(-50vw + 50%); text-align: center; font-family: 'Playfair Display', serif; color: #D5E7EF; box-sizing: border-box;\">\n  <!-- T\u00edtulo Principal -->\n<h1 style=\"font-size: 2.2rem; margin-bottom: 1rem; color: #D5E7EF;\">\n    Ponta Delgada Azoren Ferienwohnungen\n<\/h1>\n\n<!-- Linha Separadora -->\n<hr style=\"margin: 2rem auto; width: 50px; border: 1px solid #a0eaff;\">\n\n<!-- Bloco das Baleias -->\n<h3 style=\"font-size: 1.8rem; margin-bottom: 1rem; color: #D5E7EF;\">\n    Wale wissen, wo sie sich ausruhen k\u00f6nnen\u2026 und du?\n<\/h3>\n\n<p style=\"font-size: 1.2rem; font-style: italic; color: #D5E7EF;\">\n    Ferienwohnungen in Ponta Delgada, Azoren. Folgen Sie dem Instinkt der Natur \u2013 \n    <span style=\"font-weight: bold; color: #a0eaff;\">Buchen Sie Ihren Zufluchtsort bei uns.<\/span>\n<\/p>\n\n<!-- Bloco do Aluguer de Carros -->\n<h3 style=\"font-size: 1.2rem; color: #a0eaff;\">\n    Jenseits Ihres Refugiums erwartet Sie eine Insel. \n    <a href=\"https:\/\/pontadelgadaazoresrentals.com\/de\/mietwagen-ratgeber-mit-lokalen-tipps\/\" style=\"color: #a0eaff; text-decoration: underline; font-weight: bold;\">\n        Beste Autovermietung in Ponta Delgada\n    <\/a> beginnt hier.\n<\/h3>\n\n<div style=\"display:flex; align-items:center; justify-content:center; background:linear-gradient(to bottom, rgba(0,0,0,0.05), rgba(0,0,0,0.2)); padding:16px; border-radius:15px; max-width:920px; margin:auto; font-family:sans-serif;\">\n\n  <a href=\"\/de\/reserven\/\" style=\"background:#fff; padding:6px 12px; border-radius:25px; display:flex; align-items:center; justify-content:flex-start; margin-right:10px; width:320px; height:40px; text-decoration:none;\">\n    <img decoding=\"async\" src=\"\/wp-content\/uploads\/2025\/03\/figurativo-calendario.webp\" alt=\"Kalendersymbol zur Auswahl des Buchungsdatums\" style=\"width:20px; height:20px; margin-right:8px;\">\n    <div style=\"display:flex; flex-direction:column; justify-content:center;\">\n      <span style=\"font-size:0.65rem;color:#555;\">Datum<\/span>\n      <span id=\"currentDate\" style=\"font-size:0.75rem;color:#222;\">13. M\u00e4rz -<\/span>\n    <\/div>\n  <\/a>\n\n  <a href=\"\/de\/reserven\/\" style=\"background:#fff; padding:8px 12px; border-radius:25px; display:flex; align-items:center; justify-content:flex-start; width:320px; height:36px; text-decoration:none;\">\n    <img decoding=\"async\" src=\"\/wp-content\/uploads\/2025\/03\/figurativo-traveler.webp\" alt=\"Symbol f\u00fcr Reisende, das die Anzahl der G\u00e4ste darstellt\" style=\"width:18px; height:18px; margin-right:8px;\">\n    <div style=\"display:flex; flex-direction:column; justify-content:center;\">\n      <span style=\"font-size:0.65rem; color:#555;\">Reisende<\/span>\n      <span style=\"font-size:0.75rem; font-weight:500; color:#222;\">1 Reisender<\/span>\n    <\/div>\n  <\/a>\n\n  <button onclick=\"location.href='\/ponta-delgada-azores-rentals\/reservas'\" style=\"background:#006CE4; color:#fff; padding:8px 18px; border-radius:25px; border:none; cursor:pointer; font-size:0.8rem; margin-left:8px;\">\n    Jetzt buchen\n  <\/button>\n<\/div>\n\n<script>\n  document.addEventListener('DOMContentLoaded', function(){\n    const today = new Date();\n    const options = { month: 'short', day: 'numeric' };\n    document.getElementById('currentDate').innerText = today.toLocaleDateString('en-US', options) + ' -';\n  });\n<\/script>\t\t\t\t<\/div>\n\t\t\t\t<\/div>\n\t\t\t\t\t<\/div>\n\t\t<\/div>\n\t\t\t\t\t<\/div>\n\t\t<\/section>\n\t\t<div class=\"elementor-element elementor-element-a8677f4 e-con-full e-flex e-con e-parent\" data-id=\"a8677f4\" data-element_type=\"container\" data-e-type=\"container\" data-settings=\"{&quot;background_background&quot;:&quot;classic&quot;}\">\n\t\t\t\t<\/div>\n\t\t<div class=\"elementor-element elementor-element-b0aa858 e-grid e-con-boxed e-con e-parent\" data-id=\"b0aa858\" data-element_type=\"container\" data-e-type=\"container\">\n\t\t\t\t\t<div class=\"e-con-inner\">\n\t\t\t\t<div class=\"elementor-element elementor-element-0178de9 elementor-widget__width-inherit elementor-widget elementor-widget-html\" data-id=\"0178de9\" data-element_type=\"widget\" data-e-type=\"widget\" data-widget_type=\"html.default\">\n\t\t\t\t<div class=\"elementor-widget-container\">\n\t\t\t\t\t<div class=\"gallery-container\">\r\n    <div class=\"gallery\">\r\n        <div class=\"gallery-item\" onclick=\"window.location.href='\/ponta-delgada-azores-rentals\/reservas\/';\">\r\n            <img decoding=\"async\" src=\"\/wp-content\/uploads\/2025\/03\/guest-house-faja-sala-jantar-estar.webp\" alt=\"G\u00e4stehaus Faj\u00e3 - Sala de Jantar e Estar\">\r\n            <div class=\"caption\">G\u00e4stehaus Ponta Delgada - 6 PAX<\/div>\r\n        <\/div>\r\n        <div class=\"gallery-item\" onclick=\"window.location.href='\/ponta-delgada-azores-rentals\/reservas\/';\">\r\n            <img decoding=\"async\" src=\"\/wp-content\/uploads\/2026\/04\/living-room-first-floor-ponta-delgada-apartment-t3.webp\" alt=\"Modernes Wohnzimmer im Apartment T3 in Ponta Delgada mit grauem Schlafsofa, zwei blauen Sesseln, einer stilvollen Stehlampe und einem gro\u00dfen Fenster mit Balkonzugang\">\r\n            <div class=\"caption\">Ponta Delgada - Wohnung T3 - 9 PAX<\/div>\r\n        <\/div>\r\n        <div class=\"gallery-item\" onclick=\"window.location.href='\/ponta-delgada-azores-rentals\/reservas\/';\">\r\n            <img decoding=\"async\" src=\"\/wp-content\/uploads\/2026\/04\/Family-Holiday-Villa-Vacations-Ponta-Delgada.webp\" alt=\"Familienferienvilla - Ponta Delgada\">\r\n            <div class=\"caption\">Familienurlaub in einer Villa \u2013 18 Personen<\/div>\r\n        <\/div>\r\n    <\/div>\r\n<\/div>\r\n\r\n<style>\r\n    .gallery-container {\r\n        display: flex;\r\n        justify-content: center;\r\n        gap: 30px;\r\n        max-width: 1170px;\r\n        margin: auto;\r\n    }\r\n\r\n    .gallery {\r\n        display: flex;\r\n        gap: 30px;\r\n    }\r\n\r\n    .gallery-item {\r\n        position: relative;\r\n        flex: 1;\r\n        max-width: calc(33.33% - 30px);\r\n        border-radius: 15px;\r\n        overflow: hidden;\r\n        cursor: pointer;\r\n    }\r\n\r\n    .gallery-item img {\r\n        width: 100%;\r\n        height: 260px;\r\n        object-fit: cover;\r\n        border-radius: 15px;\r\n        display: block;\r\n    }\r\n\r\n    .caption {\r\n        position: absolute;\r\n        bottom: 10px;\r\n        left: 0;\r\n        width: 100%;\r\n        background: rgba(0, 0, 0, 0.6);\r\n        color: white;\r\n        text-align: center;\r\n        padding: 5px;\r\n        font-size: 14px;\r\n        border-radius: 0 0 15px 15px;\r\n    }\r\n<\/style>\r\n\t\t\t\t<\/div>\n\t\t\t\t<\/div>\n\t\t\t\t\t<\/div>\n\t\t\t\t<\/div>\n\t\t<div class=\"elementor-element elementor-element-a27eb78 e-grid e-con-boxed e-con e-parent\" data-id=\"a27eb78\" data-element_type=\"container\" data-e-type=\"container\">\n\t\t\t\t\t<div class=\"e-con-inner\">\n\t\t\t\t<div class=\"elementor-element elementor-element-ce9ba5e elementor-widget elementor-widget-text-editor\" data-id=\"ce9ba5e\" data-element_type=\"widget\" data-e-type=\"widget\" data-widget_type=\"text-editor.default\">\n\t\t\t\t<div class=\"elementor-widget-container\">\n\t\t\t\t\t\t\t\t\t<p style=\"text-align: center;\">Eine einfache, gute Frage: Warum ziehen Wale an den Azoren vorbei? Wissen Sie, warum?<\/p>\t\t\t\t\t\t\t\t<\/div>\n\t\t\t\t<\/div>\n\t\t\t\t\t<\/div>\n\t\t\t\t<\/div>\n\t\t\t\t<\/div>","protected":false},"excerpt":{"rendered":"<p>Ponta Delgada Azores Rentals \u2013 Ihre erste Adresse f\u00fcr Ferienunterk\u00fcnfte in Ponta Delgada, Azoren. Entdecken Sie unsere sorgf\u00e4ltig ausgew\u00e4hlte Kollektion charmanter Villen, gem\u00fctlicher H\u00e4user und Apartments f\u00fcr Ihren perfekten Urlaub inmitten der atemberaubenden Landschaft der Insel S\u00e3o Miguel.<\/p>","protected":false},"author":3,"featured_media":0,"parent":0,"menu_order":1,"comment_status":"closed","ping_status":"closed","template":"elementor_header_footer","meta":{"footnotes":""},"class_list":["post-147","page","type-page","status-publish","hentry"],"_links":{"self":[{"href":"https:\/\/pontadelgadaazoresrentals.com\/de\/wp-json\/wp\/v2\/pages\/147","targetHints":{"allow":["GET"]}}],"collection":[{"href":"https:\/\/pontadelgadaazoresrentals.com\/de\/wp-json\/wp\/v2\/pages"}],"about":[{"href":"https:\/\/pontadelgadaazoresrentals.com\/de\/wp-json\/wp\/v2\/types\/page"}],"author":[{"embeddable":true,"href":"https:\/\/pontadelgadaazoresrentals.com\/de\/wp-json\/wp\/v2\/users\/3"}],"replies":[{"embeddable":true,"href":"https:\/\/pontadelgadaazoresrentals.com\/de\/wp-json\/wp\/v2\/comments?post=147"}],"version-history":[{"count":376,"href":"https:\/\/pontadelgadaazoresrentals.com\/de\/wp-json\/wp\/v2\/pages\/147\/revisions"}],"predecessor-version":[{"id":1878,"href":"https:\/\/pontadelgadaazoresrentals.com\/de\/wp-json\/wp\/v2\/pages\/147\/revisions\/1878"}],"wp:attachment":[{"href":"https:\/\/pontadelgadaazoresrentals.com\/de\/wp-json\/wp\/v2\/media?parent=147"}],"curies":[{"name":"wp","href":"https:\/\/api.w.org\/{rel}","templated":true}]}}