{"id":1850,"date":"2026-04-11T01:42:57","date_gmt":"2026-04-11T01:42:57","guid":{"rendered":"https:\/\/pontadelgadaazoresrentals.com\/?page_id=1850"},"modified":"2026-04-13T22:49:10","modified_gmt":"2026-04-13T22:49:10","slug":"mietwagen-ratgeber-mit-lokalen-tipps","status":"publish","type":"page","link":"https:\/\/pontadelgadaazoresrentals.com\/de\/car-rental-guide-local-tips\/","title":{"rendered":"Mietwagen-Leitfaden &amp; Tipps f\u00fcr Einheimische"},"content":{"rendered":"<div data-elementor-type=\"wp-page\" data-elementor-id=\"1850\" class=\"elementor elementor-1850\">\n\t\t\t\t<div class=\"elementor-element elementor-element-c602838 e-flex e-con-boxed e-con e-parent\" data-id=\"c602838\" data-element_type=\"container\" data-e-type=\"container\">\n\t\t\t\t\t<div class=\"e-con-inner\">\n\t\t\t\t<div class=\"elementor-element elementor-element-b7ec4ba elementor-widget elementor-widget-heading\" data-id=\"b7ec4ba\" data-element_type=\"widget\" data-e-type=\"widget\" data-widget_type=\"heading.default\">\n\t\t\t\t<div class=\"elementor-widget-container\">\n\t\t\t\t\t<h2 class=\"elementor-heading-title elementor-size-default\">Jenseits Ihres Refugiums: Die besten Mietwagenoptionen in Ponta Delgada<\/h2>\t\t\t\t<\/div>\n\t\t\t\t<\/div>\n\t\t\t\t\t<\/div>\n\t\t\t\t<\/div>\n\t\t<div class=\"elementor-element elementor-element-58415de e-flex e-con-boxed e-con e-parent\" data-id=\"58415de\" data-element_type=\"container\" data-e-type=\"container\">\n\t\t\t\t\t<div class=\"e-con-inner\">\n\t\t\t\t<div class=\"elementor-element elementor-element-49bf94d elementor-widget elementor-widget-text-editor\" data-id=\"49bf94d\" data-element_type=\"widget\" data-e-type=\"widget\" data-widget_type=\"text-editor.default\">\n\t\t\t\t<div class=\"elementor-widget-container\">\n\t\t\t\t\t\t\t\t\t<p>Abseits Ihres R\u00fcckzugsortes in unseren G\u00e4steh\u00e4usern erwartet Sie auf S\u00e3o Miguel eine Welt atemberaubender Landschaften und verborgener Sch\u00e4tze. Um die Magie der Azoren wirklich zu entdecken, ist das richtige Fahrzeug unerl\u00e4sslich. Wir haben diesen umfassenden Reisef\u00fchrer zusammengestellt, um Ihnen bei der Suche zu helfen. <strong>beste Autovermietung in Ponta Delgada<\/strong>, Wir sorgen daf\u00fcr, dass Sie den zuverl\u00e4ssigsten Service erhalten, typische Touristenfallen vermeiden und sicher durch unsere wundersch\u00f6nen Inselstra\u00dfen fahren.<\/p><div style=\"background-color: #f4f9ff; padding: 25px; border: 1px solid #d1e7ff; border-radius: 8px; text-align: center; margin: 30px 0;\"><h3>Buchen Sie Ihr Fahrzeug mit lokaler Sicherheit<\/h3><p>Vergleichen Sie die besten Angebote von lokalen und internationalen Reiseb\u00fcros an einem Ort.<\/p><p><a style=\"background-color: #007bff; color: white; padding: 15px 30px; text-decoration: none; border-radius: 5px; font-weight: bold; display: inline-block;\" href=\"https:\/\/www.discovercars.com\/portugal-azores-islands\/ponta-delgada\/pdl?a_aid=pontadelgadaazoresrentals&amp;data1=best_car_rental&amp;data2=article\" target=\"_blank\" rel=\"nofollow noopener\">Preise vergleichen und hier Ihr Auto buchen<\/a><\/p><\/div>\t\t\t\t\t\t\t\t<\/div>\n\t\t\t\t<\/div>\n\t\t\t\t\t<\/div>\n\t\t\t\t<\/div>\n\t\t<div class=\"elementor-element elementor-element-9677817 e-flex e-con-boxed e-con e-parent\" data-id=\"9677817\" data-element_type=\"container\" data-e-type=\"container\">\n\t\t\t\t\t<div class=\"e-con-inner\">\n\t\t\t\t<div class=\"elementor-element elementor-element-a24bf99 elementor-widget elementor-widget-image\" data-id=\"a24bf99\" data-element_type=\"widget\" data-e-type=\"widget\" data-widget_type=\"image.default\">\n\t\t\t\t<div class=\"elementor-widget-container\">\n\t\t\t\t\t\t\t\t\t\t\t\t\t\t\t<img fetchpriority=\"high\" decoding=\"async\" width=\"703\" height=\"1024\" src=\"https:\/\/pontadelgadaazoresrentals.com\/wp-content\/uploads\/2026\/04\/driving-to-sete-cidades-hydrangeas-car-rental-azores-e1775875866792-703x1024.webp\" class=\"attachment-large size-large wp-image-1863\" alt=\"Blick aus dem Inneren eines Autos, das eine von blauen Hortensien ges\u00e4umte Stra\u00dfe entlang f\u00e4hrt und die Seen Sete Cidades auf der Azoreninsel S\u00e3o Miguel \u00fcberblickt. PT: Blick ins Landesinnere von einer Stra\u00dfe, die von den Azoren mit Blick auf die Lagunen der Sete Cidades auf der Insel S\u00e3o Miguel, Azoren, beladen ist.\" srcset=\"https:\/\/pontadelgadaazoresrentals.com\/wp-content\/uploads\/2026\/04\/driving-to-sete-cidades-hydrangeas-car-rental-azores-e1775875866792-703x1024.webp 703w, https:\/\/pontadelgadaazoresrentals.com\/wp-content\/uploads\/2026\/04\/driving-to-sete-cidades-hydrangeas-car-rental-azores-e1775875866792-206x300.webp 206w, https:\/\/pontadelgadaazoresrentals.com\/wp-content\/uploads\/2026\/04\/driving-to-sete-cidades-hydrangeas-car-rental-azores-e1775875866792-768x1119.webp 768w, https:\/\/pontadelgadaazoresrentals.com\/wp-content\/uploads\/2026\/04\/driving-to-sete-cidades-hydrangeas-car-rental-azores-e1775875866792-8x12.webp 8w, https:\/\/pontadelgadaazoresrentals.com\/wp-content\/uploads\/2026\/04\/driving-to-sete-cidades-hydrangeas-car-rental-azores-e1775875866792.webp 820w\" sizes=\"(max-width: 703px) 100vw, 703px\" \/>\t\t\t\t\t\t\t\t\t\t\t\t\t\t\t<\/div>\n\t\t\t\t<\/div>\n\t\t\t\t\t<\/div>\n\t\t\t\t<\/div>\n\t\t<div class=\"elementor-element elementor-element-37d85f0 e-flex e-con-boxed e-con e-parent\" data-id=\"37d85f0\" data-element_type=\"container\" data-e-type=\"container\">\n\t\t\t\t\t<div class=\"e-con-inner\">\n\t\t\t\t<div class=\"elementor-element elementor-element-66fbd77 elementor-widget elementor-widget-text-editor\" data-id=\"66fbd77\" data-element_type=\"widget\" data-e-type=\"widget\" data-widget_type=\"text-editor.default\">\n\t\t\t\t<div class=\"elementor-widget-container\">\n\t\t\t\t\t\t\t\t\t<article><h2>Beste Autovermietung in Ponta Delgada: Der ultimative lokale Reisef\u00fchrer f\u00fcr die Insel S\u00e3o Miguel<\/h2><p>Abseits Ihres R\u00fcckzugsortes in unseren G\u00e4steh\u00e4usern erwartet Sie auf S\u00e3o Miguel eine Welt atemberaubender Landschaften und verborgener Sch\u00e4tze. Um die Magie der Azoren wirklich zu entdecken, ist das richtige Fahrzeug unerl\u00e4sslich. Wir haben diesen umfassenden Reisef\u00fchrer zusammengestellt, um Ihnen bei der Suche zu helfen. <strong>beste Autovermietung in Ponta Delgada<\/strong>, Wir sorgen daf\u00fcr, dass Sie den zuverl\u00e4ssigsten Service erhalten, typische Touristenfallen vermeiden und sicher durch unsere wundersch\u00f6nen Inselstra\u00dfen fahren.<\/p><h3>Die Realit\u00e4t der Mietwagen am Flughafen: Warum gr\u00f6\u00dfer nicht immer besser ist<\/h3><p>Viele Reisende, die am Flughafen Ponta Delgada (PDL) ankommen, steuern instinktiv die internationalen Mietwagenschalter im Terminal an. Gro\u00dfe Marken wie <strong>Ilha Verde<\/strong>Eine der gr\u00f6\u00dften Agenturen der Azoren und andere globale Franchise-Unternehmen wickeln ein enormes Volumen internationaler Buchungen ab. Doch als Einheimische, die den t\u00e4glichen Betrieb an unserem Flughafen kennen, m\u00f6chten wir zur Vorsicht mahnen.<\/p><p>Die hohe Anzahl an Passagieren, die mit gleichzeitig ankommenden Fl\u00fcgen eintreffen, f\u00fchrt h\u00e4ufig zu Engp\u00e4ssen an den Schaltern der Terminals. Lange, anstrengende Warteschlangen sind keine Seltenheit, da nur wenige Mitarbeiter Dutzende ungeduldiger Reisender bedienen m\u00fcssen. So kann die erste Stunde im Paradies schnell zu einer frustrierenden Wartezeit werden. Gro\u00dfe Reiseb\u00fcros haben oft Schwierigkeiten, w\u00e4hrend der Sto\u00dfzeiten einen effektiven oder individuellen Service zu bieten, was zu einem unpers\u00f6nlichen und wenig aufmerksamen \u201cFlie\u00dfbandservice\u201d f\u00fchrt.<\/p><h3>Die Vorteile von Agenturen und Transfers au\u00dferhalb des Flughafens<\/h3><p>Bei der Suche nach dem <strong>beste Autovermietung in Ponta Delgada<\/strong>, Beschr\u00e4nken Sie sich nicht auf die Unternehmen, die sich direkt im Terminalgeb\u00e4ude befinden. Viele der effizientesten und kundenorientiertesten Agenturen haben ihre B\u00fcros nur wenige Minuten entfernt in der N\u00e4he des Flughafens. Diese Unternehmen bieten in der Regel einen kostenlosen Shuttle-Service an. Ein Mitarbeiter empf\u00e4ngt Sie am Ankunftsgate und bringt Sie direkt in sein B\u00fcro, fernab vom Trubel des Terminals.<\/p><p>Diese kleineren und mittelst\u00e4ndischen lokalen Unternehmen bieten oft einen deutlich pers\u00f6nlicheren Service. W\u00e4hrend die gro\u00dfen Marken \u00fcberlastet sind, k\u00f6nnen diese spezialisierten Teams Sie viel schneller wieder auf die Stra\u00dfe bringen. Bedenken Sie au\u00dferdem, dass Automarken nicht exklusiv sind; ein Volkswagen oder Renault ist derselbe, egal ob Sie ihn von einem globalen Konzern oder einem lokalen Spezialisten mieten. Wenn Sie sich f\u00fcr eine Agentur mit einer externen Niederlassung entscheiden, erhalten Sie oft ein saubereres Auto und eine ausf\u00fchrlichere Einweisung in die Fahrzeugfunktionen.<\/p><h3 style=\"margin: 30px 0px; text-align: center;\">Unverzichtbare Sicherheit: Warum eine Vollversicherung auf den Azoren Pflicht ist<\/h3><p>Einer der wichtigsten Tipps in diesem <strong>Bester Leitfaden f\u00fcr Autovermietung in Ponta Delgada<\/strong> Bez\u00fcglich der Versicherung empfehlen wir allen unseren G\u00e4sten dringend, sich f\u00fcr eine Versicherung zu entscheiden. <strong>Vollversicherungsschutz (SCDW)<\/strong>. Auch wenn Sie ein sicherer Fahrer sind, bringt die Hochsaison auf S\u00e3o Miguel einen erheblichen Zustrom von Touristen mit sich, die oft mit der einzigartigen Geographie der Insel und den \u00f6rtlichen Verkehrsregeln nicht vertraut sind.<\/p><p>Die Stra\u00dfen auf den Azoren k\u00f6nnen unberechenbar sein. Pl\u00f6tzlicher Nebel in den Bergen, enge Gassen in traditionellen D\u00f6rfern oder Weidevieh, das in l\u00e4ndlichen Gebieten die Stra\u00dfe \u00fcberquert, sind keine Seltenheit. Eine Vollkaskoversicherung sorgt daf\u00fcr, dass Ihr Urlaub nicht durch einen kleinen Kratzer oder ein Missverst\u00e4ndnis mit einem anderen Fahrer getr\u00fcbt wird. Gerade in einer Umgebung, in der das Fahrverhalten anderer im Sommer oft unberechenbarer ist, ist ein beruhigendes Gef\u00fchl der Sicherheit Ihr wertvollster Reisebegleiter.<\/p><h2>Kreisverkehre meistern: Eine wichtige portugiesische Verkehrsregel<\/h2><p>Ein immer wiederkehrendes Problem auf den Stra\u00dfen der Azoren ist die falsche Nutzung von Kreisverkehren, insbesondere durch internationale Besucher. Um Ihre Sicherheit zu gew\u00e4hrleisten und Bu\u00dfgelder zu vermeiden, ist es unerl\u00e4sslich, die Regeln zu kennen. <strong>Portugiesische Stra\u00dfenverkehrsordnung (C\u00f3digo da Estrada)<\/strong> in Bezug auf diese Schnittpunkte.<\/p><p>In Portugal gilt eine klare Regel: Die \u00e4u\u00dfere Fahrspur eines Kreisverkehrs ist reserviert. <strong>ausschlie\u00dflich<\/strong> F\u00fcr Fahrer, die die erste Ausfahrt nehmen. Wenn Sie eine andere Ausfahrt nehmen m\u00f6chten (die zweite, dritte oder eine U-Turn-Ausfahrt), <strong>muss<\/strong> Fahren Sie \u00fcber die inneren Fahrspuren in den Kreisverkehr ein. Wechseln Sie erst dann auf die \u00e4u\u00dfere Fahrspur, wenn Sie die Ausfahrt direkt vor Ihrer gew\u00fcnschten Ausfahrt passiert haben. Wir beobachten h\u00e4ufig Mietwagen, die die gesamte \u00e4u\u00dfere Fahrspur im Kreisverkehr befahren. Dies ist nicht nur verboten, sondern in der Hochsaison auch eine Hauptursache f\u00fcr Unf\u00e4lle und aggressives Verhalten im Stra\u00dfenverkehr.<\/p><p style=\"background-color: #fdf2f2; padding: 20px; border-left: 5px solid #e74c3c; margin: 25px 0;\"><strong>Einhaltung gesetzlicher Bestimmungen:<\/strong> Zu Ihrer Sicherheit und um administrative Strafen zu vermeiden, empfehlen wir Ihnen, die offiziellen Richtlinien zu \u00fcberpr\u00fcfen.<br \/><a href=\"https:\/\/www.segurancarodoviaria.pt\/en\/highway-code\/\" target=\"_blank\" rel=\"noopener\">Portugiesische Stra\u00dfenverkehrsordnung (C\u00f3digo da Estrada)<\/a>.<\/p><h2>Parken in Ponta Delgada: Stressfreie L\u00f6sungen<\/h2><p>Ein h\u00e4ufiger Grund, der von der Anmietung eines Autos abh\u00e4lt, ist die Angst vor schwierigen oder teuren Parkm\u00f6glichkeiten in Stadtzentren. Wenn Sie jedoch in einer unserer Unterk\u00fcnfte \u00fcbernachten \u2013 wie zum Beispiel im<strong>Familienurlaub in einer Villa<\/strong> oder <strong>Ponta Delgada Apartment T3<\/strong> oder die <strong>G\u00e4stehaus da Faj\u00e3 de Baixo<\/strong>\u2014Diese Sorge besteht nicht. Unsere Standorte wurden strategisch so gew\u00e4hlt, dass sie die perfekte Balance zwischen zentraler Erreichbarkeit und logistischer Einfachheit bieten.<\/p><p>Unsere G\u00e4ste haben direkten Zugang zu kostenlosen, \u00f6ffentlichen Parkpl\u00e4tzen im Freien neben ihrer Unterkunft. Anders als im historischen Stadtzentrum, wo Parkpl\u00e4tze rar und kostenpflichtig sind, bietet unsere Gegend ausreichend Platz. Selbst in den Sommermonaten ist es erstaunlich einfach, nach einem erlebnisreichen Tag auf der Insel einen Parkplatz zu finden. So genie\u00dfen Sie die Vorteile beider Welten: die Freiheit eines eigenen Autos und die Ruhe eines Wohngebiets ohne l\u00e4stige Parkgeb\u00fchren.<\/p><h2>Die besten Fahrstrecken von Ihrem Schutzgebiet aus<\/h2><p>Nachdem Sie Ihr Fahrzeug gesichert haben <strong>beste Autovermietung in Ponta Delgada<\/strong>, Sie sind bereit, die Insel zu erkunden. Dank unserer zentralen Lage erreichen Sie von hier aus schnell die wichtigsten Verkehrsadern. In nur 10 Minuten sind Sie auf der Autobahn in Richtung der vulkanischen Pracht von Sete Cidades oder der \u00fcppigen Thermalquellen von Furnas.<\/p><p>Wir empfehlen Ihnen, fr\u00fch aufzubrechen, um den Touristenbussen zuvorzukommen und die sch\u00f6nsten Aussichtspunkte (Miradouros) zu erreichen. Autofahren auf den Azoren ist ein Erlebnis f\u00fcr alle Sinne: Die Stra\u00dfen sind oft von blauen Hortensien ges\u00e4umt und bieten immer wieder atemberaubende Ausblicke auf den Atlantik. Wenn Sie unserem Rat folgen und einen individuellen Mietwagenservice au\u00dferhalb des Flughafens w\u00e4hlen, wird Ihre Reise genauso sch\u00f6n wie das Reiseziel selbst.<\/p><div style=\"background-color: #f9f9f9; padding: 30px; border-top: 4px solid #007bff; margin-top: 40px;\"><h3>Abschlie\u00dfende Checkliste f\u00fcr Ihre Mietwagenbuchung auf den Azoren:<\/h3><ul><li><strong>Fr\u00fchzeitig buchen:<\/strong> Nach M\u00e4rz sinkt die Verf\u00fcgbarkeit und die Preise steigen deutlich an.<\/li><li><strong>W\u00e4hlen Sie Klein\/Mittel:<\/strong> Das Parken und die Navigation in den engen Dorfstra\u00dfen sind einfacher.<\/li><li><strong>Fahrzeuginspektion:<\/strong> Machen Sie bei der Abholung immer Fotos vom Fahrzeug, auch bei Vollversicherung.<\/li><li><strong>Tankregelung pr\u00fcfen:<\/strong> Die meisten lokalen Mietwohnungen funktionieren nach dem Prinzip \u201cvoll-zu-voll\u201d.<\/li><li><strong>R\u00fccksendelogistik:<\/strong> Falls Ihre Unterkunft au\u00dferhalb des Terminals liegt, rechnen Sie bitte mit zus\u00e4tzlichen 15 Minuten f\u00fcr die Fahrt mit dem Shuttle zur\u00fcck zum Terminal.<\/li><\/ul><p>Bereit f\u00fcr dein Abenteuer? <a href=\"https:\/\/pontadelgadaazoresrentals.com\/de\/\">Zur\u00fcck zu unserem Immobilienf\u00fchrer<\/a> oder <a href=\"https:\/\/www.discovercars.com\/portugal-azores-islands\/ponta-delgada\/pdl?a_aid=pontadelgadaazoresrentals&amp;data1=best_car_rental&amp;data2=article\">Vergleichen Sie jetzt Mietwagenpreise<\/a>.<\/p><\/div><\/article>\t\t\t\t\t\t\t\t<\/div>\n\t\t\t\t<\/div>\n\t\t\t\t\t<\/div>\n\t\t\t\t<\/div>\n\t\t\t\t<\/div>","protected":false},"excerpt":{"rendered":"<p>Beyond Your Sanctuary: The Best Car Rental Options in Ponta Delgada Beyond your sanctuary at our guest houses, a world of breathtaking landscapes and hidden gems awaits you across S\u00e3o Miguel. To truly discover the magic of the Azores, having the right vehicle is essential. We have prepared this comprehensive guide to help you find [&hellip;]<\/p>\n","protected":false},"author":4,"featured_media":0,"parent":0,"menu_order":0,"comment_status":"closed","ping_status":"closed","template":"","meta":{"footnotes":""},"class_list":["post-1850","page","type-page","status-publish","hentry"],"_links":{"self":[{"href":"https:\/\/pontadelgadaazoresrentals.com\/de\/wp-json\/wp\/v2\/pages\/1850","targetHints":{"allow":["GET"]}}],"collection":[{"href":"https:\/\/pontadelgadaazoresrentals.com\/de\/wp-json\/wp\/v2\/pages"}],"about":[{"href":"https:\/\/pontadelgadaazoresrentals.com\/de\/wp-json\/wp\/v2\/types\/page"}],"author":[{"embeddable":true,"href":"https:\/\/pontadelgadaazoresrentals.com\/de\/wp-json\/wp\/v2\/users\/4"}],"replies":[{"embeddable":true,"href":"https:\/\/pontadelgadaazoresrentals.com\/de\/wp-json\/wp\/v2\/comments?post=1850"}],"version-history":[{"count":38,"href":"https:\/\/pontadelgadaazoresrentals.com\/de\/wp-json\/wp\/v2\/pages\/1850\/revisions"}],"predecessor-version":[{"id":1988,"href":"https:\/\/pontadelgadaazoresrentals.com\/de\/wp-json\/wp\/v2\/pages\/1850\/revisions\/1988"}],"wp:attachment":[{"href":"https:\/\/pontadelgadaazoresrentals.com\/de\/wp-json\/wp\/v2\/media?parent=1850"}],"curies":[{"name":"wp","href":"https:\/\/api.w.org\/{rel}","templated":true}]}}