{"id":21,"date":"2024-03-07T16:33:59","date_gmt":"2024-03-07T16:33:59","guid":{"rendered":"https:\/\/pontadelgadaazoresrentals.com\/contact\/"},"modified":"2026-04-11T01:31:46","modified_gmt":"2026-04-11T01:31:46","slug":"kontakt","status":"publish","type":"page","link":"https:\/\/pontadelgadaazoresrentals.com\/de\/contact\/","title":{"rendered":"Buchen Sie Ponta Delgada Azores Rentals"},"content":{"rendered":"<div data-elementor-type=\"wp-page\" data-elementor-id=\"21\" class=\"elementor elementor-21\">\n\t\t\t\t<div class=\"elementor-element elementor-element-5b36cca3 e-flex e-con-boxed e-con e-parent\" data-id=\"5b36cca3\" data-element_type=\"container\" data-e-type=\"container\">\n\t\t\t\t\t<div class=\"e-con-inner\">\n\t\t\t\t<div class=\"elementor-element elementor-element-643b3fd9 elementor-widget elementor-widget-text-editor\" data-id=\"643b3fd9\" data-element_type=\"widget\" data-e-type=\"widget\" data-widget_type=\"text-editor.default\">\n\t\t\t\t<div class=\"elementor-widget-container\">\n\t\t\t\t\t\t\t\t\t<div class=\"wp-block-group alignfull has-background-background-color has-background\" style=\"margin-top: 0; margin-bottom: 0; padding-top: 0;\">\n<p><\/p>\n<div class=\"wp-block-cover alignfull ext-import\" style=\"min-height: 50px; padding: 0;aspect-ratio:unset;\">\n<p><img decoding=\"async\" class=\"wp-block-cover__image-background\" src=\"https:\/\/images.unsplash.com\/photo-1534534573898-db5148bc8b0c?fit=crop&amp;crop=entropy%2Cfaces&amp;auto=format%2Ccompress&amp;w=1280\" alt=\"\" data-object-fit=\"cover\" \/><\/p>\n<div class=\"wp-block-cover__inner-container is-layout-flow wp-block-cover-is-layout-flow\">\n<p><\/p>\n<div class=\"wp-block-group is-layout-constrained wp-container-core-group-is-layout-dc79e9a9 wp-block-group-is-layout-constrained\" style=\"padding: var(--wp--preset--spacing--60) var(--wp--preset--spacing--30) var(--wp--preset--spacing--60) var(--wp--preset--spacing--30);\">\n<p><\/p>\n<h1 class=\"wp-block-heading has-text-align-center has-text-color has-x-large-font-size\" style=\"color: #fffffffc;\">Entdecken Sie Unterk\u00fcnfte<\/h1>\n<p><\/p>\n<\/div>\n<p><\/p>\n<\/div>\n<\/div>\n<p><\/p>\n<\/div>\n<p><!-- \/wp:group --><!-- wp:group {\"align\":\"full\",\"style\":{\"spacing\":{\"padding\":{\"top\":\"var:preset|spacing|60\",\"right\":\"var:preset|spacing|30\",\"bottom\":\"var:preset|spacing|60\",\"left\":\"var:preset|spacing|30\"},\"blockGap\":\"var:preset|spacing|30\",\"margin\":{\"top\":\"0\",\"bottom\":\"0\"}}},\"backgroundColor\":\"background\",\"layout\":{\"inherit\":true,\"type\":\"constrained\"}} --><\/p>\n<div class=\"wp-block-group alignfull has-background-background-color has-background\" style=\"margin-top: 0; margin-bottom: 0; padding: var(--wp--preset--spacing--60) var(--wp--preset--spacing--30) var(--wp--preset--spacing--60) var(--wp--preset--spacing--30);\">\n<p><!-- wp:heading {\"textAlign\":\"center\",\"level\":3} --><\/p>\n<h3 class=\"wp-block-heading has-text-align-center\">Nehmen Sie Kontakt mit Ponta Delgada Azores Rentals auf<\/h3>\n<p style=\"text-align: center;\" data-start=\"339\" data-end=\"437\">Pr\u00fcfen Sie die Verf\u00fcgbarkeit f\u00fcr Ihre Wunschtermine in unserem <a href=\"https:\/\/pontadelgadaazoresrentals.com\/de\/ferienwohnungen-in-ponta-delgada-azoren\/reserven\/\">Verf\u00fcgbarkeitskalender<\/a> Sichern Sie sich noch heute Ihren Aufenthalt.<\/p>\n<p style=\"text-align: center;\" data-start=\"339\" data-end=\"437\">F\u00fcr Preise, Verf\u00fcgbarkeit oder sonstige Fragen kontaktieren Sie uns bitte direkt \u00fcber WhatsApp, um schnell eine Antwort zu erhalten.<\/p>\n<p style=\"text-align: center;\" data-start=\"339\" data-end=\"437\"><strong data-start=\"439\" data-end=\"452\">WhatsApp:<\/strong> (+351) 916 690 523<br data-start=\"469\" data-end=\"472\" \/><strong data-start=\"472\" data-end=\"482\">E-Mail:<\/strong> <a class=\"decorated-link cursor-pointer\" rel=\"noopener\" data-start=\"483\" data-end=\"505\">pdlazrentals@gmail.com<\/a><\/p>\n<p style=\"text-align: center;\" data-start=\"509\" data-end=\"607\"><strong data-start=\"509\" data-end=\"521\">Adresse:<\/strong><br data-start=\"521\" data-end=\"524\" \/>\u00d6str. Regional da Ribeira Grande 1055<br data-start=\"561\" data-end=\"564\" \/>9500-702 Ponta Delgada<br data-start=\"586\" data-end=\"589\" \/>Azoren, Portugal<\/p>\n<p><!-- \/wp:heading --><!-- wp:paragraph {\"align\":\"center\"} --><\/p>\n<p><!-- \/wp:paragraph --><!-- wp:paragraph {\"align\":\"center\",\"style\":{\"spacing\":{\"margin\":{\"top\":\"8px\"}}},\"fontSize\":\"small\"} --><\/p>\n<p><!-- \/wp:paragraph --><!-- wp:paragraph {\"align\":\"center\",\"style\":{\"spacing\":{\"margin\":{\"top\":\"8px\"}}},\"fontSize\":\"small\"} --><\/p>\n<p><!-- \/wp:paragraph --><\/p>\n<\/div>\n<p><!-- \/wp:group --><\/p>\t\t\t\t\t\t\t\t<\/div>\n\t\t\t\t<\/div>\n\t\t\t\t\t<\/div>\n\t\t\t\t<\/div>\n\t\t\t\t<\/div>","protected":false},"excerpt":{"rendered":"<p>Kontaktieren Sie Ponta Delgada Azores Rentals. Pr\u00fcfen Sie die Verf\u00fcgbarkeit f\u00fcr Ihren Wunschtermin in unserem Kalender und sichern Sie sich noch heute Ihre Unterkunft. F\u00fcr Preise, Verf\u00fcgbarkeit oder bei Fragen kontaktieren Sie uns direkt per WhatsApp f\u00fcr eine schnelle Antwort. WhatsApp: (+351) 916 690 523, E-Mail: pdlazrentals@gmail.com, Adresse: Estr. Regional da Ribeira Grande 10559500-702, Ponta Delgada, Azoren, Portugal<\/p>","protected":false},"author":2,"featured_media":0,"parent":0,"menu_order":0,"comment_status":"closed","ping_status":"closed","template":"","meta":{"footnotes":""},"class_list":["post-21","page","type-page","status-publish","hentry"],"_links":{"self":[{"href":"https:\/\/pontadelgadaazoresrentals.com\/de\/wp-json\/wp\/v2\/pages\/21","targetHints":{"allow":["GET"]}}],"collection":[{"href":"https:\/\/pontadelgadaazoresrentals.com\/de\/wp-json\/wp\/v2\/pages"}],"about":[{"href":"https:\/\/pontadelgadaazoresrentals.com\/de\/wp-json\/wp\/v2\/types\/page"}],"author":[{"embeddable":true,"href":"https:\/\/pontadelgadaazoresrentals.com\/de\/wp-json\/wp\/v2\/users\/2"}],"replies":[{"embeddable":true,"href":"https:\/\/pontadelgadaazoresrentals.com\/de\/wp-json\/wp\/v2\/comments?post=21"}],"version-history":[{"count":24,"href":"https:\/\/pontadelgadaazoresrentals.com\/de\/wp-json\/wp\/v2\/pages\/21\/revisions"}],"predecessor-version":[{"id":1844,"href":"https:\/\/pontadelgadaazoresrentals.com\/de\/wp-json\/wp\/v2\/pages\/21\/revisions\/1844"}],"wp:attachment":[{"href":"https:\/\/pontadelgadaazoresrentals.com\/de\/wp-json\/wp\/v2\/media?parent=21"}],"curies":[{"name":"wp","href":"https:\/\/api.w.org\/{rel}","templated":true}]}}