{"id":531,"date":"2025-03-14T14:53:34","date_gmt":"2025-03-14T14:53:34","guid":{"rendered":"https:\/\/pontadelgadaazoresrentals.com\/?page_id=531"},"modified":"2026-04-11T23:40:00","modified_gmt":"2026-04-11T23:40:00","slug":"familienurlaub-in-einer-villa-in-ponta-delgada","status":"publish","type":"page","link":"https:\/\/pontadelgadaazoresrentals.com\/de\/ponta-delgada-azores-rentals\/reservas\/family-holiday-villa-vacation-ponta-delgada\/","title":{"rendered":"Familienurlaub in einer Villa in Ponta Delgada"},"content":{"rendered":"<div data-elementor-type=\"wp-page\" data-elementor-id=\"531\" class=\"elementor elementor-531\">\n\t\t\t\t<div class=\"elementor-element elementor-element-19e8840 e-grid e-con-boxed e-con e-parent\" data-id=\"19e8840\" data-element_type=\"container\" data-e-type=\"container\">\n\t\t\t\t\t<div class=\"e-con-inner\">\n\t\t\t\t<div class=\"elementor-element elementor-element-e3ca2ab elementor-widget elementor-widget-html\" data-id=\"e3ca2ab\" data-element_type=\"widget\" data-e-type=\"widget\" data-widget_type=\"html.default\">\n\t\t\t\t<div class=\"elementor-widget-container\">\n\t\t\t\t\t<div class=\"gallery-container\">\r\n    <div class=\"gallery\">\r\n        <div class=\"gallery-item large\">\r\n            <img src=\"\/wp-content\/uploads\/2026\/04\/Family-Holiday-Villa-Vacations-Ponta-Delgada.webp\" alt=\"Familienferienvilla-Urlaub \u2013 Apartment f\u00fcr 18 Personen in Ponta Delgada\" style=\"border-bottom-left-radius: 15px;\">\r\n        <\/div>\r\n        <div class=\"gallery-column\">\r\n            <div class=\"gallery-item half\">\r\n                <img decoding=\"async\" src=\"\/wp-content\/uploads\/2025\/03\/outdoor-barbecue-dining-area-sao-miguel-azores-vacation-rental-scaled.webp\" alt=\"Traditioneller Essbereich im Freien mit Grill, portugiesisch-blauen Fliesenw\u00e4nden, farbenfrohem Geschirr und Zugang zum Garten in der Ferienvilla auf S\u00e3o Miguel, Azoren\">\r\n            <\/div>\r\n            <div class=\"gallery-item half\">\r\n                <img decoding=\"async\" src=\"\/wp-content\/uploads\/2025\/03\/living-room-fireplace-dining-sao-miguel-azores-villa-1.webp\" alt=\"Ger\u00e4umiges Wohnzimmer mit Kamin, rustikaler Holzkunstinstallation, Esstisch und Fernseher im Ferienhaus S\u00e3o Miguel Ponta Delgada\">\r\n            <\/div>\r\n        <\/div>\r\n        <div class=\"gallery-column\">\r\n            <div class=\"gallery-item half\">\r\n                <img decoding=\"async\" src=\"\/wp-content\/uploads\/2025\/03\/triple-bedroom-colorful-sao-miguel-azores-vacation-rental-1-scaled.webp\" alt=\"Helles Dreibettzimmer mit Doppelbett und Einzelbett, farbenfroher Bettw\u00e4sche und gelben W\u00e4nden in einer Familienferienvilla auf S\u00e3o Miguel, Azoren\">\r\n            <\/div>\r\n            <div class=\"gallery-item half\">\r\n                <img decoding=\"async\" src=\"\/wp-content\/uploads\/2025\/03\/garden-terrace-hydrangeas-palm-sao-miguel-azores-rental-1.webp\" alt=\"\u00dcppige Gartenterrasse mit Palmen, Hortensien und Steinwegen in der Familienferienvilla auf S\u00e3o Miguel, Azoren\">style=&quot;border-bottom-right-radius: 15px;&quot;&gt;\r\n            <\/div>\r\n        <\/div>\r\n    <\/div>\r\n    <div class=\"calendar-container\">\r\n        <iframe src=\"https:\/\/calendar.google.com\/calendar\/embed?height=600&wkst=1&ctz=Atlantic%2FAzores&src=ZGo5djEwdDdhb3VxODdyOWM5dGJ1dWI5NnBoaHNsdTBAaW1wb3J0LmNhbGVuZGFyLmdvb2dsZS5jb20&color=%23D81B60\" style=\"border:solid 1px #777\" width=\"800\" height=\"300\" frameborder=\"0\" scrolling=\"no\"><\/iframe>\r\n    <\/div>\r\n<\/div>\r\n\r\n<style>\r\n    .gallery-container {\r\n        display: flex;\r\n        flex-direction: column;\r\n        justify-content: center;\r\n        max-width: 1200px;\r\n        margin: auto;\r\n        padding: 0;\r\n        overflow: hidden;\r\n        border-radius: 15px 15px 0 0;\r\n    }\r\n\r\n    .gallery {\r\n        display: grid;\r\n        grid-template-columns: 2fr 1fr 1fr;\r\n        gap: 10px;\r\n    }\r\n\r\n    .gallery-item {\r\n        position: relative;\r\n        overflow: hidden;\r\n        border-radius: 0;\r\n    }\r\n\r\n    .gallery-column {\r\n        display: grid;\r\n        grid-template-rows: 1fr 1fr;\r\n        gap: 10px;\r\n    }\r\n\r\n    .gallery-item img {\r\n        width: 100%;\r\n        height: 100%;\r\n        object-fit: cover;\r\n        display: block;\r\n    }\r\n\r\n    .half {\r\n        height: 100%;\r\n    }\r\n\r\n    .calendar-container {\r\n        margin-top: 10px;\r\n        display: flex;\r\n        justify-content: center;\r\n        border-radius: 0 0 15px 15px;\r\n        overflow: hidden;\r\n        clip-path: inset(0 0 0 0 round 0 0 15px 15px);\r\n    }\r\n<\/style>\r\n\t\t\t\t<\/div>\n\t\t\t\t<\/div>\n\t\t\t\t\t<\/div>\n\t\t\t\t<\/div>\n\t\t<div class=\"elementor-element elementor-element-39a248e e-grid e-con-boxed e-con e-parent\" data-id=\"39a248e\" data-element_type=\"container\" data-e-type=\"container\">\n\t\t\t\t\t<div class=\"e-con-inner\">\n\t\t\t\t<div class=\"elementor-element elementor-element-c290fcf elementor-widget elementor-widget-google_maps\" data-id=\"c290fcf\" data-element_type=\"widget\" data-e-type=\"widget\" data-widget_type=\"google_maps.default\">\n\t\t\t\t<div class=\"elementor-widget-container\">\n\t\t\t\t\t\t\t<div class=\"elementor-custom-embed\">\n\t\t\t<iframe loading=\"lazy\"\n\t\t\t\t\tsrc=\"https:\/\/maps.google.com\/maps?q=family%20holiday%20villa%20vacation&#038;t=m&#038;z=13&#038;output=embed&#038;iwloc=near\"\n\t\t\t\t\ttitle=\"Familienurlaub in einer Villa\"\n\t\t\t\t\taria-label=\"Familienurlaub in einer Villa\"\n\t\t\t><\/iframe>\n\t\t<\/div>\n\t\t\t\t\t\t<\/div>\n\t\t\t\t<\/div>\n\t\t\t\t<div class=\"elementor-element elementor-element-33da84f elementor-widget elementor-widget-html\" data-id=\"33da84f\" data-element_type=\"widget\" data-e-type=\"widget\" data-widget_type=\"html.default\">\n\t\t\t\t<div class=\"elementor-widget-container\">\n\t\t\t\t\t<h2>Entdecken Sie das einzigartige Erlebnis unseres Ferienhauses<\/h2>\n<h3><strong>Familienurlaub in einer Villa<\/strong> ist ein ger\u00e4umiges und traditionelles Haus, das Platz f\u00fcr bis zu <strong>18 Personen.<\/strong><\/h3>\n<p>Family Villa Vacation arbeitet mit Ponta Delgada Azores Rentals zusammen, Ihrer Anlaufstelle f\u00fcr Ferienwohnungen in Ponta Delgada, Azoren.<\/p>\n<h4>Das macht es zum perfekten R\u00fcckzugsort f\u00fcr <strong>Gruppenurlaube mit Familie und Freunden.<\/strong> Familienferien in Villen bieten einen unvergesslichen Aufenthalt in einer einladenden Umgebung und einem <strong>hervorragende Lage<\/strong>.<\/h4>\n\n<h3>Index<\/h3>\n<ul>\n    <li><a href=\"#unforgettable-moments\">Ein Ferienhaus f\u00fcr unvergessliche Momente<\/a><\/li>\n    <li><a href=\"#location\">Erstklassige Lage<\/a><\/li>\n    <li><a href=\"#comfort\">Komfort und durchdachtes Design<\/a><\/li>\n    <li><a href=\"#outdoors\">Atemberaubende Au\u00dfenbereiche<\/a><\/li>\n    <li><a href=\"#amenities\">Erstklassige Ausstattung f\u00fcr einen perfekten Aufenthalt<\/a><\/li>\n    <li><a href=\"#surroundings\">Was man in der N\u00e4he unternehmen kann<\/a><\/li>\n    <li><a href=\"#booking\">Jetzt buchen und es erleben!<\/a><\/li>\n<\/ul>\n<p>\n<\/p>\n\n<p>Willkommen bei <a href=\"https:\/\/pontadelgadaazoresrentals.com\/de\/ferienwohnungen-in-ponta-delgada-azoren\/reserven\/familienurlaub-in-einer-villa-in-ponta-delgada\/\"><strong>Familienurlaub in einer Villa in Ponta Delgada<\/strong><\/a>. Dies ist nicht einfach nur ein Ferienhaus; es ist ein R\u00fcckzugsort, an dem Natur und Mensch zusammenkommen, um unvergessliche Erinnerungen zu schaffen.<\/p>\n\n<p>Das nach S\u00fcden ausgerichtete Haus auf der Insel S\u00e3o Miguel besticht durch eine Architektur, die azoreanische Traditionen mit vulkanischem Basaltgestein verbindet. Hier, inmitten einer atemberaubenden Landschaft, geschieht das Unerwartete: Man erwartet wenig und wird umso mehr \u00fcberw\u00e4ltigt.<\/p>\n\n<h4 id=\"location\">Erstklassige Lage<\/h4>\n<p>Die Familienferienvilla Ponta Delgada liegt mitten im Geschehen. Deshalb befindet sie sich in der N\u00e4he der besten Attraktionen der Region.<\/p>\n<ul>\n    <li><strong>In der N\u00e4he von Hauptverkehrsstra\u00dfen<\/strong>, nur 3 Minuten von den Hauptverkehrsstra\u00dfen entfernt.<\/li>\n    <li><strong>Die Stadt Ponta Delgada<\/strong> ist nur 5 Minuten entfernt, und der Flughafen Jo\u00e3o Paulo II ist nur 15 Minuten entfernt.<\/li>\n    <li><strong>Schwarze Sandstr\u00e4nde<\/strong>, Orte, an denen Sie kristallklares Wasser genie\u00dfen k\u00f6nnen, sind nur 5 Minuten entfernt.<\/li>\n    <li><strong>Lokale M\u00e4rkte und Restaurants<\/strong> bieten authentische azoreanische Aromen.<\/li>\n<\/ul>\n\n<h4 id=\"comfort\">Familienurlaub in einer Villa in Ponta Delgada: Ein Design, das perfekt auf Sie zugeschnitten ist<\/h4>\n<p>Ausbalancieren <strong>traditionelle Architektur und nat\u00fcrliche Elemente<\/strong>, Dieses Haus schafft eine warme und authentische azoreanische Familienatmosph\u00e4re.<\/p>\n<ul>\n    <li><strong>5 ger\u00e4umige, klimatisierte Schlafzimmer<\/strong>, und gew\u00e4hrleistet so eine erholsame Ruhepause.<\/li>\n    <li><strong>Einzigartige Kunstwerke von lokalen K\u00fcnstlern<\/strong>, Dadurch wird der Besuch dieser Villa zu einem kulturellen Erlebnis.<\/li>\n    <li><strong>3 elegante Badezimmer<\/strong>, wodurch Komfort und Bequemlichkeit gew\u00e4hrleistet werden.<\/li>\n    <li><strong>Wohnzimmer mit Panoramablick<\/strong>, Perfekt f\u00fcr gemeinsame Familienmomente und k\u00f6stliche Mahlzeiten.<\/li>\n    <li><strong>Voll ausgestattete K\u00fcche<\/strong>, Ideal f\u00fcr die Zubereitung frischer, regionaler Produkte.<\/li>\n<\/ul>\n\n<h4 id=\"outdoors\">Atemberaubende Au\u00dfenbereiche: Entspannen und inspirieren lassen<\/h4>\n<p>Der Au\u00dfenbereich dieser Villa ist wirklich spektakul\u00e4r.<\/p>\n<ul>\n    <li><strong>Ein \u00fcppiger Garten<\/strong>, bietet frische Luft und Ruhe.<\/li>\n    <li><strong>L\u00e4ndliche und ozeanische Ausblicke<\/strong>, und bietet so eine unglaubliche Landschaft.<\/li>\n    <li><strong>Essbereich im Freien<\/strong> mit einem Grill, perfekt f\u00fcr besondere Momente.<\/li>\n<\/ul>\n\n<h4 id=\"amenities\">Details, die den Unterschied machen: Erstklassige Ausstattung<\/h4>\n<p>Alles wurde so gestaltet, dass Ihr Aufenthalt so angenehm wie m\u00f6glich ist.<\/p>\n<ul>\n    <li><strong>Hochgeschwindigkeits-WLAN<\/strong>, damit Sie jederzeit in Verbindung bleiben.<\/li>\n    <li><strong>Klimaanlage und Heizung<\/strong>, und sorgt so f\u00fcr ein perfektes Raumklima.<\/li>\n    <li><strong>Privatparkplatz<\/strong>, wodurch Sicherheit und Komfort gew\u00e4hrleistet werden.<\/li>\n<\/ul>\n\n<h4 id=\"surroundings\">Unvergessliche Erlebnisse: Erkunden Sie die Umgebung<\/h4>\n<ul>\n    <li><strong>Bootstouren<\/strong> um die atemberaubende K\u00fcste der Azoren zu erkunden.<\/li>\n    <li><a href=\"https:\/\/repositorio.uac.pt\/entities\/publication\/11b77244-85b2-443e-9a55-c79d3626907b\" target=\"_blank\" rel=\"noopener\"><strong>Walbeobachtung<\/strong><\/a>, ein einmaliges Erlebnis.<\/li>\n    <li><strong>Weinproben und lokale Gastronomie<\/strong>, eintauchen in authentische azoreanische Aromen.<\/li>\n<\/ul>\n\n<h5 id=\"booking\">Jetzt buchen und es erleben!<\/h5>\n<p>Bei <strong>Ponta Delgada Azoren Ferienwohnungen<\/strong>, Jeder Partner wurde so ausgew\u00e4hlt, dass er Ihre Erwartungen \u00fcbertrifft. <strong>Sie haben wenig erwartet? Sie bekommen viel mehr.<\/strong><\/p>\n<p>\ud83d\udce9 <strong>Kontaktieren Sie uns f\u00fcr weitere Informationen oder buchen Sie Ihren Aufenthalt jetzt!<\/strong><\/p>\n\t\t\t\t<\/div>\n\t\t\t\t<\/div>\n\t\t\t\t\t<\/div>\n\t\t\t\t<\/div>\n\t\t<div class=\"elementor-element elementor-element-34b6eb9 e-flex e-con-boxed e-con e-parent\" data-id=\"34b6eb9\" data-element_type=\"container\" data-e-type=\"container\">\n\t\t\t\t\t<div class=\"e-con-inner\">\n\t\t\t\t<div class=\"elementor-element elementor-element-e1d0e26 elementor-arrows-position-inside elementor-pagination-position-outside elementor-widget elementor-widget-image-carousel\" data-id=\"e1d0e26\" data-element_type=\"widget\" data-e-type=\"widget\" data-settings=\"{&quot;slides_to_show&quot;:&quot;3&quot;,&quot;navigation&quot;:&quot;both&quot;,&quot;autoplay&quot;:&quot;yes&quot;,&quot;pause_on_hover&quot;:&quot;yes&quot;,&quot;pause_on_interaction&quot;:&quot;yes&quot;,&quot;autoplay_speed&quot;:5000,&quot;infinite&quot;:&quot;yes&quot;,&quot;speed&quot;:500}\" data-widget_type=\"image-carousel.default\">\n\t\t\t\t<div class=\"elementor-widget-container\">\n\t\t\t\t\t\t\t<div class=\"elementor-image-carousel-wrapper swiper\" role=\"region\" aria-roledescription=\"carousel\" aria-label=\"Bilderkarussell\" dir=\"ltr\">\n\t\t\t<div class=\"elementor-image-carousel swiper-wrapper\" aria-live=\"off\">\n\t\t\t\t\t\t\t\t<div class=\"swiper-slide\" role=\"group\" aria-roledescription=\"slide\" aria-label=\"1 von 5\"><a data-elementor-open-lightbox=\"yes\" data-elementor-lightbox-slideshow=\"e1d0e26\" data-elementor-lightbox-title=\"living-room-fireplace-dining-sao-miguel-azores-villa\" data-elementor-lightbox-description=\"Cozy living room with fireplace, rustic art and dining area in the vacation home in S\u00e3o Miguel\" data-e-action-hash=\"#elementor-action%3Aaction%3Dlightbox%26settings%3DeyJpZCI6MTAyNywidXJsIjoiaHR0cHM6XC9cL3BvbnRhZGVsZ2FkYWF6b3Jlc3JlbnRhbHMuY29tXC93cC1jb250ZW50XC91cGxvYWRzXC8yMDI1XC8wM1wvbGl2aW5nLXJvb20tZmlyZXBsYWNlLWRpbmluZy1zYW8tbWlndWVsLWF6b3Jlcy12aWxsYS0xLndlYnAiLCJzbGlkZXNob3ciOiJlMWQwZTI2In0%3D\" href=\"https:\/\/pontadelgadaazoresrentals.com\/wp-content\/uploads\/2025\/03\/living-room-fireplace-dining-sao-miguel-azores-villa-1.webp\"><figure class=\"swiper-slide-inner\"><img decoding=\"async\" class=\"swiper-slide-image\" src=\"https:\/\/pontadelgadaazoresrentals.com\/wp-content\/uploads\/elementor\/thumbs\/living-room-fireplace-dining-sao-miguel-azores-villa-1-r2z0br5ydsj70l0tdpmtzx8sk2vcts99hm1cnm56jc.webp\" alt=\"Ger\u00e4umiges Wohnzimmer mit Kamin, rustikaler Holzkunstinstallation, Esstisch und Fernseher im Ferienhaus S\u00e3o Miguel Ponta Delgada\" \/><\/figure><\/a><\/div><div class=\"swiper-slide\" role=\"group\" aria-roledescription=\"slide\" aria-label=\"2 von 5\"><a data-elementor-open-lightbox=\"yes\" data-elementor-lightbox-slideshow=\"e1d0e26\" data-elementor-lightbox-title=\"garden-terrace-hydrangeas-palm-sao-miguel-azores-rental\" data-elementor-lightbox-description=\"Exuberant garden with typical Azorean hydrangeas and palm trees at the vacation property in S\u00e3o Miguel\" data-e-action-hash=\"#elementor-action%3Aaction%3Dlightbox%26settings%3DeyJpZCI6MTAyNiwidXJsIjoiaHR0cHM6XC9cL3BvbnRhZGVsZ2FkYWF6b3Jlc3JlbnRhbHMuY29tXC93cC1jb250ZW50XC91cGxvYWRzXC8yMDI1XC8wM1wvZ2FyZGVuLXRlcnJhY2UtaHlkcmFuZ2Vhcy1wYWxtLXNhby1taWd1ZWwtYXpvcmVzLXJlbnRhbC0xLndlYnAiLCJzbGlkZXNob3ciOiJlMWQwZTI2In0%3D\" href=\"https:\/\/pontadelgadaazoresrentals.com\/wp-content\/uploads\/2025\/03\/garden-terrace-hydrangeas-palm-sao-miguel-azores-rental-1.webp\"><figure class=\"swiper-slide-inner\"><img decoding=\"async\" class=\"swiper-slide-image\" src=\"https:\/\/pontadelgadaazoresrentals.com\/wp-content\/uploads\/elementor\/thumbs\/garden-terrace-hydrangeas-palm-sao-miguel-azores-rental-1-r2z071160s2an5vxz63cym6d1c5x4khui7ygsj5ftk.webp\" alt=\"\u00dcppige Gartenterrasse mit Palmen, Hortensien und Steinwegen in der Familienferienvilla auf S\u00e3o Miguel, Azoren\" \/><\/figure><\/a><\/div><div class=\"swiper-slide\" role=\"group\" aria-roledescription=\"slide\" aria-label=\"3 von 5\"><a data-elementor-open-lightbox=\"yes\" data-elementor-lightbox-slideshow=\"e1d0e26\" data-elementor-lightbox-title=\"bedroom with double bed and single bed, Azores family holiday villa\" data-elementor-lightbox-description=\"Triple bedroom with double bed and single bed, colorful decor perfect for families vacationing in the Azores\" data-e-action-hash=\"#elementor-action%3Aaction%3Dlightbox%26settings%3DeyJpZCI6MTAyNSwidXJsIjoiaHR0cHM6XC9cL3BvbnRhZGVsZ2FkYWF6b3Jlc3JlbnRhbHMuY29tXC93cC1jb250ZW50XC91cGxvYWRzXC8yMDI1XC8wM1wvdHJpcGxlLWJlZHJvb20tY29sb3JmdWwtc2FvLW1pZ3VlbC1hem9yZXMtdmFjYXRpb24tcmVudGFsLTEtc2NhbGVkLndlYnAiLCJzbGlkZXNob3ciOiJlMWQwZTI2In0%3D\" href=\"https:\/\/pontadelgadaazoresrentals.com\/wp-content\/uploads\/2025\/03\/triple-bedroom-colorful-sao-miguel-azores-vacation-rental-1-scaled.webp\"><figure class=\"swiper-slide-inner\"><img decoding=\"async\" class=\"swiper-slide-image\" src=\"https:\/\/pontadelgadaazoresrentals.com\/wp-content\/uploads\/elementor\/thumbs\/triple-bedroom-colorful-sao-miguel-azores-vacation-rental-1-scaled-r2yzsxgbi8rghqd8b2otk69g99npo0iskfo9n4215k.webp\" alt=\"Helles Dreibettzimmer mit Doppelbett und Einzelbett, farbenfroher Bettw\u00e4sche und gelben W\u00e4nden in einer Familienferienvilla auf S\u00e3o Miguel, Azoren\" \/><\/figure><\/a><\/div><div class=\"swiper-slide\" role=\"group\" aria-roledescription=\"slide\" aria-label=\"4 von 5\"><a data-elementor-open-lightbox=\"yes\" data-elementor-lightbox-slideshow=\"e1d0e26\" data-elementor-lightbox-title=\"triple-bedroom-colorful-sao-miguel-azores-vacation-rental\" data-e-action-hash=\"#elementor-action%3Aaction%3Dlightbox%26settings%3DeyJpZCI6MTAyMywidXJsIjoiaHR0cHM6XC9cL3BvbnRhZGVsZ2FkYWF6b3Jlc3JlbnRhbHMuY29tXC93cC1jb250ZW50XC91cGxvYWRzXC8yMDI1XC8wM1wvdHJpcGxlLWJlZHJvb20tY29sb3JmdWwtc2FvLW1pZ3VlbC1hem9yZXMtdmFjYXRpb24tcmVudGFsLXNjYWxlZC5qcGciLCJzbGlkZXNob3ciOiJlMWQwZTI2In0%3D\" href=\"https:\/\/pontadelgadaazoresrentals.com\/wp-content\/uploads\/2025\/03\/triple-bedroom-colorful-sao-miguel-azores-vacation-rental-scaled.jpg\"><figure class=\"swiper-slide-inner\"><img decoding=\"async\" class=\"swiper-slide-image\" src=\"https:\/\/pontadelgadaazoresrentals.com\/wp-content\/uploads\/elementor\/thumbs\/triple-bedroom-colorful-sao-miguel-azores-vacation-rental-scaled-rlqftwk26duk74gxll6blud2wvyxq2fn26rxhxw120.jpg\" alt=\"Dreizimmer-Ferienwohnung in farbenfrohem S\u00e3o Miguel auf den Azoren\" \/><\/figure><\/a><\/div><div class=\"swiper-slide\" role=\"group\" aria-roledescription=\"slide\" aria-label=\"5 von 5\"><a data-elementor-open-lightbox=\"yes\" data-elementor-lightbox-slideshow=\"e1d0e26\" data-elementor-lightbox-title=\"outdoor-barbecue-dining-area-sao-miguel-azores-vacation-rental\" data-elementor-lightbox-description=\"barbecue, Portuguese tiles, outdoor dining, Azores accommodation, S\u00e3o Miguel vacation\" data-e-action-hash=\"#elementor-action%3Aaction%3Dlightbox%26settings%3DeyJpZCI6MTAxOCwidXJsIjoiaHR0cHM6XC9cL3BvbnRhZGVsZ2FkYWF6b3Jlc3JlbnRhbHMuY29tXC93cC1jb250ZW50XC91cGxvYWRzXC8yMDI1XC8wM1wvb3V0ZG9vci1iYXJiZWN1ZS1kaW5pbmctYXJlYS1zYW8tbWlndWVsLWF6b3Jlcy12YWNhdGlvbi1yZW50YWwtc2NhbGVkLndlYnAiLCJzbGlkZXNob3ciOiJlMWQwZTI2In0%3D\" href=\"https:\/\/pontadelgadaazoresrentals.com\/wp-content\/uploads\/2025\/03\/outdoor-barbecue-dining-area-sao-miguel-azores-vacation-rental-scaled.webp\"><figure class=\"swiper-slide-inner\"><img decoding=\"async\" class=\"swiper-slide-image\" src=\"https:\/\/pontadelgadaazoresrentals.com\/wp-content\/uploads\/elementor\/thumbs\/outdoor-barbecue-dining-area-sao-miguel-azores-vacation-rental-scaled-r2yzdcao65f9yj0cbu4jplv9m8hl0pn1fa7e4x62c8.webp\" alt=\"Traditioneller Essbereich im Freien mit Grill, portugiesischen blauen Fliesenw\u00e4nden, buntem Geschirr und Zugang zum Garten in der Ferienvilla auf den Azoren in S\u00e3o Miguel\" \/><\/figure><\/a><\/div>\t\t\t<\/div>\n\t\t\t\t\t\t\t\t\t\t\t\t<div class=\"elementor-swiper-button elementor-swiper-button-prev\" role=\"button\" tabindex=\"0\">\n\t\t\t\t\t\t<svg aria-hidden=\"true\" class=\"e-font-icon-svg e-eicon-chevron-left\" viewbox=\"0 0 1000 1000\" xmlns=\"http:\/\/www.w3.org\/2000\/svg\"><path d=\"M646 125C629 125 613 133 604 142L308 442C296 454 292 471 292 487 292 504 296 521 308 533L604 854C617 867 629 875 646 875 663 875 679 871 692 858 704 846 713 829 713 812 713 796 708 779 692 767L438 487 692 225C700 217 708 204 708 187 708 171 704 154 692 142 675 129 663 125 646 125Z\"><\/path><\/svg>\t\t\t\t\t<\/div>\n\t\t\t\t\t<div class=\"elementor-swiper-button elementor-swiper-button-next\" role=\"button\" tabindex=\"0\">\n\t\t\t\t\t\t<svg aria-hidden=\"true\" class=\"e-font-icon-svg e-eicon-chevron-right\" viewbox=\"0 0 1000 1000\" xmlns=\"http:\/\/www.w3.org\/2000\/svg\"><path d=\"M696 533C708 521 713 504 713 487 713 471 708 454 696 446L400 146C388 133 375 125 354 125 338 125 325 129 313 142 300 154 292 171 292 187 292 204 296 221 308 233L563 492 304 771C292 783 288 800 288 817 288 833 296 850 308 863 321 871 338 875 354 875 371 875 388 867 400 854L696 533Z\"><\/path><\/svg>\t\t\t\t\t<\/div>\n\t\t\t\t\n\t\t\t\t\t\t\t\t\t<div class=\"swiper-pagination\"><\/div>\n\t\t\t\t\t\t\t\t\t<\/div>\n\t\t\t\t\t\t<\/div>\n\t\t\t\t<\/div>\n\t\t\t\t\t<\/div>\n\t\t\t\t<\/div>\n\t\t\t\t<\/div>","protected":false},"excerpt":{"rendered":"<p>Family Villa Vacation arbeitet mit Ponta Delgada Azores Rentals zusammen, Ihrer Anlaufstelle f\u00fcr Ferienwohnungen in Ponta Delgada, Azoren.<\/p>\n<h4>Das macht es zum perfekten R\u00fcckzugsort f\u00fcr <strong>Gruppenurlaube mit Familie und Freunden.<\/strong> Familienferien in Villen bieten einen unvergesslichen Aufenthalt in einer einladenden Umgebung und einem <strong>hervorragende Lage<\/strong>.<\/h4>\n<h3>Index<\/h3>\n<ul>\n<li><a href=\"#unforgettable-moments\">Ein Ferienhaus f\u00fcr unvergessliche Momente<\/a><\/li>\n<li><a href=\"#location\">Erstklassige Lage<\/a><\/li>\n<li><a href=\"#comfort\">Komfort und durchdachtes Design<\/a><\/li>\n<li><a href=\"#outdoors\">Atemberaubende Au\u00dfenbereiche<\/a><\/li>\n<li><a href=\"#amenities\">Erstklassige Ausstattung f\u00fcr einen perfekten Aufenthalt<\/a><\/li>\n<li><a href=\"#surroundings\">Was man in der N\u00e4he unternehmen kann<\/a><\/li>\n<li><a href=\"#booking\">Jetzt buchen und es erleben!<\/a><\/li>\n<\/ul>\n<p>&nbsp;<\/p>\n<p>Willkommen bei <a href=\"https:\/\/pontadelgadaazoresrentals.com\/de\/ferienwohnungen-in-ponta-delgada-azoren\/reserven\/familienurlaub-in-einer-villa-in-ponta-delgada\/\"><strong>Familienurlaub in einer Villa in Ponta Delgada<\/strong><\/a>. Dies ist nicht einfach nur ein Ferienhaus; es ist ein R\u00fcckzugsort, an dem Natur und Mensch zusammenkommen, um unvergessliche Erinnerungen zu schaffen.<\/p>","protected":false},"author":4,"featured_media":0,"parent":464,"menu_order":0,"comment_status":"closed","ping_status":"closed","template":"","meta":{"footnotes":""},"class_list":["post-531","page","type-page","status-publish","hentry"],"_links":{"self":[{"href":"https:\/\/pontadelgadaazoresrentals.com\/de\/wp-json\/wp\/v2\/pages\/531","targetHints":{"allow":["GET"]}}],"collection":[{"href":"https:\/\/pontadelgadaazoresrentals.com\/de\/wp-json\/wp\/v2\/pages"}],"about":[{"href":"https:\/\/pontadelgadaazoresrentals.com\/de\/wp-json\/wp\/v2\/types\/page"}],"author":[{"embeddable":true,"href":"https:\/\/pontadelgadaazoresrentals.com\/de\/wp-json\/wp\/v2\/users\/4"}],"replies":[{"embeddable":true,"href":"https:\/\/pontadelgadaazoresrentals.com\/de\/wp-json\/wp\/v2\/comments?post=531"}],"version-history":[{"count":131,"href":"https:\/\/pontadelgadaazoresrentals.com\/de\/wp-json\/wp\/v2\/pages\/531\/revisions"}],"predecessor-version":[{"id":1721,"href":"https:\/\/pontadelgadaazoresrentals.com\/de\/wp-json\/wp\/v2\/pages\/531\/revisions\/1721"}],"up":[{"embeddable":true,"href":"https:\/\/pontadelgadaazoresrentals.com\/de\/wp-json\/wp\/v2\/pages\/464"}],"wp:attachment":[{"href":"https:\/\/pontadelgadaazoresrentals.com\/de\/wp-json\/wp\/v2\/media?parent=531"}],"curies":[{"name":"wp","href":"https:\/\/api.w.org\/{rel}","templated":true}]}}