{"id":23,"date":"2024-03-07T16:34:04","date_gmt":"2024-03-07T16:34:04","guid":{"rendered":"https:\/\/pontadelgadaazoresrentals.com\/gallery\/"},"modified":"2026-04-14T01:54:20","modified_gmt":"2026-04-14T01:54:20","slug":"about-us","status":"publish","type":"page","link":"https:\/\/pontadelgadaazoresrentals.com\/en\/ponta-delgada-azores-rentals\/about-us\/","title":{"rendered":"About Us"},"content":{"rendered":"\t\t<div data-elementor-type=\"wp-page\" data-elementor-id=\"23\" class=\"elementor elementor-23\">\n\t\t\t\t<div class=\"elementor-element elementor-element-3d9539b e-flex e-con-boxed e-con e-parent\" data-id=\"3d9539b\" data-element_type=\"container\" data-e-type=\"container\">\n\t\t\t\t\t<div class=\"e-con-inner\">\n\t\t\t\t<div class=\"elementor-element elementor-element-bcfd9c1 elementor-widget elementor-widget-image\" data-id=\"bcfd9c1\" data-element_type=\"widget\" data-e-type=\"widget\" data-widget_type=\"image.default\">\n\t\t\t\t<div class=\"elementor-widget-container\">\n\t\t\t\t\t\t\t\t\t\t\t\t\t\t\t<img fetchpriority=\"high\" decoding=\"async\" width=\"1842\" height=\"562\" src=\"https:\/\/pontadelgadaazoresrentals.com\/wp-content\/uploads\/2026\/04\/hero-banner-whales-sanctuary-ponta-delgada-azores-rentals.png\" class=\"attachment-full size-full wp-image-1995\" alt=\"Strategic hero banner showing sperm whales resting vertically in the Azores blue ocean, representing the peace and sanctuary offered by Ponta Delgada Azores Rentals. PT: Banner principal estrat\u00e9gico mostrando cachalotes a descansar verticalmente no oceano azul dos A\u00e7ores, representando a paz e o santu\u00e1rio oferecidos pela Ponta Delgada Azores Rentals\" srcset=\"https:\/\/pontadelgadaazoresrentals.com\/wp-content\/uploads\/2026\/04\/hero-banner-whales-sanctuary-ponta-delgada-azores-rentals.png 1842w, https:\/\/pontadelgadaazoresrentals.com\/wp-content\/uploads\/2026\/04\/hero-banner-whales-sanctuary-ponta-delgada-azores-rentals-300x92.png 300w, https:\/\/pontadelgadaazoresrentals.com\/wp-content\/uploads\/2026\/04\/hero-banner-whales-sanctuary-ponta-delgada-azores-rentals-1024x312.png 1024w, https:\/\/pontadelgadaazoresrentals.com\/wp-content\/uploads\/2026\/04\/hero-banner-whales-sanctuary-ponta-delgada-azores-rentals-768x234.png 768w, https:\/\/pontadelgadaazoresrentals.com\/wp-content\/uploads\/2026\/04\/hero-banner-whales-sanctuary-ponta-delgada-azores-rentals-1536x469.png 1536w, https:\/\/pontadelgadaazoresrentals.com\/wp-content\/uploads\/2026\/04\/hero-banner-whales-sanctuary-ponta-delgada-azores-rentals-18x5.png 18w\" sizes=\"(max-width: 1842px) 100vw, 1842px\" \/>\t\t\t\t\t\t\t\t\t\t\t\t\t\t\t<\/div>\n\t\t\t\t<\/div>\n\t\t\t\t\t<\/div>\n\t\t\t\t<\/div>\n\t\t<div class=\"elementor-element elementor-element-3e93525 e-flex e-con-boxed e-con e-parent\" data-id=\"3e93525\" data-element_type=\"container\" data-e-type=\"container\">\n\t\t\t\t\t<div class=\"e-con-inner\">\n\t\t\t\t<div class=\"elementor-element elementor-element-91f0fb3 elementor-widget elementor-widget-heading\" data-id=\"91f0fb3\" data-element_type=\"widget\" data-e-type=\"widget\" data-widget_type=\"heading.default\">\n\t\t\t\t<div class=\"elementor-widget-container\">\n\t\t\t\t\t<h3 class=\"elementor-heading-title elementor-size-default\">Local Expertise &amp; Your Sanctuary in Ponta Delgada\n<\/h3>\t\t\t\t<\/div>\n\t\t\t\t<\/div>\n\t\t\t\t\t<\/div>\n\t\t\t\t<\/div>\n\t\t<div class=\"elementor-element elementor-element-6ee4fe0 e-flex e-con-boxed e-con e-parent\" data-id=\"6ee4fe0\" data-element_type=\"container\" data-e-type=\"container\">\n\t\t\t\t\t<div class=\"e-con-inner\">\n\t\t\t\t<div class=\"elementor-element elementor-element-0f44305 elementor-widget elementor-widget-text-editor\" data-id=\"0f44305\" data-element_type=\"widget\" data-e-type=\"widget\" data-widget_type=\"text-editor.default\">\n\t\t\t\t<div class=\"elementor-widget-container\">\n\t\t\t\t\t\t\t\t\t<p style=\"font-size: 1.1rem; line-height: 1.6; color: #444;\">We are more than just an accommodation provider; we are your local partners in the Azores. As a dedicated <strong>Google Local Guide<\/strong> with deep roots in S\u00e3o Miguel, our mission is to offer a true sanctuary for travelers.<\/p><p style=\"font-size: 1.1rem; line-height: 1.6; color: #444;\">From the spacious <a href=\"https:\/\/pontadelgadaazoresrentals.com\/ponta-delgada-azores-rentals\/reservas\/family-holiday-villa-vacation-ponta-delgada\/\">Family Holiday Villa Vacation<\/a> or <a href=\"https:\/\/pontadelgadaazoresrentals.com\/ponta-delgada-azores-rentals\/reservas\/ponta-delgada-apartament-t3\/\">Ponta Delgada Apartment T3<\/a>, both ideal for families, to our traditional <a href=\"https:\/\/pontadelgadaazoresrentals.com\/ponta-delgada-azores-rentals\/reservas\/guest-house-ponta-delgada\/\">Guest House da Faj\u00e3<\/a>, every detail is designed for comfort and authenticity.<\/p><p style=\"font-size: 1.1rem; line-height: 1.6; color: #444;\">We believe that a perfect stay combines the peace of a private retreat with the insider knowledge only a local can provide. Whether it\u2019s finding the <a href=\"https:\/\/pontadelgadaazoresrentals.com\/car-rental-guide-local-tips\/\"><strong>best car rental<\/strong><\/a> or discovering a hidden garden, we are here to ensure you experience the best of Ponta Delgada, just like a local.<\/p>\t\t\t\t\t\t\t\t<\/div>\n\t\t\t\t<\/div>\n\t\t\t\t\t<\/div>\n\t\t\t\t<\/div>\n\t\t<div class=\"elementor-element elementor-element-f474d9e e-flex e-con-boxed e-con e-parent\" data-id=\"f474d9e\" data-element_type=\"container\" data-e-type=\"container\">\n\t\t\t\t\t<div class=\"e-con-inner\">\n\t\t<div class=\"elementor-element elementor-element-64d2fa8 e-con-full e-flex e-con e-child\" data-id=\"64d2fa8\" data-element_type=\"container\" data-e-type=\"container\">\n\t\t<div class=\"elementor-element elementor-element-604b38f e-grid e-con-full e-con e-child\" data-id=\"604b38f\" data-element_type=\"container\" data-e-type=\"container\">\n\t\t\t\t<div class=\"elementor-element elementor-element-fdd9f05 elementor-widget elementor-widget-text-editor\" data-id=\"fdd9f05\" data-element_type=\"widget\" data-e-type=\"widget\" data-widget_type=\"text-editor.default\">\n\t\t\t\t<div class=\"elementor-widget-container\">\n\t\t\t\t\t\t\t\t\t<h3 class=\"wp-block-heading has-text-align-left has-primary-color has-text-color has-large-font-size\">\u00a0<strong>+10<\/strong><\/h3><h3 class=\"wp-block-heading has-text-align-left\"><strong>Years in Business<\/strong><\/h3><p class=\"has-text-align-left\">We have been providing exceptional vacation rentals for over 10 years, ensuring memorable experiences for our guests.<\/p>\t\t\t\t\t\t\t\t<\/div>\n\t\t\t\t<\/div>\n\t\t\t\t<div class=\"elementor-element elementor-element-5c7d087 elementor-widget elementor-widget-text-editor\" data-id=\"5c7d087\" data-element_type=\"widget\" data-e-type=\"widget\" data-widget_type=\"text-editor.default\">\n\t\t\t\t<div class=\"elementor-widget-container\">\n\t\t\t\t\t\t\t\t\t<h3 class=\"wp-block-heading has-text-align-left has-primary-color has-text-color has-large-font-size\"><strong class=\"Yjhzub\" style=\"font-size: px;\" data-sfc-root=\"c\" data-sfc-cb=\"\" data-complete=\"true\">500+ <\/strong><\/h3>\n<h3 class=\"wp-block-heading has-text-align-left has-primary-color has-text-color has-large-font-size\"><strong class=\"Yjhzub\" style=\"font-size: px;\" data-sfc-root=\"c\" data-sfc-cb=\"\" data-complete=\"true\">Stays Completed<\/strong><\/h3>\n<div class=\"Y3BBE\" data-sfc-cp=\"\" data-sfc-root=\"c\" data-sfc-cb=\"\" data-hveid=\"CAEIAhAB\" data-complete=\"true\"><strong class=\"Yjhzub\" data-sfc-root=\"c\" data-sfc-cb=\"\" data-complete=\"true\">Unforgettable Escapes in S\u00e3o Miguel<\/strong><br data-sfc-root=\"c\" data-sfc-pl=\"|[]\" data-sfc-cb=\"\" data-complete=\"true\" \/>With over 500 stays and a\u00a0<strong class=\"Yjhzub\" data-sfc-root=\"c\" data-sfc-cb=\"\" data-complete=\"true\">Fabulous<\/strong>\u00a0rating, our guests\u2019 satisfaction reflects our commitment to exceptional service.<\/div>\n<p class=\"has-text-align-left has-small-font-size\">\u00a0<\/p>\n<p class=\"has-text-align-left has-small-font-size\">\u00a0<\/p>\t\t\t\t\t\t\t\t<\/div>\n\t\t\t\t<\/div>\n\t\t\t\t<\/div>\n\t\t\t\t<\/div>\n\t\t<div class=\"elementor-element elementor-element-9d7bd22 e-con-full e-flex e-con e-child\" data-id=\"9d7bd22\" data-element_type=\"container\" data-e-type=\"container\">\n\t\t\t\t<div class=\"elementor-element elementor-element-3a2151c elementor-widget elementor-widget-image\" data-id=\"3a2151c\" data-element_type=\"widget\" data-e-type=\"widget\" data-widget_type=\"image.default\">\n\t\t\t\t<div class=\"elementor-widget-container\">\n\t\t\t\t\t\t\t\t\t\t\t\t<figure class=\"wp-caption\">\n\t\t\t\t\t\t\t\t\t\t\t<a href=\"https:\/\/www.google.com\/maps\/contrib\/113298970049589776631\/reviews\/@38.396484,-20.0412065,1955065m\/data=!3m2!1e3!4b1!4m3!8m2!3m1!1e1?entry=ttu&#038;g_ep=EgoyMDI2MDQwOC4wIKXMDSoASAFQAw%3D%3D\">\n\t\t\t\t\t\t\t<img decoding=\"async\" width=\"300\" height=\"300\" src=\"https:\/\/pontadelgadaazoresrentals.com\/wp-content\/uploads\/2024\/03\/Mario_Feijoca_Business_Owner_PontaDelgadaRentalsAzores-300x300.jpg\" class=\"attachment-medium size-medium wp-image-47\" alt=\"\" srcset=\"https:\/\/pontadelgadaazoresrentals.com\/wp-content\/uploads\/2024\/03\/Mario_Feijoca_Business_Owner_PontaDelgadaRentalsAzores-300x300.jpg 300w, https:\/\/pontadelgadaazoresrentals.com\/wp-content\/uploads\/2024\/03\/Mario_Feijoca_Business_Owner_PontaDelgadaRentalsAzores-100x100.jpg 100w, https:\/\/pontadelgadaazoresrentals.com\/wp-content\/uploads\/2024\/03\/Mario_Feijoca_Business_Owner_PontaDelgadaRentalsAzores-600x600.jpg 600w, https:\/\/pontadelgadaazoresrentals.com\/wp-content\/uploads\/2024\/03\/Mario_Feijoca_Business_Owner_PontaDelgadaRentalsAzores-150x150.jpg 150w, https:\/\/pontadelgadaazoresrentals.com\/wp-content\/uploads\/2024\/03\/Mario_Feijoca_Business_Owner_PontaDelgadaRentalsAzores-768x768.jpg 768w, https:\/\/pontadelgadaazoresrentals.com\/wp-content\/uploads\/2024\/03\/Mario_Feijoca_Business_Owner_PontaDelgadaRentalsAzores.jpg 900w\" sizes=\"(max-width: 300px) 100vw, 300px\" \/>\t\t\t\t\t\t\t\t<\/a>\n\t\t\t\t\t\t\t\t\t\t\t<figcaption class=\"widget-image-caption wp-caption-text\">Owner and Google Local Guide<\/figcaption>\n\t\t\t\t\t\t\t\t\t\t<\/figure>\n\t\t\t\t\t\t\t\t\t<\/div>\n\t\t\t\t<\/div>\n\t\t\t\t<\/div>\n\t\t<div class=\"elementor-element elementor-element-8f608d5 e-con-full e-flex e-con e-child\" data-id=\"8f608d5\" data-element_type=\"container\" data-e-type=\"container\">\n\t\t\t\t<div class=\"elementor-element elementor-element-44867c9 elementor-widget elementor-widget-image\" data-id=\"44867c9\" data-element_type=\"widget\" data-e-type=\"widget\" data-widget_type=\"image.default\">\n\t\t\t\t<div class=\"elementor-widget-container\">\n\t\t\t\t\t\t\t\t\t\t\t\t<figure class=\"wp-caption\">\n\t\t\t\t\t\t\t\t\t\t<img decoding=\"async\" width=\"300\" height=\"300\" src=\"https:\/\/pontadelgadaazoresrentals.com\/wp-content\/uploads\/2024\/03\/bruna-300x300.jpg\" class=\"attachment-medium size-medium wp-image-45\" alt=\"\" srcset=\"https:\/\/pontadelgadaazoresrentals.com\/wp-content\/uploads\/2024\/03\/bruna-300x300.jpg 300w, https:\/\/pontadelgadaazoresrentals.com\/wp-content\/uploads\/2024\/03\/bruna-100x100.jpg 100w, https:\/\/pontadelgadaazoresrentals.com\/wp-content\/uploads\/2024\/03\/bruna-150x150.jpg 150w, https:\/\/pontadelgadaazoresrentals.com\/wp-content\/uploads\/2024\/03\/bruna.jpg 315w\" sizes=\"(max-width: 300px) 100vw, 300px\" \/>\t\t\t\t\t\t\t\t\t\t\t<figcaption class=\"widget-image-caption wp-caption-text\">Bruna Business Assistant<\/figcaption>\n\t\t\t\t\t\t\t\t\t\t<\/figure>\n\t\t\t\t\t\t\t\t\t<\/div>\n\t\t\t\t<\/div>\n\t\t\t\t<\/div>\n\t\t<div class=\"elementor-element elementor-element-6bb9d10 e-con-full e-flex e-con e-child\" data-id=\"6bb9d10\" data-element_type=\"container\" data-e-type=\"container\">\n\t\t<div class=\"elementor-element elementor-element-d21a8ed e-grid e-con-full e-con e-child\" data-id=\"d21a8ed\" data-element_type=\"container\" data-e-type=\"container\">\n\t\t\t\t<div class=\"elementor-element elementor-element-bbbb3c6 elementor-widget elementor-widget-text-editor\" data-id=\"bbbb3c6\" data-element_type=\"widget\" data-e-type=\"widget\" data-widget_type=\"text-editor.default\">\n\t\t\t\t<div class=\"elementor-widget-container\">\n\t\t\t\t\t\t\t\t\t<h3 class=\"wp-block-heading has-text-align-left has-primary-color has-text-color has-large-font-size\"><strong>5,000+<\/strong><\/h3><p class=\"Y3BBE\" data-sfc-root=\"c\" data-hveid=\"CAEIAxAB\" data-complete=\"true\"><strong class=\"Yjhzub\" data-sfc-root=\"c\" data-sfc-cb=\"\" data-complete=\"true\">Guests Welcomed<\/strong><br data-sfc-root=\"c\" data-sfc-pl=\"|[]\" data-sfc-cb=\"\" data-complete=\"true\" \/>Over 5,000 guests have trusted us for their S\u00e3o Miguel retreat. Discover why our properties for groups and families consistently earn a\u00a0<strong class=\"Yjhzub\" data-sfc-root=\"c\" data-sfc-cb=\"\" data-complete=\"true\">Fabulous<\/strong> rating.<\/p><div class=\"Fsg96\" data-sfc-cp=\"\" data-sfc-root=\"c\" data-sfc-cb=\"\" data-complete=\"true\" data-processed=\"true\">\u00a0<\/div>\t\t\t\t\t\t\t\t<\/div>\n\t\t\t\t<\/div>\n\t\t\t\t<div class=\"elementor-element elementor-element-0587945 elementor-widget elementor-widget-text-editor\" data-id=\"0587945\" data-element_type=\"widget\" data-e-type=\"widget\" data-widget_type=\"text-editor.default\">\n\t\t\t\t<div class=\"elementor-widget-container\">\n\t\t\t\t\t\t\t\t\t<h3 class=\"wp-block-heading has-text-align-left has-primary-color has-text-color has-large-font-size\"><strong>100%<\/strong><\/h3><h3><strong>Guest Commitment<\/strong><\/h3><p>We value your privacy and offer a fully independent stay without any intrusion. Consider us your\u00a0<strong class=\"Yjhzub\" data-sfc-root=\"c\" data-sfc-cb=\"\" data-complete=\"true\">&#8220;silent friend&#8221;<\/strong>\u00a0\u2014 always in the background, but just a message or a phone call away whenever you need us.<\/p>\t\t\t\t\t\t\t\t<\/div>\n\t\t\t\t<\/div>\n\t\t\t\t<\/div>\n\t\t\t\t<\/div>\n\t\t\t\t\t<\/div>\n\t\t\t\t<\/div>\n\t\t\t\t<\/div>\n\t\t","protected":false},"excerpt":{"rendered":"<p>Local Expertise &amp; Your Sanctuary in Ponta Delgada We are more than just an accommodation provider; we are your local partners in the Azores. As a dedicated Google Local Guide with deep roots in S\u00e3o Miguel, our mission is to offer a true sanctuary for travelers. From the spacious Family Holiday Villa Vacation or Ponta [&hellip;]<\/p>\n","protected":false},"author":3,"featured_media":0,"parent":147,"menu_order":0,"comment_status":"closed","ping_status":"closed","template":"","meta":{"footnotes":""},"class_list":["post-23","page","type-page","status-publish","hentry"],"_links":{"self":[{"href":"https:\/\/pontadelgadaazoresrentals.com\/en\/wp-json\/wp\/v2\/pages\/23","targetHints":{"allow":["GET"]}}],"collection":[{"href":"https:\/\/pontadelgadaazoresrentals.com\/en\/wp-json\/wp\/v2\/pages"}],"about":[{"href":"https:\/\/pontadelgadaazoresrentals.com\/en\/wp-json\/wp\/v2\/types\/page"}],"author":[{"embeddable":true,"href":"https:\/\/pontadelgadaazoresrentals.com\/en\/wp-json\/wp\/v2\/users\/3"}],"replies":[{"embeddable":true,"href":"https:\/\/pontadelgadaazoresrentals.com\/en\/wp-json\/wp\/v2\/comments?post=23"}],"version-history":[{"count":28,"href":"https:\/\/pontadelgadaazoresrentals.com\/en\/wp-json\/wp\/v2\/pages\/23\/revisions"}],"predecessor-version":[{"id":2026,"href":"https:\/\/pontadelgadaazoresrentals.com\/en\/wp-json\/wp\/v2\/pages\/23\/revisions\/2026"}],"up":[{"embeddable":true,"href":"https:\/\/pontadelgadaazoresrentals.com\/en\/wp-json\/wp\/v2\/pages\/147"}],"wp:attachment":[{"href":"https:\/\/pontadelgadaazoresrentals.com\/en\/wp-json\/wp\/v2\/media?parent=23"}],"curies":[{"name":"wp","href":"https:\/\/api.w.org\/{rel}","templated":true}]}}