{"id":1850,"date":"2026-04-11T01:42:57","date_gmt":"2026-04-11T01:42:57","guid":{"rendered":"https:\/\/pontadelgadaazoresrentals.com\/?page_id=1850"},"modified":"2026-04-13T22:49:10","modified_gmt":"2026-04-13T22:49:10","slug":"guia-de-alquiler-de-coches-y-consejos-locales","status":"publish","type":"page","link":"https:\/\/pontadelgadaazoresrentals.com\/es\/car-rental-guide-local-tips\/","title":{"rendered":"Gu\u00eda de alquiler de coches y consejos locales"},"content":{"rendered":"<div data-elementor-type=\"wp-page\" data-elementor-id=\"1850\" class=\"elementor elementor-1850\">\n\t\t\t\t<div class=\"elementor-element elementor-element-c602838 e-flex e-con-boxed e-con e-parent\" data-id=\"c602838\" data-element_type=\"container\" data-e-type=\"container\">\n\t\t\t\t\t<div class=\"e-con-inner\">\n\t\t\t\t<div class=\"elementor-element elementor-element-b7ec4ba elementor-widget elementor-widget-heading\" data-id=\"b7ec4ba\" data-element_type=\"widget\" data-e-type=\"widget\" data-widget_type=\"heading.default\">\n\t\t\t\t<div class=\"elementor-widget-container\">\n\t\t\t\t\t<h2 class=\"elementor-heading-title elementor-size-default\">M\u00e1s all\u00e1 de tu santuario: Las mejores opciones de alquiler de coches en Ponta Delgada<\/h2>\t\t\t\t<\/div>\n\t\t\t\t<\/div>\n\t\t\t\t\t<\/div>\n\t\t\t\t<\/div>\n\t\t<div class=\"elementor-element elementor-element-58415de e-flex e-con-boxed e-con e-parent\" data-id=\"58415de\" data-element_type=\"container\" data-e-type=\"container\">\n\t\t\t\t\t<div class=\"e-con-inner\">\n\t\t\t\t<div class=\"elementor-element elementor-element-49bf94d elementor-widget elementor-widget-text-editor\" data-id=\"49bf94d\" data-element_type=\"widget\" data-e-type=\"widget\" data-widget_type=\"text-editor.default\">\n\t\t\t\t<div class=\"elementor-widget-container\">\n\t\t\t\t\t\t\t\t\t<p>M\u00e1s all\u00e1 de su santuario en nuestras casas de hu\u00e9spedes, un mundo de paisajes impresionantes y joyas escondidas le espera en S\u00e3o Miguel. Para descubrir verdaderamente la magia de las Azores, contar con el veh\u00edculo adecuado es esencial. Hemos preparado esta gu\u00eda completa para ayudarle a encontrar el <strong>El mejor alquiler de coches en Ponta Delgada.<\/strong>, Garantizamos que recibir\u00e1 el servicio m\u00e1s fiable, evitar\u00e1 las trampas tur\u00edsticas habituales y conducir\u00e1 con seguridad por las hermosas carreteras de nuestra isla.<\/p><div style=\"background-color: #f4f9ff; padding: 25px; border: 1px solid #d1e7ff; border-radius: 8px; text-align: center; margin: 30px 0;\"><h3>Reserva tu veh\u00edculo con total confianza.<\/h3><p>Compara las mejores tarifas de agencias locales e internacionales en un solo lugar.<\/p><p><a style=\"background-color: #007bff; color: white; padding: 15px 30px; text-decoration: none; border-radius: 5px; font-weight: bold; display: inline-block;\" href=\"https:\/\/www.discovercars.com\/portugal-azores-islands\/ponta-delgada\/pdl?a_aid=pontadelgadaazoresrentals&amp;data1=best_car_rental&amp;data2=article\" target=\"_blank\" rel=\"nofollow noopener\">Compara precios y reserva tu coche aqu\u00ed.<\/a><\/p><\/div>\t\t\t\t\t\t\t\t<\/div>\n\t\t\t\t<\/div>\n\t\t\t\t\t<\/div>\n\t\t\t\t<\/div>\n\t\t<div class=\"elementor-element elementor-element-9677817 e-flex e-con-boxed e-con e-parent\" data-id=\"9677817\" data-element_type=\"container\" data-e-type=\"container\">\n\t\t\t\t\t<div class=\"e-con-inner\">\n\t\t\t\t<div class=\"elementor-element elementor-element-a24bf99 elementor-widget elementor-widget-image\" data-id=\"a24bf99\" data-element_type=\"widget\" data-e-type=\"widget\" data-widget_type=\"image.default\">\n\t\t\t\t<div class=\"elementor-widget-container\">\n\t\t\t\t\t\t\t\t\t\t\t\t\t\t\t<img fetchpriority=\"high\" decoding=\"async\" width=\"703\" height=\"1024\" src=\"https:\/\/pontadelgadaazoresrentals.com\/wp-content\/uploads\/2026\/04\/driving-to-sete-cidades-hydrangeas-car-rental-azores-e1775875866792-703x1024.webp\" class=\"attachment-large size-large wp-image-1863\" alt=\"Vista desde el interior de un autom\u00f3vil conduciendo por una carretera bordeada de hortensias azules con vista a los lagos de Sete Cidades en la isla de S\u00e3o Miguel, Azores. PT: Vista do interior de um carro a descender uma estrada cargada por hort\u00eansias azuis com vista para as lagoas das Sete Cidades, na ilha de S\u00e3o Miguel, Azores.\" srcset=\"https:\/\/pontadelgadaazoresrentals.com\/wp-content\/uploads\/2026\/04\/driving-to-sete-cidades-hydrangeas-car-rental-azores-e1775875866792-703x1024.webp 703w, https:\/\/pontadelgadaazoresrentals.com\/wp-content\/uploads\/2026\/04\/driving-to-sete-cidades-hydrangeas-car-rental-azores-e1775875866792-206x300.webp 206w, https:\/\/pontadelgadaazoresrentals.com\/wp-content\/uploads\/2026\/04\/driving-to-sete-cidades-hydrangeas-car-rental-azores-e1775875866792-768x1119.webp 768w, https:\/\/pontadelgadaazoresrentals.com\/wp-content\/uploads\/2026\/04\/driving-to-sete-cidades-hydrangeas-car-rental-azores-e1775875866792-8x12.webp 8w, https:\/\/pontadelgadaazoresrentals.com\/wp-content\/uploads\/2026\/04\/driving-to-sete-cidades-hydrangeas-car-rental-azores-e1775875866792.webp 820w\" sizes=\"(max-width: 703px) 100vw, 703px\" \/>\t\t\t\t\t\t\t\t\t\t\t\t\t\t\t<\/div>\n\t\t\t\t<\/div>\n\t\t\t\t\t<\/div>\n\t\t\t\t<\/div>\n\t\t<div class=\"elementor-element elementor-element-37d85f0 e-flex e-con-boxed e-con e-parent\" data-id=\"37d85f0\" data-element_type=\"container\" data-e-type=\"container\">\n\t\t\t\t\t<div class=\"e-con-inner\">\n\t\t\t\t<div class=\"elementor-element elementor-element-66fbd77 elementor-widget elementor-widget-text-editor\" data-id=\"66fbd77\" data-element_type=\"widget\" data-e-type=\"widget\" data-widget_type=\"text-editor.default\">\n\t\t\t\t<div class=\"elementor-widget-container\">\n\t\t\t\t\t\t\t\t\t<article><h2>El mejor alquiler de coches en Ponta Delgada: la gu\u00eda local definitiva para la isla de S\u00e3o Miguel<\/h2><p>M\u00e1s all\u00e1 de su santuario en nuestras casas de hu\u00e9spedes, un mundo de paisajes impresionantes y joyas escondidas le espera en S\u00e3o Miguel. Para descubrir verdaderamente la magia de las Azores, contar con el veh\u00edculo adecuado es esencial. Hemos preparado esta gu\u00eda completa para ayudarle a encontrar el <strong>El mejor alquiler de coches en Ponta Delgada.<\/strong>, Garantizamos que recibir\u00e1 el servicio m\u00e1s fiable, evitar\u00e1 las trampas tur\u00edsticas habituales y conducir\u00e1 con seguridad por las hermosas carreteras de nuestra isla.<\/p><h3>La realidad del alquiler de coches en los aeropuertos: por qu\u00e9 lo m\u00e1s grande no siempre es mejor.<\/h3><p>Muchos viajeros que llegan al aeropuerto de Ponta Delgada (PDL) se dirigen instintivamente a los mostradores de alquiler de coches internacionales ubicados dentro de la terminal. Las principales marcas como <strong>Ilha Verde<\/strong>\u2014una de las agencias m\u00e1s grandes de las Azores\u2014 y otras franquicias globales gestionan un enorme volumen de reservas internacionales. Sin embargo, como residentes locales que vivimos el d\u00eda a d\u00eda en nuestro aeropuerto, debemos hacer una advertencia.<\/p><p>La alta concentraci\u00f3n de pasajeros que llegan en vuelos simult\u00e1neos suele provocar cuellos de botella en los mostradores de las terminales. Es com\u00fan ver largas y agotadoras colas donde solo unos pocos empleados pueden atender a decenas de viajeros impacientes. Esto puede convertir tu primera hora en el para\u00edso en una frustrante espera. Las grandes agencias a menudo tienen dificultades para brindar una respuesta eficaz y personalizada durante las horas punta, lo que resulta en un servicio impersonal y poco atento.<\/p><h3>La ventaja de las agencias y traslados fuera del aeropuerto<\/h3><p>Al buscar el <strong>El mejor alquiler de coches en Ponta Delgada.<\/strong>, No se limite a las empresas ubicadas dentro de la terminal. Muchas de las agencias m\u00e1s eficientes y orientadas al cliente tienen sus oficinas a pocos minutos del aeropuerto. Estas empresas suelen ofrecer un servicio de traslado gratuito. Un miembro del personal lo recibir\u00e1 en la puerta de llegadas y lo llevar\u00e1 r\u00e1pidamente a su oficina, lejos del bullicio de la terminal.<\/p><p>Estas peque\u00f1as y medianas empresas locales suelen ofrecer un servicio mucho m\u00e1s personalizado. Mientras que las grandes marcas est\u00e1n saturadas, estos equipos especializados pueden ponerte en marcha mucho m\u00e1s r\u00e1pido. Adem\u00e1s, recuerda que las marcas de coches no son exclusivas; un Volkswagen o un Renault son iguales tanto si se alquilan a una gran cadena internacional como a un especialista local. Al elegir una agencia con una oficina externa, normalmente recibir\u00e1s un coche m\u00e1s limpio y una explicaci\u00f3n m\u00e1s detallada de sus caracter\u00edsticas.<\/p><h3 style=\"margin: 30px 0px; text-align: center;\">Seguridad esencial: por qu\u00e9 el seguro a todo riesgo es obligatorio en las Azores.<\/h3><p>Uno de los consejos m\u00e1s importantes en este <strong>La mejor gu\u00eda de alquiler de coches en Ponta Delgada.<\/strong> en lo que respecta al seguro. Recomendamos encarecidamente a todos nuestros hu\u00e9spedes que opten por <strong>Cobertura de seguro completa (SCDW)<\/strong>. Aunque usted sea un conductor seguro, la temporada alta en S\u00e3o Miguel trae consigo una afluencia significativa de turistas que a menudo desconocen la geograf\u00eda \u00fanica de la isla y las leyes de tr\u00e1nsito locales.<\/p><p>Las carreteras de las Azores pueden ser impredecibles. Es posible encontrarse con niebla repentina en las monta\u00f1as, calles estrechas en pueblos tradicionales o ganado cruzando la carretera en zonas rurales. Contar con un seguro a todo riesgo garantiza que sus vacaciones no se vean arruinadas por un peque\u00f1o rasgu\u00f1o o un malentendido con otro conductor. En un entorno donde la conducci\u00f3n se vuelve m\u00e1s err\u00e1tica durante el verano, la tranquilidad es su mejor aliada de viaje.<\/p><h2>Dominar las rotondas: una norma de tr\u00e1fico crucial en Portugal<\/h2><p>Un problema recurrente que observamos en las carreteras de las Azores es el uso incorrecto de las rotondas, especialmente por parte de los visitantes internacionales. Para garantizar su seguridad y evitar multas, es vital comprender el <strong>C\u00f3digo de circulaci\u00f3n portugu\u00e9s (C\u00f3digo da Estrada)<\/strong> respecto a estas intersecciones.<\/p><p>En Portugal, la regla es clara: el carril exterior de una rotonda est\u00e1 reservado <strong>exclusivamente<\/strong> para los conductores que toman la primera salida inmediata. Si tiene intenci\u00f3n de tomar cualquier otra salida (la segunda, la tercera o un cambio de sentido), <strong>debe<\/strong> Ingresa a la rotonda por los carriles interiores. Solo debes cambiar al carril exterior despu\u00e9s de haber pasado la salida inmediatamente anterior a la que deseas tomar. Es frecuente ver autos de alquiler dando vueltas por todo el carril exterior de la rotonda, lo cual no solo es ilegal, sino que tambi\u00e9n es una de las principales causas de colisiones y agresividad al volante durante la temporada alta.<\/p><p style=\"background-color: #fdf2f2; padding: 20px; border-left: 5px solid #e74c3c; margin: 25px 0;\"><strong>Cumplimiento legal:<\/strong> Para su seguridad y para evitar sanciones administrativas, le recomendamos revisar el documento oficial.<br \/><a href=\"https:\/\/www.segurancarodoviaria.pt\/en\/highway-code\/\" target=\"_blank\" rel=\"noopener\">C\u00f3digo de circulaci\u00f3n portugu\u00e9s (C\u00f3digo da Estrada)<\/a>.<\/p><h2>Aparcamiento en Ponta Delgada: Soluciones sin estr\u00e9s<\/h2><p>Un factor disuasorio com\u00fan para alquilar un coche es el temor a encontrar aparcamiento dif\u00edcil o caro en los centros de las ciudades. Sin embargo, al alojarse en una de nuestras propiedades, como por ejemplo...<strong>Vacaciones en villa para familias<\/strong> o <strong>Apartamento Ponta Delgada T3<\/strong> o el <strong>Guest House da Faj\u00e3 de Baixo<\/strong>\u2014Esta preocupaci\u00f3n es inexistente. Nuestras ubicaciones fueron elegidas estrat\u00e9gicamente para brindar el equilibrio perfecto entre accesibilidad c\u00e9ntrica y facilidad log\u00edstica.<\/p><p>Nuestros hu\u00e9spedes tienen acceso a aparcamientos p\u00fablicos gratuitos justo al lado de su alojamiento. A diferencia del centro hist\u00f3rico, donde aparcar es dif\u00edcil y de pago, nuestro barrio ofrece un amplio espacio. Incluso en los meses de mayor afluencia, es sorprendentemente f\u00e1cil encontrar aparcamiento al final del d\u00eda, despu\u00e9s de explorar la isla. Esto le permite disfrutar de lo mejor de ambos mundos: la libertad de tener coche y la tranquilidad de una zona residencial, sin el estr\u00e9s de pagar el aparcamiento.<\/p><h2>Las mejores rutas para conducir desde tu santuario<\/h2><p>Habiendo asegurado su veh\u00edculo de la <strong>El mejor alquiler de coches en Ponta Delgada.<\/strong>, Est\u00e1s listo para explorar. Desde nuestra ubicaci\u00f3n c\u00e9ntrica, tendr\u00e1s f\u00e1cil acceso a las principales v\u00edas de la isla. En tan solo 10 minutos, podr\u00e1s tomar la autopista que te llevar\u00e1 a la majestuosidad volc\u00e1nica de Sete Cidades o a los exuberantes valles termales de Furnas.<\/p><p>Recomendamos madrugar para evitar las aglomeraciones de los autobuses tur\u00edsticos y llegar a los miradores m\u00e1s emblem\u00e1ticos. Conducir en las Azores es una experiencia sensorial; las carreteras suelen estar bordeadas de hortensias azules y ofrecen vistas espectaculares del oc\u00e9ano Atl\u00e1ntico. Siguiendo nuestros consejos y eligiendo un servicio de alquiler personalizado fuera del aeropuerto, se asegurar\u00e1 de que su viaje sea tan bello como el propio destino.<\/p><div style=\"background-color: #f9f9f9; padding: 30px; border-top: 4px solid #007bff; margin-top: 40px;\"><h3>Lista de verificaci\u00f3n final para el alquiler de su coche en las Azores:<\/h3><ul><li><strong>Reserva con antelaci\u00f3n:<\/strong> La disponibilidad disminuye y los precios suben significativamente despu\u00e9s de marzo.<\/li><li><strong>Elige la talla peque\u00f1a\/mediana:<\/strong> Es m\u00e1s f\u00e1cil aparcar y circular por las estrechas calles del pueblo.<\/li><li><strong>Inspeccione el coche:<\/strong> Siempre tome fotograf\u00edas del veh\u00edculo al recogerlo, incluso si cuenta con seguro a todo riesgo.<\/li><li><strong>Consultar la pol\u00edtica de combustible:<\/strong> La mayor\u00eda de los alojamientos de alquiler locales funcionan bajo la modalidad &quot;de lleno a lleno&quot;.<\/li><li><strong>Log\u00edstica de devoluci\u00f3n:<\/strong> Si su veh\u00edculo de alquiler se encuentra fuera del aeropuerto, calcule 15 minutos adicionales para el traslado de regreso a la terminal.<\/li><\/ul><p>\u00bfListo para comenzar tu aventura? <a href=\"https:\/\/pontadelgadaazoresrentals.com\/es\/\">Regresar a nuestra gu\u00eda de propiedades<\/a> o <a href=\"https:\/\/www.discovercars.com\/portugal-azores-islands\/ponta-delgada\/pdl?a_aid=pontadelgadaazoresrentals&amp;data1=best_car_rental&amp;data2=article\">Compara ahora las tarifas de alquiler de coches.<\/a>.<\/p><\/div><\/article>\t\t\t\t\t\t\t\t<\/div>\n\t\t\t\t<\/div>\n\t\t\t\t\t<\/div>\n\t\t\t\t<\/div>\n\t\t\t\t<\/div>","protected":false},"excerpt":{"rendered":"<p>Beyond Your Sanctuary: The Best Car Rental Options in Ponta Delgada Beyond your sanctuary at our guest houses, a world of breathtaking landscapes and hidden gems awaits you across S\u00e3o Miguel. To truly discover the magic of the Azores, having the right vehicle is essential. We have prepared this comprehensive guide to help you find [&hellip;]<\/p>\n","protected":false},"author":4,"featured_media":0,"parent":0,"menu_order":0,"comment_status":"closed","ping_status":"closed","template":"","meta":{"footnotes":""},"class_list":["post-1850","page","type-page","status-publish","hentry"],"_links":{"self":[{"href":"https:\/\/pontadelgadaazoresrentals.com\/es\/wp-json\/wp\/v2\/pages\/1850","targetHints":{"allow":["GET"]}}],"collection":[{"href":"https:\/\/pontadelgadaazoresrentals.com\/es\/wp-json\/wp\/v2\/pages"}],"about":[{"href":"https:\/\/pontadelgadaazoresrentals.com\/es\/wp-json\/wp\/v2\/types\/page"}],"author":[{"embeddable":true,"href":"https:\/\/pontadelgadaazoresrentals.com\/es\/wp-json\/wp\/v2\/users\/4"}],"replies":[{"embeddable":true,"href":"https:\/\/pontadelgadaazoresrentals.com\/es\/wp-json\/wp\/v2\/comments?post=1850"}],"version-history":[{"count":38,"href":"https:\/\/pontadelgadaazoresrentals.com\/es\/wp-json\/wp\/v2\/pages\/1850\/revisions"}],"predecessor-version":[{"id":1988,"href":"https:\/\/pontadelgadaazoresrentals.com\/es\/wp-json\/wp\/v2\/pages\/1850\/revisions\/1988"}],"wp:attachment":[{"href":"https:\/\/pontadelgadaazoresrentals.com\/es\/wp-json\/wp\/v2\/media?parent=1850"}],"curies":[{"name":"wp","href":"https:\/\/api.w.org\/{rel}","templated":true}]}}