{"id":464,"date":"2025-03-14T03:56:46","date_gmt":"2025-03-14T03:56:46","guid":{"rendered":"https:\/\/pontadelgadaazoresrentals.com\/?page_id=464"},"modified":"2026-04-15T17:15:27","modified_gmt":"2026-04-15T17:15:27","slug":"reservas","status":"publish","type":"page","link":"https:\/\/pontadelgadaazoresrentals.com\/es\/ponta-delgada-azores-rentals\/reservas\/","title":{"rendered":"Reservas y calendario"},"content":{"rendered":"<div data-elementor-type=\"wp-page\" data-elementor-id=\"464\" class=\"elementor elementor-464\">\n\t\t\t\t<div class=\"elementor-element elementor-element-25c3760 e-grid e-con-boxed e-con e-parent\" data-id=\"25c3760\" data-element_type=\"container\" data-e-type=\"container\">\n\t\t\t\t\t<div class=\"e-con-inner\">\n\t\t\t\t<div class=\"elementor-element elementor-element-1ddf3fc elementor-widget elementor-widget-html\" data-id=\"1ddf3fc\" data-element_type=\"widget\" data-e-type=\"widget\" data-widget_type=\"html.default\">\n\t\t\t\t<div class=\"elementor-widget-container\">\n\t\t\t\t\t<div class=\"gallery-container\">\r\n    <div class=\"gallery\">\r\n        <div class=\"gallery-item\" onclick=\"window.location.href='\/reservas\/guest-house-ponta-delgada\/';\">\r\n            <img decoding=\"async\" src=\"\/wp-content\/uploads\/2025\/03\/guest-house-faja-sala-jantar-estar.webp\" alt=\"Guest House Faj\u00e3 - Sala de Jantar e Estar\">\r\n            <a href=\"\/es\/casa-de-huespedes-ponta-delgada\/\" class=\"gallery-btn\">Saber m\u00e1s<\/a>\r\n            <div class=\"caption\">Casa de hu\u00e9spedes Ponta Delgada - 6 PAX<\/div>\r\n        <\/div>\r\n        <div class=\"gallery-item\" onclick=\"window.location.href='\/ponta-delgada-apartament-t3\/';\">\r\n            <img decoding=\"async\" src=\"\/wp-content\/uploads\/2026\/04\/living-room-first-floor-ponta-delgada-apartment-t3.webp\" alt=\" Sal\u00f3n moderno en el apartamento T3 de Ponta Delgada, con sof\u00e1 cama gris, dos sillones azules, una elegante l\u00e1mpara de pie y una gran ventana con acceso al balc\u00f3n.\">\r\n            <a href=\"\/es\/ponta-delgada-apartamento-t3\/\" class=\"gallery-btn\">Saber m\u00e1s<\/a>\r\n            <div class=\"caption\">Ponta Delgada - Apartamento T3 - 9 PAX<\/div>\r\n        <\/div>\r\n        <div class=\"gallery-item\" onclick=\"window.location.href='\/family-holiday-villa-vacation-ponta-delgada\/';\">\r\n            <img src=\"https:\/\/pontadelgadaazoresrentals.com\/wp-content\/uploads\/2026\/04\/Family-Holiday-Villa-Vacations-Ponta-Delgada.webp\"\" alt=\"Villa de vacaciones familiares - Ponta Delgada\">\r\n            <a href=\"\/es\/vacaciones-familiares-villa-vacaciones-ponta-delgada\/\" class=\"gallery-btn\">Saber m\u00e1s<\/a>\r\n            <div class=\"caption\">Vacaciones en villa para familias - 18 personas<\/div>\r\n        <\/div>\r\n    <\/div>\r\n<\/div>\r\n\r\n<style>\r\n    .gallery-container {\r\n        display: flex;\r\n        justify-content: center;\r\n        gap: 30px;\r\n        max-width: 1170px;\r\n        margin: auto;\r\n    }\r\n\r\n    .gallery {\r\n        display: flex;\r\n        gap: 30px;\r\n    }\r\n\r\n    .gallery-item {\r\n        position: relative;\r\n        flex: 1;\r\n        max-width: calc(33.33% - 30px);\r\n        border-radius: 15px;\r\n        overflow: hidden;\r\n        cursor: pointer;\r\n    }\r\n\r\n    .gallery-item img {\r\n        width: 100%;\r\n        height: 260px;\r\n        object-fit: cover;\r\n        border-radius: 15px;\r\n        display: block;\r\n    }\r\n\r\n    .caption {\r\n        position: absolute;\r\n        bottom: 10px;\r\n        left: 0;\r\n        width: 100%;\r\n        background: rgba(0, 0, 0, 0.6);\r\n        color: white;\r\n        text-align: center;\r\n        padding: 5px;\r\n        font-size: 14px;\r\n        border-radius: 0 0 15px 15px;\r\n    }\r\n\r\n    .gallery-btn {\r\n        position: absolute;\r\n        bottom: 40px;\r\n        right: 10px;\r\n        background: #007BFF;\r\n        color: white;\r\n        padding: 8px 12px;\r\n        text-decoration: none;\r\n        border-radius: 5px;\r\n        font-size: 14px;\r\n        text-align: center;\r\n    }\r\n<\/style>\r\n\r\n\t\t\t\t<\/div>\n\t\t\t\t<\/div>\n\t\t\t\t\t<\/div>\n\t\t\t\t<\/div>\n\t\t<div class=\"elementor-element elementor-element-6a02248 e-con-full e-flex e-con e-parent\" data-id=\"6a02248\" data-element_type=\"container\" data-e-type=\"container\">\n\t\t\t\t<div class=\"elementor-element elementor-element-97c53e6 elementor-widget__width-initial elementor-widget elementor-widget-html\" data-id=\"97c53e6\" data-element_type=\"widget\" data-e-type=\"widget\" data-widget_type=\"html.default\">\n\t\t\t\t<div class=\"elementor-widget-container\">\n\t\t\t\t\t<iframe src=\"https:\/\/calendar.google.com\/calendar\/embed?height=300&wkst=1&ctz=Atlantic%2FAzores&showPrint=0&src=N3JwbnZjYWVrMnVxNWw2NTQwNmw1NmNmdGpvaDJxdm1AaW1wb3J0LmNhbGVuZGFyLmdvb2dsZS5jb20&color=%23795548\" \nstyle=\"width:100%; max-width:400px; height:300px; border:0; display:block; overflow:hidden; scrolling:no;\" frameborder=\"0\"><\/iframe>\n\n\t\t\t\t<\/div>\n\t\t\t\t<\/div>\n\t\t\t\t<div class=\"elementor-element elementor-element-3d5ac89 elementor-widget__width-initial elementor-widget elementor-widget-html\" data-id=\"3d5ac89\" data-element_type=\"widget\" data-e-type=\"widget\" data-widget_type=\"html.default\">\n\t\t\t\t<div class=\"elementor-widget-container\">\n\t\t\t\t\t<iframe src=\"https:\/\/calendar.google.com\/calendar\/embed?height=300&wkst=1&ctz=Atlantic%2FAzores&showPrint=0&src=dDBlbnU0NWdzZXBsNzBjY242NWV0cXJuaDFwdWVpdmJAaW1wb3J0LmNhbGVuZGFyLmdvb2dsZS5jb20&color=%234285F4\" style=\"width:100%; max-width:400px; height:300px; border:0; display:block; overflow:hidden; scrolling:no;\" frameborder=\"0\"><\/iframe>\n\t\t\t\t<\/div>\n\t\t\t\t<\/div>\n\t\t\t\t<div class=\"elementor-element elementor-element-f302ca7 elementor-widget__width-initial elementor-widget elementor-widget-html\" data-id=\"f302ca7\" data-element_type=\"widget\" data-e-type=\"widget\" data-widget_type=\"html.default\">\n\t\t\t\t<div class=\"elementor-widget-container\">\n\t\t\t\t\t<iframe src=\"https:\/\/calendar.google.com\/calendar\/embed?height=300&wkst=1&ctz=Atlantic%2FAzores&showPrint=0&src=ZGo5djEwdDdhb3VxODdyOWM5dGJ1dWI5NnBoaHNsdTBAaW1wb3J0LmNhbGVuZGFyLmdvb2dsZS5jb20&color=%23D81B60\" style=\"width:100%; max-width:400px; height:300px; border:0; display:block; overflow:hidden; scrolling:no; margin-left:0;\" frameborder=\"0\"><\/iframe>\n\n\t\t\t\t<\/div>\n\t\t\t\t<\/div>\n\t\t\t\t<\/div>\n\t\t<div class=\"elementor-element elementor-element-a6a845e e-flex e-con-boxed e-con e-parent\" data-id=\"a6a845e\" data-element_type=\"container\" data-e-type=\"container\">\n\t\t\t\t\t<div class=\"e-con-inner\">\n\t\t\t\t\t<\/div>\n\t\t\t\t<\/div>\n\t\t<div class=\"elementor-element elementor-element-8a7f1e6 e-flex e-con-boxed e-con e-parent\" data-id=\"8a7f1e6\" data-element_type=\"container\" data-e-type=\"container\">\n\t\t\t\t\t<div class=\"e-con-inner\">\n\t\t\t\t<div class=\"elementor-element elementor-element-0d9f139 elementor-widget elementor-widget-text-editor\" data-id=\"0d9f139\" data-element_type=\"widget\" data-e-type=\"widget\" data-widget_type=\"text-editor.default\">\n\t\t\t\t<div class=\"elementor-widget-container\">\n\t\t\t\t\t\t\t\t\t<div style=\"background-color: #f4f9ff; padding: 25px; border: 1px solid #d1e7ff; border-radius: 8px; text-align: center; margin: 30px 0;\"><h2>Reserva tu veh\u00edculo con total confianza.<\/h2><p>Compara las mejores tarifas de agencias locales e internacionales en un solo lugar.<\/p><p><a style=\"background-color: #007bff; color: white; padding: 15px 30px; text-decoration: none; border-radius: 5px; font-weight: bold; display: inline-block;\" href=\"https:\/\/www.discovercars.com\/portugal-azores-islands\/ponta-delgada\/pdl?a_aid=pontadelgadaazoresrentals&amp;data1=best_car_rental&amp;data2=article\" target=\"_blank\" rel=\"nofollow noopener\">Compara precios y reserva tu coche aqu\u00ed.<\/a><\/p><\/div>\t\t\t\t\t\t\t\t<\/div>\n\t\t\t\t<\/div>\n\t\t\t\t\t<\/div>\n\t\t\t\t<\/div>\n\t\t\t\t<\/div>","protected":false},"excerpt":{"rendered":"<p>M\u00e1s informaci\u00f3n sobre la pensi\u00f3n Ponta Delgada \u2013 6 personas. M\u00e1s informaci\u00f3n sobre Ponta Delgada \u2013 Apartamento T3 \u2013 9 personas.<\/p>","protected":false},"author":3,"featured_media":0,"parent":147,"menu_order":0,"comment_status":"closed","ping_status":"closed","template":"","meta":{"footnotes":""},"class_list":["post-464","page","type-page","status-publish","hentry"],"_links":{"self":[{"href":"https:\/\/pontadelgadaazoresrentals.com\/es\/wp-json\/wp\/v2\/pages\/464","targetHints":{"allow":["GET"]}}],"collection":[{"href":"https:\/\/pontadelgadaazoresrentals.com\/es\/wp-json\/wp\/v2\/pages"}],"about":[{"href":"https:\/\/pontadelgadaazoresrentals.com\/es\/wp-json\/wp\/v2\/types\/page"}],"author":[{"embeddable":true,"href":"https:\/\/pontadelgadaazoresrentals.com\/es\/wp-json\/wp\/v2\/users\/3"}],"replies":[{"embeddable":true,"href":"https:\/\/pontadelgadaazoresrentals.com\/es\/wp-json\/wp\/v2\/comments?post=464"}],"version-history":[{"count":348,"href":"https:\/\/pontadelgadaazoresrentals.com\/es\/wp-json\/wp\/v2\/pages\/464\/revisions"}],"predecessor-version":[{"id":2069,"href":"https:\/\/pontadelgadaazoresrentals.com\/es\/wp-json\/wp\/v2\/pages\/464\/revisions\/2069"}],"up":[{"embeddable":true,"href":"https:\/\/pontadelgadaazoresrentals.com\/es\/wp-json\/wp\/v2\/pages\/147"}],"wp:attachment":[{"href":"https:\/\/pontadelgadaazoresrentals.com\/es\/wp-json\/wp\/v2\/media?parent=464"}],"curies":[{"name":"wp","href":"https:\/\/api.w.org\/{rel}","templated":true}]}}