{"id":531,"date":"2025-03-14T14:53:34","date_gmt":"2025-03-14T14:53:34","guid":{"rendered":"https:\/\/pontadelgadaazoresrentals.com\/?page_id=531"},"modified":"2026-04-11T23:40:00","modified_gmt":"2026-04-11T23:40:00","slug":"vacaciones-familiares-villa-vacaciones-ponta-delgada","status":"publish","type":"page","link":"https:\/\/pontadelgadaazoresrentals.com\/es\/ponta-delgada-azores-rentals\/reservas\/family-holiday-villa-vacation-ponta-delgada\/","title":{"rendered":"Villa familiar para vacaciones en Ponta Delgada"},"content":{"rendered":"<div data-elementor-type=\"wp-page\" data-elementor-id=\"531\" class=\"elementor elementor-531\">\n\t\t\t\t<div class=\"elementor-element elementor-element-19e8840 e-grid e-con-boxed e-con e-parent\" data-id=\"19e8840\" data-element_type=\"container\" data-e-type=\"container\">\n\t\t\t\t\t<div class=\"e-con-inner\">\n\t\t\t\t<div class=\"elementor-element elementor-element-e3ca2ab elementor-widget elementor-widget-html\" data-id=\"e3ca2ab\" data-element_type=\"widget\" data-e-type=\"widget\" data-widget_type=\"html.default\">\n\t\t\t\t<div class=\"elementor-widget-container\">\n\t\t\t\t\t<div class=\"gallery-container\">\r\n    <div class=\"gallery\">\r\n        <div class=\"gallery-item large\">\r\n            <img src=\"\/wp-content\/uploads\/2026\/04\/Family-Holiday-Villa-Vacations-Ponta-Delgada.webp\" alt=\"Family Holiday Villa VAcations - Alojamiento para hasta 18 personas en Ponta Delgada\" style=\"border-bottom-left-radius: 15px;\">\r\n        <\/div>\r\n        <div class=\"gallery-column\">\r\n            <div class=\"gallery-item half\">\r\n                <img decoding=\"async\" src=\"\/wp-content\/uploads\/2025\/03\/outdoor-barbecue-dining-area-sao-miguel-azores-vacation-rental-scaled.webp\" alt=\"Zona de comedor exterior tradicional con barbacoa, paredes de azulejos azules portugueses, vajilla colorida y acceso al jard\u00edn en la villa vacacional de S\u00e3o Miguel, Azores.\">\r\n            <\/div>\r\n            <div class=\"gallery-item half\">\r\n                <img decoding=\"async\" src=\"\/wp-content\/uploads\/2025\/03\/living-room-fireplace-dining-sao-miguel-azores-villa-1.webp\" alt=\"Amplia sala de estar con chimenea, instalaci\u00f3n art\u00edstica r\u00fastica de madera, mesa de comedor y TV en la casa de vacaciones S\u00e3o Miguel Ponta Delgada.\">\r\n            <\/div>\r\n        <\/div>\r\n        <div class=\"gallery-column\">\r\n            <div class=\"gallery-item half\">\r\n                <img decoding=\"async\" src=\"\/wp-content\/uploads\/2025\/03\/triple-bedroom-colorful-sao-miguel-azores-vacation-rental-1-scaled.webp\" alt=\"Habitaci\u00f3n triple luminosa con cama doble y cama individual, ropa de cama colorida y paredes amarillas en una villa de vacaciones familiar en S\u00e3o Miguel, Azores.\">\r\n            <\/div>\r\n            <div class=\"gallery-item half\">\r\n                <img decoding=\"async\" src=\"\/wp-content\/uploads\/2025\/03\/garden-terrace-hydrangeas-palm-sao-miguel-azores-rental-1.webp\" alt=\"Terraza ajardinada exuberante con palmeras, hortensias y senderos de piedra en la villa vacacional familiar de S\u00e3o Miguel, Azores.\">style=&quot;border-bottom-right-radius: 15px;&quot;&gt;\r\n            <\/div>\r\n        <\/div>\r\n    <\/div>\r\n    <div class=\"calendar-container\">\r\n        <iframe src=\"https:\/\/calendar.google.com\/calendar\/embed?height=600&wkst=1&ctz=Atlantic%2FAzores&src=ZGo5djEwdDdhb3VxODdyOWM5dGJ1dWI5NnBoaHNsdTBAaW1wb3J0LmNhbGVuZGFyLmdvb2dsZS5jb20&color=%23D81B60\" style=\"border:solid 1px #777\" width=\"800\" height=\"300\" frameborder=\"0\" scrolling=\"no\"><\/iframe>\r\n    <\/div>\r\n<\/div>\r\n\r\n<style>\r\n    .gallery-container {\r\n        display: flex;\r\n        flex-direction: column;\r\n        justify-content: center;\r\n        max-width: 1200px;\r\n        margin: auto;\r\n        padding: 0;\r\n        overflow: hidden;\r\n        border-radius: 15px 15px 0 0;\r\n    }\r\n\r\n    .gallery {\r\n        display: grid;\r\n        grid-template-columns: 2fr 1fr 1fr;\r\n        gap: 10px;\r\n    }\r\n\r\n    .gallery-item {\r\n        position: relative;\r\n        overflow: hidden;\r\n        border-radius: 0;\r\n    }\r\n\r\n    .gallery-column {\r\n        display: grid;\r\n        grid-template-rows: 1fr 1fr;\r\n        gap: 10px;\r\n    }\r\n\r\n    .gallery-item img {\r\n        width: 100%;\r\n        height: 100%;\r\n        object-fit: cover;\r\n        display: block;\r\n    }\r\n\r\n    .half {\r\n        height: 100%;\r\n    }\r\n\r\n    .calendar-container {\r\n        margin-top: 10px;\r\n        display: flex;\r\n        justify-content: center;\r\n        border-radius: 0 0 15px 15px;\r\n        overflow: hidden;\r\n        clip-path: inset(0 0 0 0 round 0 0 15px 15px);\r\n    }\r\n<\/style>\r\n\t\t\t\t<\/div>\n\t\t\t\t<\/div>\n\t\t\t\t\t<\/div>\n\t\t\t\t<\/div>\n\t\t<div class=\"elementor-element elementor-element-39a248e e-grid e-con-boxed e-con e-parent\" data-id=\"39a248e\" data-element_type=\"container\" data-e-type=\"container\">\n\t\t\t\t\t<div class=\"e-con-inner\">\n\t\t\t\t<div class=\"elementor-element elementor-element-c290fcf elementor-widget elementor-widget-google_maps\" data-id=\"c290fcf\" data-element_type=\"widget\" data-e-type=\"widget\" data-widget_type=\"google_maps.default\">\n\t\t\t\t<div class=\"elementor-widget-container\">\n\t\t\t\t\t\t\t<div class=\"elementor-custom-embed\">\n\t\t\t<iframe loading=\"lazy\"\n\t\t\t\t\tsrc=\"https:\/\/maps.google.com\/maps?q=family%20holiday%20villa%20vacation&#038;t=m&#038;z=13&#038;output=embed&#038;iwloc=near\"\n\t\t\t\t\ttitle=\"Vacaciones familiares en villa\"\n\t\t\t\t\taria-label=\"Vacaciones familiares en villa\"\n\t\t\t><\/iframe>\n\t\t<\/div>\n\t\t\t\t\t\t<\/div>\n\t\t\t\t<\/div>\n\t\t\t\t<div class=\"elementor-element elementor-element-33da84f elementor-widget elementor-widget-html\" data-id=\"33da84f\" data-element_type=\"widget\" data-e-type=\"widget\" data-widget_type=\"html.default\">\n\t\t\t\t<div class=\"elementor-widget-container\">\n\t\t\t\t\t<h2>Descubra la experiencia \u00fanica de nuestra casa de vacaciones.<\/h2>\n<h3><strong>Vacaciones familiares en villa<\/strong> es una casa espaciosa y tradicional que puede alojar hasta <strong>18 personas.<\/strong><\/h3>\n<p>Family Villa Vacation se asocia con Ponta Delgada Azores Rentals, su sitio web de referencia para alquileres vacacionales en Ponta Delgada, Azores.<\/p>\n<h4>Lo que lo convierte en el refugio perfecto para <strong>vacaciones en grupo con familiares y amigos.<\/strong> Las vacaciones en villas familiares ofrecen una estancia inolvidable en un entorno acogedor y una <strong>Excelente ubicaci\u00f3n<\/strong>.<\/h4>\n\n<h3>\u00cdndice<\/h3>\n<ul>\n    <li><a href=\"#unforgettable-moments\">Una casa de vacaciones para momentos inolvidables.<\/a><\/li>\n    <li><a href=\"#location\">Ubicaci\u00f3n privilegiada<\/a><\/li>\n    <li><a href=\"#comfort\">Comodidad y dise\u00f1o inteligente<\/a><\/li>\n    <li><a href=\"#outdoors\">Espacios exteriores impresionantes<\/a><\/li>\n    <li><a href=\"#amenities\">Servicios de primera categor\u00eda para una estancia perfecta.<\/a><\/li>\n    <li><a href=\"#surroundings\">Qu\u00e9 hacer cerca<\/a><\/li>\n    <li><a href=\"#booking\">Reserva ahora y v\u00edvelo<\/a><\/li>\n<\/ul>\n<p>\n<\/p>\n\n<p>Bienvenido a <a href=\"https:\/\/pontadelgadaazoresrentals.com\/es\/alquileres-en-ponta-delgada-azores\/reservas\/vacaciones-familiares-villa-vacaciones-ponta-delgada\/\"><strong>Villa familiar para vacaciones en Ponta Delgada<\/strong><\/a>. Esto no es solo una casa de vacaciones; es un refugio donde la naturaleza y las personas se unen para crear recuerdos inolvidables.<\/p>\n\n<p>Orientada al sur en la isla de S\u00e3o Miguel, presenta una arquitectura que fusiona la tradici\u00f3n azore\u00f1a, especialmente realzada por la piedra de basalto volc\u00e1nico. Aqu\u00ed, en medio de un paisaje impresionante, sucede lo inesperado: uno espera poco, pero recibe mucho m\u00e1s.<\/p>\n\n<h4 id=\"location\">Ubicaci\u00f3n privilegiada<\/h4>\n<p>Las vacaciones en villa en familia en Ponta Delgada te sit\u00faan en el centro de todo. Por eso, est\u00e1s cerca de lo mejor que la regi\u00f3n tiene para ofrecer.<\/p>\n<ul>\n    <li><strong>Cerca de los principales accesos por carretera.<\/strong>, A tan solo 3 minutos de las principales autopistas.<\/li>\n    <li><strong>La ciudad de Ponta Delgada<\/strong> Est\u00e1 a tan solo 5 minutos, y el aeropuerto Jo\u00e3o Paulo II est\u00e1 a solo 15 minutos.<\/li>\n    <li><strong>Playas de arena negra<\/strong>, donde podr\u00e1 disfrutar de aguas cristalinas, est\u00e1n a solo 5 minutos.<\/li>\n    <li><strong>Mercados y restaurantes locales<\/strong> Ofrecemos aut\u00e9nticos sabores de las Azores.<\/li>\n<\/ul>\n\n<h4 id=\"comfort\">Vacaciones en familia en una villa en Ponta Delgada: Un dise\u00f1o pensado para usted.<\/h4>\n<p>Equilibrio <strong>arquitectura tradicional y elementos naturales<\/strong>, Esta casa crea un ambiente familiar azore\u00f1o c\u00e1lido y aut\u00e9ntico.<\/p>\n<ul>\n    <li><strong>5 amplias habitaciones con aire acondicionado<\/strong>, garantizando un descanso revitalizante.<\/li>\n    <li><strong>Obras de arte \u00fanicas de artistas locales<\/strong>, convirtiendo esta villa en una experiencia cultural.<\/li>\n    <li><strong>3 elegantes ba\u00f1os<\/strong>, garantizando comodidad y confort.<\/li>\n    <li><strong>Sal\u00f3n panor\u00e1mico<\/strong>, Perfecto para momentos en familia y comidas deliciosas.<\/li>\n    <li><strong>Cocina totalmente equipada<\/strong>, Ideal para preparar productos frescos y locales.<\/li>\n<\/ul>\n\n<h4 id=\"outdoors\">Espacios exteriores impresionantes: rel\u00e1jate e insp\u00edrate.<\/h4>\n<p>La zona exterior de esta villa es verdaderamente espectacular.<\/p>\n<ul>\n    <li><strong>Un jard\u00edn exuberante<\/strong>, que ofrece aire fresco y tranquilidad.<\/li>\n    <li><strong>Vistas rurales y al oc\u00e9ano<\/strong>, ofreciendo un paisaje incre\u00edble.<\/li>\n    <li><strong>Comedor al aire libre<\/strong> Con una barbacoa, perfecta para momentos especiales.<\/li>\n<\/ul>\n\n<h4 id=\"amenities\">Detalles que marcan la diferencia: Servicios de primera categor\u00eda<\/h4>\n<p>Todo ha sido dise\u00f1ado para garantizar una estancia c\u00f3moda.<\/p>\n<ul>\n    <li><strong>Wi-Fi de alta velocidad<\/strong>, Manteni\u00e9ndote conectado en todo momento.<\/li>\n    <li><strong>Aire acondicionado y calefacci\u00f3n<\/strong>, proporcionando un clima interior perfecto.<\/li>\n    <li><strong>Aparcamiento privado<\/strong>, garantizando seguridad y comodidad.<\/li>\n<\/ul>\n\n<h4 id=\"surroundings\">Experiencias memorables: Explora los alrededores<\/h4>\n<ul>\n    <li><strong>Excursiones en barco<\/strong> para explorar la impresionante costa de las Azores.<\/li>\n    <li><a href=\"https:\/\/repositorio.uac.pt\/entities\/publication\/11b77244-85b2-443e-9a55-c79d3626907b\" target=\"_blank\" rel=\"noopener\"><strong>Avistamiento de ballenas<\/strong><\/a>, una experiencia \u00fanica en la vida.<\/li>\n    <li><strong>Catas de vino y gastronom\u00eda local<\/strong>, sumergi\u00e9ndonos en los aut\u00e9nticos sabores de las Azores.<\/li>\n<\/ul>\n\n<h5 id=\"booking\">Reserva ahora y v\u00edvelo<\/h5>\n<p>En <strong>Alquileres en Ponta Delgada, Azores<\/strong>, Cada uno de nuestros socios ha sido seleccionado para superar sus expectativas. <strong>\u00bfEsperabas poco? Obtendr\u00e1s mucho m\u00e1s.<\/strong><\/p>\n<p>\ud83d\udce9 <strong>\u00a1Cont\u00e1ctanos para obtener m\u00e1s informaci\u00f3n o reserva tu estancia ahora!<\/strong><\/p>\n\t\t\t\t<\/div>\n\t\t\t\t<\/div>\n\t\t\t\t\t<\/div>\n\t\t\t\t<\/div>\n\t\t<div class=\"elementor-element elementor-element-34b6eb9 e-flex e-con-boxed e-con e-parent\" data-id=\"34b6eb9\" data-element_type=\"container\" data-e-type=\"container\">\n\t\t\t\t\t<div class=\"e-con-inner\">\n\t\t\t\t<div class=\"elementor-element elementor-element-e1d0e26 elementor-arrows-position-inside elementor-pagination-position-outside elementor-widget elementor-widget-image-carousel\" data-id=\"e1d0e26\" data-element_type=\"widget\" data-e-type=\"widget\" data-settings=\"{&quot;slides_to_show&quot;:&quot;3&quot;,&quot;navigation&quot;:&quot;both&quot;,&quot;autoplay&quot;:&quot;yes&quot;,&quot;pause_on_hover&quot;:&quot;yes&quot;,&quot;pause_on_interaction&quot;:&quot;yes&quot;,&quot;autoplay_speed&quot;:5000,&quot;infinite&quot;:&quot;yes&quot;,&quot;speed&quot;:500}\" data-widget_type=\"image-carousel.default\">\n\t\t\t\t<div class=\"elementor-widget-container\">\n\t\t\t\t\t\t\t<div class=\"elementor-image-carousel-wrapper swiper\" role=\"region\" aria-roledescription=\"carousel\" aria-label=\"Carrusel de im\u00e1genes\" dir=\"ltr\">\n\t\t\t<div class=\"elementor-image-carousel swiper-wrapper\" aria-live=\"off\">\n\t\t\t\t\t\t\t\t<div class=\"swiper-slide\" role=\"group\" aria-roledescription=\"slide\" aria-label=\"1 de 5\"><a data-elementor-open-lightbox=\"yes\" data-elementor-lightbox-slideshow=\"e1d0e26\" data-elementor-lightbox-title=\"living-room-fireplace-dining-sao-miguel-azores-villa\" data-elementor-lightbox-description=\"Cozy living room with fireplace, rustic art and dining area in the vacation home in S\u00e3o Miguel\" data-e-action-hash=\"#elementor-action%3Aaction%3Dlightbox%26settings%3DeyJpZCI6MTAyNywidXJsIjoiaHR0cHM6XC9cL3BvbnRhZGVsZ2FkYWF6b3Jlc3JlbnRhbHMuY29tXC93cC1jb250ZW50XC91cGxvYWRzXC8yMDI1XC8wM1wvbGl2aW5nLXJvb20tZmlyZXBsYWNlLWRpbmluZy1zYW8tbWlndWVsLWF6b3Jlcy12aWxsYS0xLndlYnAiLCJzbGlkZXNob3ciOiJlMWQwZTI2In0%3D\" href=\"https:\/\/pontadelgadaazoresrentals.com\/wp-content\/uploads\/2025\/03\/living-room-fireplace-dining-sao-miguel-azores-villa-1.webp\"><figure class=\"swiper-slide-inner\"><img decoding=\"async\" class=\"swiper-slide-image\" src=\"https:\/\/pontadelgadaazoresrentals.com\/wp-content\/uploads\/elementor\/thumbs\/living-room-fireplace-dining-sao-miguel-azores-villa-1-r2z0br5ydsj70l0tdpmtzx8sk2vcts99hm1cnm56jc.webp\" alt=\"Amplia sala de estar con chimenea, instalaci\u00f3n art\u00edstica r\u00fastica de madera, mesa de comedor y TV en la casa de vacaciones S\u00e3o Miguel Ponta Delgada.\" \/><\/figure><\/a><\/div><div class=\"swiper-slide\" role=\"group\" aria-roledescription=\"slide\" aria-label=\"2 de 5\"><a data-elementor-open-lightbox=\"yes\" data-elementor-lightbox-slideshow=\"e1d0e26\" data-elementor-lightbox-title=\"garden-terrace-hydrangeas-palm-sao-miguel-azores-rental\" data-elementor-lightbox-description=\"Exuberant garden with typical Azorean hydrangeas and palm trees at the vacation property in S\u00e3o Miguel\" data-e-action-hash=\"#elementor-action%3Aaction%3Dlightbox%26settings%3DeyJpZCI6MTAyNiwidXJsIjoiaHR0cHM6XC9cL3BvbnRhZGVsZ2FkYWF6b3Jlc3JlbnRhbHMuY29tXC93cC1jb250ZW50XC91cGxvYWRzXC8yMDI1XC8wM1wvZ2FyZGVuLXRlcnJhY2UtaHlkcmFuZ2Vhcy1wYWxtLXNhby1taWd1ZWwtYXpvcmVzLXJlbnRhbC0xLndlYnAiLCJzbGlkZXNob3ciOiJlMWQwZTI2In0%3D\" href=\"https:\/\/pontadelgadaazoresrentals.com\/wp-content\/uploads\/2025\/03\/garden-terrace-hydrangeas-palm-sao-miguel-azores-rental-1.webp\"><figure class=\"swiper-slide-inner\"><img decoding=\"async\" class=\"swiper-slide-image\" src=\"https:\/\/pontadelgadaazoresrentals.com\/wp-content\/uploads\/elementor\/thumbs\/garden-terrace-hydrangeas-palm-sao-miguel-azores-rental-1-r2z071160s2an5vxz63cym6d1c5x4khui7ygsj5ftk.webp\" alt=\"Terraza ajardinada exuberante con palmeras, hortensias y senderos de piedra en la villa vacacional familiar de S\u00e3o Miguel, Azores.\" \/><\/figure><\/a><\/div><div class=\"swiper-slide\" role=\"group\" aria-roledescription=\"slide\" aria-label=\"3 de 5\"><a data-elementor-open-lightbox=\"yes\" data-elementor-lightbox-slideshow=\"e1d0e26\" data-elementor-lightbox-title=\"bedroom with double bed and single bed, Azores family holiday villa\" data-elementor-lightbox-description=\"Triple bedroom with double bed and single bed, colorful decor perfect for families vacationing in the Azores\" data-e-action-hash=\"#elementor-action%3Aaction%3Dlightbox%26settings%3DeyJpZCI6MTAyNSwidXJsIjoiaHR0cHM6XC9cL3BvbnRhZGVsZ2FkYWF6b3Jlc3JlbnRhbHMuY29tXC93cC1jb250ZW50XC91cGxvYWRzXC8yMDI1XC8wM1wvdHJpcGxlLWJlZHJvb20tY29sb3JmdWwtc2FvLW1pZ3VlbC1hem9yZXMtdmFjYXRpb24tcmVudGFsLTEtc2NhbGVkLndlYnAiLCJzbGlkZXNob3ciOiJlMWQwZTI2In0%3D\" href=\"https:\/\/pontadelgadaazoresrentals.com\/wp-content\/uploads\/2025\/03\/triple-bedroom-colorful-sao-miguel-azores-vacation-rental-1-scaled.webp\"><figure class=\"swiper-slide-inner\"><img decoding=\"async\" class=\"swiper-slide-image\" src=\"https:\/\/pontadelgadaazoresrentals.com\/wp-content\/uploads\/elementor\/thumbs\/triple-bedroom-colorful-sao-miguel-azores-vacation-rental-1-scaled-r2yzsxgbi8rghqd8b2otk69g99npo0iskfo9n4215k.webp\" alt=\"Habitaci\u00f3n triple luminosa con cama doble y cama individual, ropa de cama colorida y paredes amarillas en una villa de vacaciones familiar en S\u00e3o Miguel, Azores.\" \/><\/figure><\/a><\/div><div class=\"swiper-slide\" role=\"group\" aria-roledescription=\"slide\" aria-label=\"4 de 5\"><a data-elementor-open-lightbox=\"yes\" data-elementor-lightbox-slideshow=\"e1d0e26\" data-elementor-lightbox-title=\"triple-bedroom-colorful-sao-miguel-azores-vacation-rental\" data-e-action-hash=\"#elementor-action%3Aaction%3Dlightbox%26settings%3DeyJpZCI6MTAyMywidXJsIjoiaHR0cHM6XC9cL3BvbnRhZGVsZ2FkYWF6b3Jlc3JlbnRhbHMuY29tXC93cC1jb250ZW50XC91cGxvYWRzXC8yMDI1XC8wM1wvdHJpcGxlLWJlZHJvb20tY29sb3JmdWwtc2FvLW1pZ3VlbC1hem9yZXMtdmFjYXRpb24tcmVudGFsLXNjYWxlZC5qcGciLCJzbGlkZXNob3ciOiJlMWQwZTI2In0%3D\" href=\"https:\/\/pontadelgadaazoresrentals.com\/wp-content\/uploads\/2025\/03\/triple-bedroom-colorful-sao-miguel-azores-vacation-rental-scaled.jpg\"><figure class=\"swiper-slide-inner\"><img decoding=\"async\" class=\"swiper-slide-image\" src=\"https:\/\/pontadelgadaazoresrentals.com\/wp-content\/uploads\/elementor\/thumbs\/triple-bedroom-colorful-sao-miguel-azores-vacation-rental-scaled-rlqftwk26duk74gxll6blud2wvyxq2fn26rxhxw120.jpg\" alt=\"Casa de vacaciones colorida de tres habitaciones en S\u00e3o Miguel, Azores\" \/><\/figure><\/a><\/div><div class=\"swiper-slide\" role=\"group\" aria-roledescription=\"slide\" aria-label=\"5 de 5\"><a data-elementor-open-lightbox=\"yes\" data-elementor-lightbox-slideshow=\"e1d0e26\" data-elementor-lightbox-title=\"outdoor-barbecue-dining-area-sao-miguel-azores-vacation-rental\" data-elementor-lightbox-description=\"barbecue, Portuguese tiles, outdoor dining, Azores accommodation, S\u00e3o Miguel vacation\" data-e-action-hash=\"#elementor-action%3Aaction%3Dlightbox%26settings%3DeyJpZCI6MTAxOCwidXJsIjoiaHR0cHM6XC9cL3BvbnRhZGVsZ2FkYWF6b3Jlc3JlbnRhbHMuY29tXC93cC1jb250ZW50XC91cGxvYWRzXC8yMDI1XC8wM1wvb3V0ZG9vci1iYXJiZWN1ZS1kaW5pbmctYXJlYS1zYW8tbWlndWVsLWF6b3Jlcy12YWNhdGlvbi1yZW50YWwtc2NhbGVkLndlYnAiLCJzbGlkZXNob3ciOiJlMWQwZTI2In0%3D\" href=\"https:\/\/pontadelgadaazoresrentals.com\/wp-content\/uploads\/2025\/03\/outdoor-barbecue-dining-area-sao-miguel-azores-vacation-rental-scaled.webp\"><figure class=\"swiper-slide-inner\"><img decoding=\"async\" class=\"swiper-slide-image\" src=\"https:\/\/pontadelgadaazoresrentals.com\/wp-content\/uploads\/elementor\/thumbs\/outdoor-barbecue-dining-area-sao-miguel-azores-vacation-rental-scaled-r2yzdcao65f9yj0cbu4jplv9m8hl0pn1fa7e4x62c8.webp\" alt=\"Comedor tradicional al aire libre con barbacoa, paredes de azulejos azules portugueses, vajilla colorida y acceso al jard\u00edn en la villa de vacaciones en S\u00e3o Miguel Azores&quot; Descripci\u00f3n: &quot;Espa\u00e7o exterior com churrasqueira tradicional, azulejos portugueses, perfecto para refei\u00e7\u00f5es em fam\u00edlia em S\u00e3o Miguel\" \/><\/figure><\/a><\/div>\t\t\t<\/div>\n\t\t\t\t\t\t\t\t\t\t\t\t<div class=\"elementor-swiper-button elementor-swiper-button-prev\" role=\"button\" tabindex=\"0\">\n\t\t\t\t\t\t<svg aria-hidden=\"true\" class=\"e-font-icon-svg e-eicon-chevron-left\" viewbox=\"0 0 1000 1000\" xmlns=\"http:\/\/www.w3.org\/2000\/svg\"><path d=\"M646 125C629 125 613 133 604 142L308 442C296 454 292 471 292 487 292 504 296 521 308 533L604 854C617 867 629 875 646 875 663 875 679 871 692 858 704 846 713 829 713 812 713 796 708 779 692 767L438 487 692 225C700 217 708 204 708 187 708 171 704 154 692 142 675 129 663 125 646 125Z\"><\/path><\/svg>\t\t\t\t\t<\/div>\n\t\t\t\t\t<div class=\"elementor-swiper-button elementor-swiper-button-next\" role=\"button\" tabindex=\"0\">\n\t\t\t\t\t\t<svg aria-hidden=\"true\" class=\"e-font-icon-svg e-eicon-chevron-right\" viewbox=\"0 0 1000 1000\" xmlns=\"http:\/\/www.w3.org\/2000\/svg\"><path d=\"M696 533C708 521 713 504 713 487 713 471 708 454 696 446L400 146C388 133 375 125 354 125 338 125 325 129 313 142 300 154 292 171 292 187 292 204 296 221 308 233L563 492 304 771C292 783 288 800 288 817 288 833 296 850 308 863 321 871 338 875 354 875 371 875 388 867 400 854L696 533Z\"><\/path><\/svg>\t\t\t\t\t<\/div>\n\t\t\t\t\n\t\t\t\t\t\t\t\t\t<div class=\"swiper-pagination\"><\/div>\n\t\t\t\t\t\t\t\t\t<\/div>\n\t\t\t\t\t\t<\/div>\n\t\t\t\t<\/div>\n\t\t\t\t\t<\/div>\n\t\t\t\t<\/div>\n\t\t\t\t<\/div>","protected":false},"excerpt":{"rendered":"<p>Family Villa Vacation se asocia con Ponta Delgada Azores Rentals, su sitio web de referencia para alquileres vacacionales en Ponta Delgada, Azores.<\/p>\n<h4>Lo que lo convierte en el refugio perfecto para <strong>vacaciones en grupo con familiares y amigos.<\/strong> Las vacaciones en villas familiares ofrecen una estancia inolvidable en un entorno acogedor y una <strong>Excelente ubicaci\u00f3n<\/strong>.<\/h4>\n<h3>\u00cdndice<\/h3>\n<ul>\n<li><a href=\"#unforgettable-moments\">Una casa de vacaciones para momentos inolvidables.<\/a><\/li>\n<li><a href=\"#location\">Ubicaci\u00f3n privilegiada<\/a><\/li>\n<li><a href=\"#comfort\">Comodidad y dise\u00f1o inteligente<\/a><\/li>\n<li><a href=\"#outdoors\">Espacios exteriores impresionantes<\/a><\/li>\n<li><a href=\"#amenities\">Servicios de primera categor\u00eda para una estancia perfecta.<\/a><\/li>\n<li><a href=\"#surroundings\">Qu\u00e9 hacer cerca<\/a><\/li>\n<li><a href=\"#booking\">Reserva ahora y v\u00edvelo<\/a><\/li>\n<\/ul>\n<p>&nbsp;<\/p>\n<p>Bienvenido a <a href=\"https:\/\/pontadelgadaazoresrentals.com\/es\/alquileres-en-ponta-delgada-azores\/reservas\/vacaciones-familiares-villa-vacaciones-ponta-delgada\/\"><strong>Villa familiar para vacaciones en Ponta Delgada<\/strong><\/a>. Esto no es solo una casa de vacaciones; es un refugio donde la naturaleza y las personas se unen para crear recuerdos inolvidables.<\/p>","protected":false},"author":4,"featured_media":0,"parent":464,"menu_order":0,"comment_status":"closed","ping_status":"closed","template":"","meta":{"footnotes":""},"class_list":["post-531","page","type-page","status-publish","hentry"],"_links":{"self":[{"href":"https:\/\/pontadelgadaazoresrentals.com\/es\/wp-json\/wp\/v2\/pages\/531","targetHints":{"allow":["GET"]}}],"collection":[{"href":"https:\/\/pontadelgadaazoresrentals.com\/es\/wp-json\/wp\/v2\/pages"}],"about":[{"href":"https:\/\/pontadelgadaazoresrentals.com\/es\/wp-json\/wp\/v2\/types\/page"}],"author":[{"embeddable":true,"href":"https:\/\/pontadelgadaazoresrentals.com\/es\/wp-json\/wp\/v2\/users\/4"}],"replies":[{"embeddable":true,"href":"https:\/\/pontadelgadaazoresrentals.com\/es\/wp-json\/wp\/v2\/comments?post=531"}],"version-history":[{"count":131,"href":"https:\/\/pontadelgadaazoresrentals.com\/es\/wp-json\/wp\/v2\/pages\/531\/revisions"}],"predecessor-version":[{"id":1721,"href":"https:\/\/pontadelgadaazoresrentals.com\/es\/wp-json\/wp\/v2\/pages\/531\/revisions\/1721"}],"up":[{"embeddable":true,"href":"https:\/\/pontadelgadaazoresrentals.com\/es\/wp-json\/wp\/v2\/pages\/464"}],"wp:attachment":[{"href":"https:\/\/pontadelgadaazoresrentals.com\/es\/wp-json\/wp\/v2\/media?parent=531"}],"curies":[{"name":"wp","href":"https:\/\/api.w.org\/{rel}","templated":true}]}}