{"id":23,"date":"2024-03-07T16:34:04","date_gmt":"2024-03-07T16:34:04","guid":{"rendered":"https:\/\/pontadelgadaazoresrentals.com\/gallery\/"},"modified":"2026-04-14T01:54:20","modified_gmt":"2026-04-14T01:54:20","slug":"a-propos-de-nous","status":"publish","type":"page","link":"https:\/\/pontadelgadaazoresrentals.com\/fr\/ponta-delgada-azores-rentals\/about-us\/","title":{"rendered":"\u00c0 propos de nous"},"content":{"rendered":"<div data-elementor-type=\"wp-page\" data-elementor-id=\"23\" class=\"elementor elementor-23\">\n\t\t\t\t<div class=\"elementor-element elementor-element-3d9539b e-flex e-con-boxed e-con e-parent\" data-id=\"3d9539b\" data-element_type=\"container\" data-e-type=\"container\">\n\t\t\t\t\t<div class=\"e-con-inner\">\n\t\t\t\t<div class=\"elementor-element elementor-element-bcfd9c1 elementor-widget elementor-widget-image\" data-id=\"bcfd9c1\" data-element_type=\"widget\" data-e-type=\"widget\" data-widget_type=\"image.default\">\n\t\t\t\t<div class=\"elementor-widget-container\">\n\t\t\t\t\t\t\t\t\t\t\t\t\t\t\t<img fetchpriority=\"high\" decoding=\"async\" width=\"1842\" height=\"562\" src=\"https:\/\/pontadelgadaazoresrentals.com\/wp-content\/uploads\/2026\/04\/hero-banner-whales-sanctuary-ponta-delgada-azores-rentals.png\" class=\"attachment-full size-full wp-image-1995\" alt=\"Banni\u00e8re de h\u00e9ros strat\u00e9gique montrant des cachalots se reposant verticalement dans l&#039;oc\u00e9an bleu des A\u00e7ores, repr\u00e9sentant la paix et le sanctuaire offerts par Ponta Delgada Azores Rentals. PT\u00a0:\u00a0Banner principal strat\u00e9gique montrant les cachalotes \u00e0 descendre verticalement dans l&#039;oc\u00e9an bleu des A\u00e7ores, repr\u00e9sentant la paix et le sanctuaire offerts par Ponta Delgada Azores Rentals\" srcset=\"https:\/\/pontadelgadaazoresrentals.com\/wp-content\/uploads\/2026\/04\/hero-banner-whales-sanctuary-ponta-delgada-azores-rentals.png 1842w, https:\/\/pontadelgadaazoresrentals.com\/wp-content\/uploads\/2026\/04\/hero-banner-whales-sanctuary-ponta-delgada-azores-rentals-300x92.png 300w, https:\/\/pontadelgadaazoresrentals.com\/wp-content\/uploads\/2026\/04\/hero-banner-whales-sanctuary-ponta-delgada-azores-rentals-1024x312.png 1024w, https:\/\/pontadelgadaazoresrentals.com\/wp-content\/uploads\/2026\/04\/hero-banner-whales-sanctuary-ponta-delgada-azores-rentals-768x234.png 768w, https:\/\/pontadelgadaazoresrentals.com\/wp-content\/uploads\/2026\/04\/hero-banner-whales-sanctuary-ponta-delgada-azores-rentals-1536x469.png 1536w, https:\/\/pontadelgadaazoresrentals.com\/wp-content\/uploads\/2026\/04\/hero-banner-whales-sanctuary-ponta-delgada-azores-rentals-18x5.png 18w\" sizes=\"(max-width: 1842px) 100vw, 1842px\" \/>\t\t\t\t\t\t\t\t\t\t\t\t\t\t\t<\/div>\n\t\t\t\t<\/div>\n\t\t\t\t\t<\/div>\n\t\t\t\t<\/div>\n\t\t<div class=\"elementor-element elementor-element-3e93525 e-flex e-con-boxed e-con e-parent\" data-id=\"3e93525\" data-element_type=\"container\" data-e-type=\"container\">\n\t\t\t\t\t<div class=\"e-con-inner\">\n\t\t\t\t<div class=\"elementor-element elementor-element-91f0fb3 elementor-widget elementor-widget-heading\" data-id=\"91f0fb3\" data-element_type=\"widget\" data-e-type=\"widget\" data-widget_type=\"heading.default\">\n\t\t\t\t<div class=\"elementor-widget-container\">\n\t\t\t\t\t<h3 class=\"elementor-heading-title elementor-size-default\">Expertise locale et votre havre de paix \u00e0 Ponta Delgada\n<\/h3>\t\t\t\t<\/div>\n\t\t\t\t<\/div>\n\t\t\t\t\t<\/div>\n\t\t\t\t<\/div>\n\t\t<div class=\"elementor-element elementor-element-6ee4fe0 e-flex e-con-boxed e-con e-parent\" data-id=\"6ee4fe0\" data-element_type=\"container\" data-e-type=\"container\">\n\t\t\t\t\t<div class=\"e-con-inner\">\n\t\t\t\t<div class=\"elementor-element elementor-element-0f44305 elementor-widget elementor-widget-text-editor\" data-id=\"0f44305\" data-element_type=\"widget\" data-e-type=\"widget\" data-widget_type=\"text-editor.default\">\n\t\t\t\t<div class=\"elementor-widget-container\">\n\t\t\t\t\t\t\t\t\t<p style=\"font-size: 1.1rem; line-height: 1.6; color: #444;\">Nous sommes bien plus qu&#039;un simple prestataire d&#039;h\u00e9bergement ; nous sommes vos partenaires locaux aux A\u00e7ores. En tant que partenaire d\u00e9vou\u00e9 <strong>Guide local Google<\/strong> Profond\u00e9ment enracin\u00e9s \u00e0 S\u00e3o Miguel, notre mission est d&#039;offrir un v\u00e9ritable sanctuaire aux voyageurs.<\/p><p style=\"font-size: 1.1rem; line-height: 1.6; color: #444;\">Depuis le spacieux <a href=\"https:\/\/pontadelgadaazoresrentals.com\/fr\/locations-a-ponta-delgada-acores\/reserves\/vacances-en-famille-villa-vacances-ponta-delgada\/\">Vacances en famille \u00e0 la villa<\/a> ou <a href=\"https:\/\/pontadelgadaazoresrentals.com\/fr\/locations-a-ponta-delgada-acores\/reserves\/ponta-delgada-appartement-t3\/\">Appartement Ponta Delgada T3<\/a>, tous deux id\u00e9aux pour les familles, \u00e0 notre tradition <a href=\"https:\/\/pontadelgadaazoresrentals.com\/fr\/locations-a-ponta-delgada-acores\/reserves\/maison-dhotes-ponta-delgada\/\">Guest House da Faj\u00e3<\/a>, Chaque d\u00e9tail est pens\u00e9 pour le confort et l&#039;authenticit\u00e9.<\/p><p style=\"font-size: 1.1rem; line-height: 1.6; color: #444;\">Nous pensons qu&#039;un s\u00e9jour parfait allie la tranquillit\u00e9 d&#039;une retraite priv\u00e9e aux connaissances d&#039;initi\u00e9s que seul un local peut offrir. Qu&#039;il s&#039;agisse de trouver le <a href=\"https:\/\/pontadelgadaazoresrentals.com\/fr\/guide-de-location-de-voitures-et-conseils-locaux\/\"><strong>meilleure location de voiture<\/strong><\/a> Que vous souhaitiez d\u00e9couvrir un jardin cach\u00e9 ou simplement profiter pleinement de Ponta Delgada, nous sommes l\u00e0 pour vous faire vivre le meilleur de la ville, comme un habitant du coin.<\/p>\t\t\t\t\t\t\t\t<\/div>\n\t\t\t\t<\/div>\n\t\t\t\t\t<\/div>\n\t\t\t\t<\/div>\n\t\t<div class=\"elementor-element elementor-element-f474d9e e-flex e-con-boxed e-con e-parent\" data-id=\"f474d9e\" data-element_type=\"container\" data-e-type=\"container\">\n\t\t\t\t\t<div class=\"e-con-inner\">\n\t\t<div class=\"elementor-element elementor-element-64d2fa8 e-con-full e-flex e-con e-child\" data-id=\"64d2fa8\" data-element_type=\"container\" data-e-type=\"container\">\n\t\t<div class=\"elementor-element elementor-element-604b38f e-grid e-con-full e-con e-child\" data-id=\"604b38f\" data-element_type=\"container\" data-e-type=\"container\">\n\t\t\t\t<div class=\"elementor-element elementor-element-fdd9f05 elementor-widget elementor-widget-text-editor\" data-id=\"fdd9f05\" data-element_type=\"widget\" data-e-type=\"widget\" data-widget_type=\"text-editor.default\">\n\t\t\t\t<div class=\"elementor-widget-container\">\n\t\t\t\t\t\t\t\t\t<h3 class=\"wp-block-heading has-text-align-left has-primary-color has-text-color has-large-font-size\">\u00a0<strong>+10<\/strong><\/h3><h3 class=\"wp-block-heading has-text-align-left\"><strong>Ann\u00e9es d&#039;activit\u00e9<\/strong><\/h3><p class=\"has-text-align-left\">Nous proposons des locations de vacances exceptionnelles depuis plus de 10 ans, garantissant des exp\u00e9riences m\u00e9morables \u00e0 nos clients.<\/p>\t\t\t\t\t\t\t\t<\/div>\n\t\t\t\t<\/div>\n\t\t\t\t<div class=\"elementor-element elementor-element-5c7d087 elementor-widget elementor-widget-text-editor\" data-id=\"5c7d087\" data-element_type=\"widget\" data-e-type=\"widget\" data-widget_type=\"text-editor.default\">\n\t\t\t\t<div class=\"elementor-widget-container\">\n\t\t\t\t\t\t\t\t\t<h3 class=\"wp-block-heading has-text-align-left has-primary-color has-text-color has-large-font-size\"><strong class=\"Yjhzub\" style=\"font-size: px;\" data-sfc-root=\"c\" data-sfc-cb=\"\" data-complete=\"true\">500+ <\/strong><\/h3>\n<h3 class=\"wp-block-heading has-text-align-left has-primary-color has-text-color has-large-font-size\"><strong class=\"Yjhzub\" style=\"font-size: px;\" data-sfc-root=\"c\" data-sfc-cb=\"\" data-complete=\"true\">S\u00e9jours termin\u00e9s<\/strong><\/h3>\n<div class=\"Y3BBE\" data-sfc-cp=\"\" data-sfc-root=\"c\" data-sfc-cb=\"\" data-hveid=\"CAEIAhAB\" data-complete=\"true\"><strong class=\"Yjhzub\" data-sfc-root=\"c\" data-sfc-cb=\"\" data-complete=\"true\">Escapades inoubliables \u00e0 S\u00e3o Miguel<\/strong><br data-sfc-root=\"c\" data-sfc-pl=\"|[]\" data-sfc-cb=\"\" data-complete=\"true\" \/>Avec plus de 500 s\u00e9jours et un\u00a0<strong class=\"Yjhzub\" data-sfc-root=\"c\" data-sfc-cb=\"\" data-complete=\"true\">Fabuleux<\/strong>\u00a0Notre note, la satisfaction de nos clients, t\u00e9moigne de notre engagement envers un service exceptionnel.<\/div>\n<p class=\"has-text-align-left has-small-font-size\">\u00a0<\/p>\n<p class=\"has-text-align-left has-small-font-size\">\u00a0<\/p>\t\t\t\t\t\t\t\t<\/div>\n\t\t\t\t<\/div>\n\t\t\t\t<\/div>\n\t\t\t\t<\/div>\n\t\t<div class=\"elementor-element elementor-element-9d7bd22 e-con-full e-flex e-con e-child\" data-id=\"9d7bd22\" data-element_type=\"container\" data-e-type=\"container\">\n\t\t\t\t<div class=\"elementor-element elementor-element-3a2151c elementor-widget elementor-widget-image\" data-id=\"3a2151c\" data-element_type=\"widget\" data-e-type=\"widget\" data-widget_type=\"image.default\">\n\t\t\t\t<div class=\"elementor-widget-container\">\n\t\t\t\t\t\t\t\t\t\t\t\t<figure class=\"wp-caption\">\n\t\t\t\t\t\t\t\t\t\t\t<a href=\"https:\/\/www.google.com\/maps\/contrib\/113298970049589776631\/reviews\/@38.396484,-20.0412065,1955065m\/data=!3m2!1e3!4b1!4m3!8m2!3m1!1e1?entry=ttu&#038;g_ep=EgoyMDI2MDQwOC4wIKXMDSoASAFQAw%3D%3D\">\n\t\t\t\t\t\t\t<img decoding=\"async\" width=\"300\" height=\"300\" src=\"https:\/\/pontadelgadaazoresrentals.com\/wp-content\/uploads\/2024\/03\/Mario_Feijoca_Business_Owner_PontaDelgadaRentalsAzores-300x300.jpg\" class=\"attachment-medium size-medium wp-image-47\" alt=\"\" srcset=\"https:\/\/pontadelgadaazoresrentals.com\/wp-content\/uploads\/2024\/03\/Mario_Feijoca_Business_Owner_PontaDelgadaRentalsAzores-300x300.jpg 300w, https:\/\/pontadelgadaazoresrentals.com\/wp-content\/uploads\/2024\/03\/Mario_Feijoca_Business_Owner_PontaDelgadaRentalsAzores-100x100.jpg 100w, https:\/\/pontadelgadaazoresrentals.com\/wp-content\/uploads\/2024\/03\/Mario_Feijoca_Business_Owner_PontaDelgadaRentalsAzores-600x600.jpg 600w, https:\/\/pontadelgadaazoresrentals.com\/wp-content\/uploads\/2024\/03\/Mario_Feijoca_Business_Owner_PontaDelgadaRentalsAzores-150x150.jpg 150w, https:\/\/pontadelgadaazoresrentals.com\/wp-content\/uploads\/2024\/03\/Mario_Feijoca_Business_Owner_PontaDelgadaRentalsAzores-768x768.jpg 768w, https:\/\/pontadelgadaazoresrentals.com\/wp-content\/uploads\/2024\/03\/Mario_Feijoca_Business_Owner_PontaDelgadaRentalsAzores.jpg 900w\" sizes=\"(max-width: 300px) 100vw, 300px\" \/>\t\t\t\t\t\t\t\t<\/a>\n\t\t\t\t\t\t\t\t\t\t\t<figcaption class=\"widget-image-caption wp-caption-text\">Propri\u00e9taire et guide local Google<\/figcaption>\n\t\t\t\t\t\t\t\t\t\t<\/figure>\n\t\t\t\t\t\t\t\t\t<\/div>\n\t\t\t\t<\/div>\n\t\t\t\t<\/div>\n\t\t<div class=\"elementor-element elementor-element-8f608d5 e-con-full e-flex e-con e-child\" data-id=\"8f608d5\" data-element_type=\"container\" data-e-type=\"container\">\n\t\t\t\t<div class=\"elementor-element elementor-element-44867c9 elementor-widget elementor-widget-image\" data-id=\"44867c9\" data-element_type=\"widget\" data-e-type=\"widget\" data-widget_type=\"image.default\">\n\t\t\t\t<div class=\"elementor-widget-container\">\n\t\t\t\t\t\t\t\t\t\t\t\t<figure class=\"wp-caption\">\n\t\t\t\t\t\t\t\t\t\t<img decoding=\"async\" width=\"300\" height=\"300\" src=\"https:\/\/pontadelgadaazoresrentals.com\/wp-content\/uploads\/2024\/03\/bruna-300x300.jpg\" class=\"attachment-medium size-medium wp-image-45\" alt=\"\" srcset=\"https:\/\/pontadelgadaazoresrentals.com\/wp-content\/uploads\/2024\/03\/bruna-300x300.jpg 300w, https:\/\/pontadelgadaazoresrentals.com\/wp-content\/uploads\/2024\/03\/bruna-100x100.jpg 100w, https:\/\/pontadelgadaazoresrentals.com\/wp-content\/uploads\/2024\/03\/bruna-150x150.jpg 150w, https:\/\/pontadelgadaazoresrentals.com\/wp-content\/uploads\/2024\/03\/bruna.jpg 315w\" sizes=\"(max-width: 300px) 100vw, 300px\" \/>\t\t\t\t\t\t\t\t\t\t\t<figcaption class=\"widget-image-caption wp-caption-text\">Bruna, assistante commerciale<\/figcaption>\n\t\t\t\t\t\t\t\t\t\t<\/figure>\n\t\t\t\t\t\t\t\t\t<\/div>\n\t\t\t\t<\/div>\n\t\t\t\t<\/div>\n\t\t<div class=\"elementor-element elementor-element-6bb9d10 e-con-full e-flex e-con e-child\" data-id=\"6bb9d10\" data-element_type=\"container\" data-e-type=\"container\">\n\t\t<div class=\"elementor-element elementor-element-d21a8ed e-grid e-con-full e-con e-child\" data-id=\"d21a8ed\" data-element_type=\"container\" data-e-type=\"container\">\n\t\t\t\t<div class=\"elementor-element elementor-element-bbbb3c6 elementor-widget elementor-widget-text-editor\" data-id=\"bbbb3c6\" data-element_type=\"widget\" data-e-type=\"widget\" data-widget_type=\"text-editor.default\">\n\t\t\t\t<div class=\"elementor-widget-container\">\n\t\t\t\t\t\t\t\t\t<h3 class=\"wp-block-heading has-text-align-left has-primary-color has-text-color has-large-font-size\"><strong>5,000+<\/strong><\/h3><p class=\"Y3BBE\" data-sfc-root=\"c\" data-hveid=\"CAEIAxAB\" data-complete=\"true\"><strong class=\"Yjhzub\" data-sfc-root=\"c\" data-sfc-cb=\"\" data-complete=\"true\">Bienvenue aux invit\u00e9s<\/strong><br data-sfc-root=\"c\" data-sfc-pl=\"|[]\" data-sfc-cb=\"\" data-complete=\"true\" \/>Plus de 5\u00a0000 clients nous ont fait confiance pour leur s\u00e9jour \u00e0 S\u00e3o Miguel. D\u00e9couvrez pourquoi nos propri\u00e9t\u00e9s pour groupes et familles sont si pl\u00e9biscit\u00e9es.\u00a0<strong class=\"Yjhzub\" data-sfc-root=\"c\" data-sfc-cb=\"\" data-complete=\"true\">Fabuleux<\/strong> notation.<\/p><div class=\"Fsg96\" data-sfc-cp=\"\" data-sfc-root=\"c\" data-sfc-cb=\"\" data-complete=\"true\" data-processed=\"true\">\u00a0<\/div>\t\t\t\t\t\t\t\t<\/div>\n\t\t\t\t<\/div>\n\t\t\t\t<div class=\"elementor-element elementor-element-0587945 elementor-widget elementor-widget-text-editor\" data-id=\"0587945\" data-element_type=\"widget\" data-e-type=\"widget\" data-widget_type=\"text-editor.default\">\n\t\t\t\t<div class=\"elementor-widget-container\">\n\t\t\t\t\t\t\t\t\t<h3 class=\"wp-block-heading has-text-align-left has-primary-color has-text-color has-large-font-size\"><strong>100%<\/strong><\/h3><h3><strong>Engagement des clients<\/strong><\/h3><p>Nous respectons votre vie priv\u00e9e et vous offrons un s\u00e9jour en toute ind\u00e9pendance, sans aucune intrusion. Consid\u00e9rez-nous comme votre refuge.\u00a0<strong class=\"Yjhzub\" data-sfc-root=\"c\" data-sfc-cb=\"\" data-complete=\"true\">\u201c ami silencieux \u201d<\/strong>\u00a0\u2014 toujours pr\u00e9sents en arri\u00e8re-plan, mais joignables par message ou par t\u00e9l\u00e9phone d\u00e8s que vous avez besoin de nous.<\/p>\t\t\t\t\t\t\t\t<\/div>\n\t\t\t\t<\/div>\n\t\t\t\t<\/div>\n\t\t\t\t<\/div>\n\t\t\t\t\t<\/div>\n\t\t\t\t<\/div>\n\t\t\t\t<\/div>","protected":false},"excerpt":{"rendered":"<p>Local Expertise &amp; Your Sanctuary in Ponta Delgada We are more than just an accommodation provider; we are your local partners in the Azores. As a dedicated Google Local Guide with deep roots in S\u00e3o Miguel, our mission is to offer a true sanctuary for travelers. From the spacious Family Holiday Villa Vacation or Ponta [&hellip;]<\/p>\n","protected":false},"author":3,"featured_media":0,"parent":147,"menu_order":0,"comment_status":"closed","ping_status":"closed","template":"","meta":{"footnotes":""},"class_list":["post-23","page","type-page","status-publish","hentry"],"_links":{"self":[{"href":"https:\/\/pontadelgadaazoresrentals.com\/fr\/wp-json\/wp\/v2\/pages\/23","targetHints":{"allow":["GET"]}}],"collection":[{"href":"https:\/\/pontadelgadaazoresrentals.com\/fr\/wp-json\/wp\/v2\/pages"}],"about":[{"href":"https:\/\/pontadelgadaazoresrentals.com\/fr\/wp-json\/wp\/v2\/types\/page"}],"author":[{"embeddable":true,"href":"https:\/\/pontadelgadaazoresrentals.com\/fr\/wp-json\/wp\/v2\/users\/3"}],"replies":[{"embeddable":true,"href":"https:\/\/pontadelgadaazoresrentals.com\/fr\/wp-json\/wp\/v2\/comments?post=23"}],"version-history":[{"count":28,"href":"https:\/\/pontadelgadaazoresrentals.com\/fr\/wp-json\/wp\/v2\/pages\/23\/revisions"}],"predecessor-version":[{"id":2026,"href":"https:\/\/pontadelgadaazoresrentals.com\/fr\/wp-json\/wp\/v2\/pages\/23\/revisions\/2026"}],"up":[{"embeddable":true,"href":"https:\/\/pontadelgadaazoresrentals.com\/fr\/wp-json\/wp\/v2\/pages\/147"}],"wp:attachment":[{"href":"https:\/\/pontadelgadaazoresrentals.com\/fr\/wp-json\/wp\/v2\/media?parent=23"}],"curies":[{"name":"wp","href":"https:\/\/api.w.org\/{rel}","templated":true}]}}