{"id":531,"date":"2025-03-14T14:53:34","date_gmt":"2025-03-14T14:53:34","guid":{"rendered":"https:\/\/pontadelgadaazoresrentals.com\/?page_id=531"},"modified":"2026-04-11T23:40:00","modified_gmt":"2026-04-11T23:40:00","slug":"vacances-en-famille-villa-vacances-ponta-delgada","status":"publish","type":"page","link":"https:\/\/pontadelgadaazoresrentals.com\/fr\/ponta-delgada-azores-rentals\/reservas\/family-holiday-villa-vacation-ponta-delgada\/","title":{"rendered":"Vacances en famille Villa Vacances Ponta Delgada"},"content":{"rendered":"<div data-elementor-type=\"wp-page\" data-elementor-id=\"531\" class=\"elementor elementor-531\">\n\t\t\t\t<div class=\"elementor-element elementor-element-19e8840 e-grid e-con-boxed e-con e-parent\" data-id=\"19e8840\" data-element_type=\"container\" data-e-type=\"container\">\n\t\t\t\t\t<div class=\"e-con-inner\">\n\t\t\t\t<div class=\"elementor-element elementor-element-e3ca2ab elementor-widget elementor-widget-html\" data-id=\"e3ca2ab\" data-element_type=\"widget\" data-e-type=\"widget\" data-widget_type=\"html.default\">\n\t\t\t\t<div class=\"elementor-widget-container\">\n\t\t\t\t\t<div class=\"gallery-container\">\r\n    <div class=\"gallery\">\r\n        <div class=\"gallery-item large\">\r\n            <img src=\"\/wp-content\/uploads\/2026\/04\/Family-Holiday-Villa-Vacations-Ponta-Delgada.webp\" alt=\"Vacances en villa de vacances en famille - Appartement pour 18 personnes \u00e0 Ponta Delgada\" style=\"border-bottom-left-radius: 15px;\">\r\n        <\/div>\r\n        <div class=\"gallery-column\">\r\n            <div class=\"gallery-item half\">\r\n                <img decoding=\"async\" src=\"\/wp-content\/uploads\/2025\/03\/outdoor-barbecue-dining-area-sao-miguel-azores-vacation-rental-scaled.webp\" alt=\"Salle \u00e0 manger ext\u00e9rieure traditionnelle avec barbecue, murs en fa\u00efence bleue portugaise, vaisselle color\u00e9e et acc\u00e8s au jardin dans une villa de vacances \u00e0 S\u00e3o Miguel, aux A\u00e7ores\">\r\n            <\/div>\r\n            <div class=\"gallery-item half\">\r\n                <img decoding=\"async\" src=\"\/wp-content\/uploads\/2025\/03\/living-room-fireplace-dining-sao-miguel-azores-villa-1.webp\" alt=\"Salon spacieux avec chemin\u00e9e, installation artistique rustique en bois, table \u00e0 manger et t\u00e9l\u00e9vision dans une maison de vacances \u00e0 S\u00e3o Miguel Ponta Delgada\">\r\n            <\/div>\r\n        <\/div>\r\n        <div class=\"gallery-column\">\r\n            <div class=\"gallery-item half\">\r\n                <img decoding=\"async\" src=\"\/wp-content\/uploads\/2025\/03\/triple-bedroom-colorful-sao-miguel-azores-vacation-rental-1-scaled.webp\" alt=\"Chambre triple lumineuse avec lit double et lit simple, linge de lit color\u00e9, murs jaunes dans une villa de vacances familiale \u00e0 S\u00e3o Miguel, aux A\u00e7ores\">\r\n            <\/div>\r\n            <div class=\"gallery-item half\">\r\n                <img decoding=\"async\" src=\"\/wp-content\/uploads\/2025\/03\/garden-terrace-hydrangeas-palm-sao-miguel-azores-rental-1.webp\" alt=\"Terrasse de jardin luxuriante avec palmiers, hortensias et all\u00e9es de pierre dans une villa de vacances familiale \u00e0 S\u00e3o Miguel, aux A\u00e7ores\">style=&quot;border-bottom-right-radius: 15px;&quot;&gt;\r\n            <\/div>\r\n        <\/div>\r\n    <\/div>\r\n    <div class=\"calendar-container\">\r\n        <iframe src=\"https:\/\/calendar.google.com\/calendar\/embed?height=600&wkst=1&ctz=Atlantic%2FAzores&src=ZGo5djEwdDdhb3VxODdyOWM5dGJ1dWI5NnBoaHNsdTBAaW1wb3J0LmNhbGVuZGFyLmdvb2dsZS5jb20&color=%23D81B60\" style=\"border:solid 1px #777\" width=\"800\" height=\"300\" frameborder=\"0\" scrolling=\"no\"><\/iframe>\r\n    <\/div>\r\n<\/div>\r\n\r\n<style>\r\n    .gallery-container {\r\n        display: flex;\r\n        flex-direction: column;\r\n        justify-content: center;\r\n        max-width: 1200px;\r\n        margin: auto;\r\n        padding: 0;\r\n        overflow: hidden;\r\n        border-radius: 15px 15px 0 0;\r\n    }\r\n\r\n    .gallery {\r\n        display: grid;\r\n        grid-template-columns: 2fr 1fr 1fr;\r\n        gap: 10px;\r\n    }\r\n\r\n    .gallery-item {\r\n        position: relative;\r\n        overflow: hidden;\r\n        border-radius: 0;\r\n    }\r\n\r\n    .gallery-column {\r\n        display: grid;\r\n        grid-template-rows: 1fr 1fr;\r\n        gap: 10px;\r\n    }\r\n\r\n    .gallery-item img {\r\n        width: 100%;\r\n        height: 100%;\r\n        object-fit: cover;\r\n        display: block;\r\n    }\r\n\r\n    .half {\r\n        height: 100%;\r\n    }\r\n\r\n    .calendar-container {\r\n        margin-top: 10px;\r\n        display: flex;\r\n        justify-content: center;\r\n        border-radius: 0 0 15px 15px;\r\n        overflow: hidden;\r\n        clip-path: inset(0 0 0 0 round 0 0 15px 15px);\r\n    }\r\n<\/style>\r\n\t\t\t\t<\/div>\n\t\t\t\t<\/div>\n\t\t\t\t\t<\/div>\n\t\t\t\t<\/div>\n\t\t<div class=\"elementor-element elementor-element-39a248e e-grid e-con-boxed e-con e-parent\" data-id=\"39a248e\" data-element_type=\"container\" data-e-type=\"container\">\n\t\t\t\t\t<div class=\"e-con-inner\">\n\t\t\t\t<div class=\"elementor-element elementor-element-c290fcf elementor-widget elementor-widget-google_maps\" data-id=\"c290fcf\" data-element_type=\"widget\" data-e-type=\"widget\" data-widget_type=\"google_maps.default\">\n\t\t\t\t<div class=\"elementor-widget-container\">\n\t\t\t\t\t\t\t<div class=\"elementor-custom-embed\">\n\t\t\t<iframe loading=\"lazy\"\n\t\t\t\t\tsrc=\"https:\/\/maps.google.com\/maps?q=family%20holiday%20villa%20vacation&#038;t=m&#038;z=13&#038;output=embed&#038;iwloc=near\"\n\t\t\t\t\ttitle=\"vacances en famille en villa\"\n\t\t\t\t\taria-label=\"vacances en famille en villa\"\n\t\t\t><\/iframe>\n\t\t<\/div>\n\t\t\t\t\t\t<\/div>\n\t\t\t\t<\/div>\n\t\t\t\t<div class=\"elementor-element elementor-element-33da84f elementor-widget elementor-widget-html\" data-id=\"33da84f\" data-element_type=\"widget\" data-e-type=\"widget\" data-widget_type=\"html.default\">\n\t\t\t\t<div class=\"elementor-widget-container\">\n\t\t\t\t\t<h2>D\u00e9couvrez l&#039;exp\u00e9rience unique de notre maison de vacances<\/h2>\n<h3><strong>Vacances en famille \u00e0 la villa<\/strong> est une maison spacieuse et traditionnelle pouvant accueillir jusqu&#039;\u00e0 <strong>18 personnes.<\/strong><\/h3>\n<p>Family Villa Vacation s&#039;associe \u00e0 Ponta Delgada Azores Rentals, votre site de location de vacances de r\u00e9f\u00e9rence \u00e0 Ponta Delgada, aux A\u00e7ores.<\/p>\n<h4>Ce qui en fait le refuge id\u00e9al pour <strong>Vacances en groupe, en famille ou entre amis.<\/strong> Family Holiday Villa Vacations propose un s\u00e9jour inoubliable dans un cadre chaleureux et accueillant. <strong>emplacement excellent<\/strong>.<\/h4>\n\n<h3>Indice<\/h3>\n<ul>\n    <li><a href=\"#unforgettable-moments\">Une maison de vacances pour des moments inoubliables<\/a><\/li>\n    <li><a href=\"#location\">Emplacement de premier choix<\/a><\/li>\n    <li><a href=\"#comfort\">Confort et conception bien pens\u00e9e<\/a><\/li>\n    <li><a href=\"#outdoors\">Des espaces ext\u00e9rieurs \u00e0 couper le souffle<\/a><\/li>\n    <li><a href=\"#amenities\">Des prestations haut de gamme pour un s\u00e9jour parfait<\/a><\/li>\n    <li><a href=\"#surroundings\">Que faire \u00e0 proximit\u00e9<\/a><\/li>\n    <li><a href=\"#booking\">R\u00e9servez maintenant et vivez l&#039;exp\u00e9rience<\/a><\/li>\n<\/ul>\n<p>\n<\/p>\n\n<p>Bienvenue sur <a href=\"https:\/\/pontadelgadaazoresrentals.com\/fr\/locations-a-ponta-delgada-acores\/reserves\/vacances-en-famille-villa-vacances-ponta-delgada\/\"><strong>Vacances en famille Villa Vacances Ponta Delgada<\/strong><\/a>. Ce n&#039;est pas simplement une maison de vacances ; c&#039;est un lieu de retraite o\u00f9 la nature et les \u00eatres humains se rencontrent pour cr\u00e9er des souvenirs inoubliables.<\/p>\n\n<p>Orient\u00e9 plein sud sur l&#039;\u00eele de S\u00e3o Miguel, il pr\u00e9sente une architecture qui m\u00eale tradition a\u00e7orienne et pierre de basalte volcanique. Ici, au c\u0153ur d&#039;un paysage \u00e9poustouflant, l&#039;inattendu se produit\u00a0: on s&#039;attend \u00e0 peu de choses et l&#039;on est combl\u00e9.<\/p>\n\n<h4 id=\"location\">Emplacement de premier choix<\/h4>\n<p>En s\u00e9journant dans une villa \u00e0 Ponta Delgada, vous \u00eates au c\u0153ur de tout. C&#039;est pourquoi elle se trouve \u00e0 proximit\u00e9 des meilleurs attraits de la r\u00e9gion.<\/p>\n<ul>\n    <li><strong>Proche des principaux axes routiers<\/strong>, \u00e0 seulement 3 minutes des principaux axes routiers.<\/li>\n    <li><strong>La ville de Ponta Delgada<\/strong> Il est \u00e0 seulement 5 minutes et l&#039;a\u00e9roport Jo\u00e3o Paulo II \u00e0 seulement 15 minutes.<\/li>\n    <li><strong>Plages de sable noir<\/strong>, Les plages aux eaux cristallines ne sont qu&#039;\u00e0 5 minutes.<\/li>\n    <li><strong>march\u00e9s locaux et restaurants<\/strong> proposer des saveurs authentiques des A\u00e7ores.<\/li>\n<\/ul>\n\n<h4 id=\"comfort\">Villa de vacances en famille \u00e0 Ponta Delgada\u00a0: un design con\u00e7u pour vous<\/h4>\n<p>\u00c9quilibrage <strong>architecture traditionnelle et \u00e9l\u00e9ments naturels<\/strong>, Cette maison cr\u00e9e une atmosph\u00e8re familiale a\u00e7orienne chaleureuse et authentique.<\/p>\n<ul>\n    <li><strong>5 chambres spacieuses et climatis\u00e9es<\/strong>, assurant un repos revitalisant.<\/li>\n    <li><strong>\u0152uvres d&#039;art uniques d&#039;artistes locaux<\/strong>, faisant de cette villa une exp\u00e9rience culturelle.<\/li>\n    <li><strong>3 salles de bains \u00e9l\u00e9gantes<\/strong>, garantissant commodit\u00e9 et confort.<\/li>\n    <li><strong>Salon panoramique<\/strong>, parfait pour les moments en famille et les d\u00e9licieux repas.<\/li>\n    <li><strong>Cuisine enti\u00e8rement \u00e9quip\u00e9e<\/strong>, id\u00e9al pour pr\u00e9parer des produits frais et locaux.<\/li>\n<\/ul>\n\n<h4 id=\"outdoors\">Des espaces ext\u00e9rieurs \u00e0 couper le souffle\u00a0: d\u00e9tendez-vous et laissez-vous inspirer<\/h4>\n<p>L&#039;espace ext\u00e9rieur de cette villa est v\u00e9ritablement spectaculaire.<\/p>\n<ul>\n    <li><strong>Un jardin luxuriant<\/strong>, offrant air pur et tranquillit\u00e9.<\/li>\n    <li><strong>vues rurales et oc\u00e9aniques<\/strong>, offrant un paysage incroyable.<\/li>\n    <li><strong>espace repas ext\u00e9rieur<\/strong> avec un barbecue, id\u00e9al pour les moments sp\u00e9ciaux.<\/li>\n<\/ul>\n\n<h4 id=\"amenities\">Des d\u00e9tails qui font la diff\u00e9rence\u00a0: des \u00e9quipements haut de gamme<\/h4>\n<p>Tout a \u00e9t\u00e9 con\u00e7u pour assurer votre confort durant votre s\u00e9jour.<\/p>\n<ul>\n    <li><strong>Wi-Fi haut d\u00e9bit<\/strong>, vous permettant de rester connect\u00e9 en permanence.<\/li>\n    <li><strong>Climatisation et chauffage<\/strong>, assurant un climat int\u00e9rieur parfait.<\/li>\n    <li><strong>Parking priv\u00e9<\/strong>, garantissant s\u00e9curit\u00e9 et commodit\u00e9.<\/li>\n<\/ul>\n\n<h4 id=\"surroundings\">Exp\u00e9riences m\u00e9morables : Explorez les environs<\/h4>\n<ul>\n    <li><strong>excursions en bateau<\/strong> explorer le magnifique littoral des A\u00e7ores.<\/li>\n    <li><a href=\"https:\/\/repositorio.uac.pt\/entities\/publication\/11b77244-85b2-443e-9a55-c79d3626907b\" target=\"_blank\" rel=\"noopener\"><strong>observation des baleines<\/strong><\/a>, une exp\u00e9rience unique dans une vie.<\/li>\n    <li><strong>D\u00e9gustations de vins et gastronomie locale<\/strong>, plongez au c\u0153ur des saveurs authentiques des A\u00e7ores.<\/li>\n<\/ul>\n\n<h5 id=\"booking\">R\u00e9servez maintenant et vivez l&#039;exp\u00e9rience<\/h5>\n<p>\u00c0 <strong>Locations de vacances \u00e0 Ponta Delgada, aux A\u00e7ores<\/strong>, Chaque partenaire a \u00e9t\u00e9 choisi pour d\u00e9passer vos attentes. <strong>Vous vous attendiez \u00e0 peu de choses ? Vous aurez bien plus.<\/strong><\/p>\n<p>\ud83d\udce9 <strong>Contactez-nous pour plus d&#039;informations ou r\u00e9servez votre s\u00e9jour d\u00e8s maintenant !<\/strong><\/p>\n\t\t\t\t<\/div>\n\t\t\t\t<\/div>\n\t\t\t\t\t<\/div>\n\t\t\t\t<\/div>\n\t\t<div class=\"elementor-element elementor-element-34b6eb9 e-flex e-con-boxed e-con e-parent\" data-id=\"34b6eb9\" data-element_type=\"container\" data-e-type=\"container\">\n\t\t\t\t\t<div class=\"e-con-inner\">\n\t\t\t\t<div class=\"elementor-element elementor-element-e1d0e26 elementor-arrows-position-inside elementor-pagination-position-outside elementor-widget elementor-widget-image-carousel\" data-id=\"e1d0e26\" data-element_type=\"widget\" data-e-type=\"widget\" data-settings=\"{&quot;slides_to_show&quot;:&quot;3&quot;,&quot;navigation&quot;:&quot;both&quot;,&quot;autoplay&quot;:&quot;yes&quot;,&quot;pause_on_hover&quot;:&quot;yes&quot;,&quot;pause_on_interaction&quot;:&quot;yes&quot;,&quot;autoplay_speed&quot;:5000,&quot;infinite&quot;:&quot;yes&quot;,&quot;speed&quot;:500}\" data-widget_type=\"image-carousel.default\">\n\t\t\t\t<div class=\"elementor-widget-container\">\n\t\t\t\t\t\t\t<div class=\"elementor-image-carousel-wrapper swiper\" role=\"region\" aria-roledescription=\"carousel\" aria-label=\"Carrousel d&#039;images\" dir=\"ltr\">\n\t\t\t<div class=\"elementor-image-carousel swiper-wrapper\" aria-live=\"off\">\n\t\t\t\t\t\t\t\t<div class=\"swiper-slide\" role=\"group\" aria-roledescription=\"slide\" aria-label=\"1 sur 5\"><a data-elementor-open-lightbox=\"yes\" data-elementor-lightbox-slideshow=\"e1d0e26\" data-elementor-lightbox-title=\"living-room-fireplace-dining-sao-miguel-azores-villa\" data-elementor-lightbox-description=\"Cozy living room with fireplace, rustic art and dining area in the vacation home in S\u00e3o Miguel\" data-e-action-hash=\"#elementor-action%3Aaction%3Dlightbox%26settings%3DeyJpZCI6MTAyNywidXJsIjoiaHR0cHM6XC9cL3BvbnRhZGVsZ2FkYWF6b3Jlc3JlbnRhbHMuY29tXC93cC1jb250ZW50XC91cGxvYWRzXC8yMDI1XC8wM1wvbGl2aW5nLXJvb20tZmlyZXBsYWNlLWRpbmluZy1zYW8tbWlndWVsLWF6b3Jlcy12aWxsYS0xLndlYnAiLCJzbGlkZXNob3ciOiJlMWQwZTI2In0%3D\" href=\"https:\/\/pontadelgadaazoresrentals.com\/wp-content\/uploads\/2025\/03\/living-room-fireplace-dining-sao-miguel-azores-villa-1.webp\"><figure class=\"swiper-slide-inner\"><img decoding=\"async\" class=\"swiper-slide-image\" src=\"https:\/\/pontadelgadaazoresrentals.com\/wp-content\/uploads\/elementor\/thumbs\/living-room-fireplace-dining-sao-miguel-azores-villa-1-r2z0br5ydsj70l0tdpmtzx8sk2vcts99hm1cnm56jc.webp\" alt=\"Salon spacieux avec chemin\u00e9e, installation artistique rustique en bois, table \u00e0 manger et t\u00e9l\u00e9vision dans une maison de vacances \u00e0 S\u00e3o Miguel Ponta Delgada\" \/><\/figure><\/a><\/div><div class=\"swiper-slide\" role=\"group\" aria-roledescription=\"slide\" aria-label=\"2 sur 5\"><a data-elementor-open-lightbox=\"yes\" data-elementor-lightbox-slideshow=\"e1d0e26\" data-elementor-lightbox-title=\"garden-terrace-hydrangeas-palm-sao-miguel-azores-rental\" data-elementor-lightbox-description=\"Exuberant garden with typical Azorean hydrangeas and palm trees at the vacation property in S\u00e3o Miguel\" data-e-action-hash=\"#elementor-action%3Aaction%3Dlightbox%26settings%3DeyJpZCI6MTAyNiwidXJsIjoiaHR0cHM6XC9cL3BvbnRhZGVsZ2FkYWF6b3Jlc3JlbnRhbHMuY29tXC93cC1jb250ZW50XC91cGxvYWRzXC8yMDI1XC8wM1wvZ2FyZGVuLXRlcnJhY2UtaHlkcmFuZ2Vhcy1wYWxtLXNhby1taWd1ZWwtYXpvcmVzLXJlbnRhbC0xLndlYnAiLCJzbGlkZXNob3ciOiJlMWQwZTI2In0%3D\" href=\"https:\/\/pontadelgadaazoresrentals.com\/wp-content\/uploads\/2025\/03\/garden-terrace-hydrangeas-palm-sao-miguel-azores-rental-1.webp\"><figure class=\"swiper-slide-inner\"><img decoding=\"async\" class=\"swiper-slide-image\" src=\"https:\/\/pontadelgadaazoresrentals.com\/wp-content\/uploads\/elementor\/thumbs\/garden-terrace-hydrangeas-palm-sao-miguel-azores-rental-1-r2z071160s2an5vxz63cym6d1c5x4khui7ygsj5ftk.webp\" alt=\"Terrasse de jardin luxuriante avec palmiers, hortensias et all\u00e9es de pierre dans une villa de vacances familiale \u00e0 S\u00e3o Miguel, aux A\u00e7ores\" \/><\/figure><\/a><\/div><div class=\"swiper-slide\" role=\"group\" aria-roledescription=\"slide\" aria-label=\"3 sur 5\"><a data-elementor-open-lightbox=\"yes\" data-elementor-lightbox-slideshow=\"e1d0e26\" data-elementor-lightbox-title=\"bedroom with double bed and single bed, Azores family holiday villa\" data-elementor-lightbox-description=\"Triple bedroom with double bed and single bed, colorful decor perfect for families vacationing in the Azores\" data-e-action-hash=\"#elementor-action%3Aaction%3Dlightbox%26settings%3DeyJpZCI6MTAyNSwidXJsIjoiaHR0cHM6XC9cL3BvbnRhZGVsZ2FkYWF6b3Jlc3JlbnRhbHMuY29tXC93cC1jb250ZW50XC91cGxvYWRzXC8yMDI1XC8wM1wvdHJpcGxlLWJlZHJvb20tY29sb3JmdWwtc2FvLW1pZ3VlbC1hem9yZXMtdmFjYXRpb24tcmVudGFsLTEtc2NhbGVkLndlYnAiLCJzbGlkZXNob3ciOiJlMWQwZTI2In0%3D\" href=\"https:\/\/pontadelgadaazoresrentals.com\/wp-content\/uploads\/2025\/03\/triple-bedroom-colorful-sao-miguel-azores-vacation-rental-1-scaled.webp\"><figure class=\"swiper-slide-inner\"><img decoding=\"async\" class=\"swiper-slide-image\" src=\"https:\/\/pontadelgadaazoresrentals.com\/wp-content\/uploads\/elementor\/thumbs\/triple-bedroom-colorful-sao-miguel-azores-vacation-rental-1-scaled-r2yzsxgbi8rghqd8b2otk69g99npo0iskfo9n4215k.webp\" alt=\"Chambre triple lumineuse avec lit double et lit simple, linge de lit color\u00e9, murs jaunes dans une villa de vacances familiale \u00e0 S\u00e3o Miguel, aux A\u00e7ores\" \/><\/figure><\/a><\/div><div class=\"swiper-slide\" role=\"group\" aria-roledescription=\"slide\" aria-label=\"4 sur 5\"><a data-elementor-open-lightbox=\"yes\" data-elementor-lightbox-slideshow=\"e1d0e26\" data-elementor-lightbox-title=\"triple-bedroom-colorful-sao-miguel-azores-vacation-rental\" data-e-action-hash=\"#elementor-action%3Aaction%3Dlightbox%26settings%3DeyJpZCI6MTAyMywidXJsIjoiaHR0cHM6XC9cL3BvbnRhZGVsZ2FkYWF6b3Jlc3JlbnRhbHMuY29tXC93cC1jb250ZW50XC91cGxvYWRzXC8yMDI1XC8wM1wvdHJpcGxlLWJlZHJvb20tY29sb3JmdWwtc2FvLW1pZ3VlbC1hem9yZXMtdmFjYXRpb24tcmVudGFsLXNjYWxlZC5qcGciLCJzbGlkZXNob3ciOiJlMWQwZTI2In0%3D\" href=\"https:\/\/pontadelgadaazoresrentals.com\/wp-content\/uploads\/2025\/03\/triple-bedroom-colorful-sao-miguel-azores-vacation-rental-scaled.jpg\"><figure class=\"swiper-slide-inner\"><img decoding=\"async\" class=\"swiper-slide-image\" src=\"https:\/\/pontadelgadaazoresrentals.com\/wp-content\/uploads\/elementor\/thumbs\/triple-bedroom-colorful-sao-miguel-azores-vacation-rental-scaled-rlqftwk26duk74gxll6blud2wvyxq2fn26rxhxw120.jpg\" alt=\"location de vacances color\u00e9e \u00e0 S\u00e3o Miguel, A\u00e7ores, avec trois chambres\" \/><\/figure><\/a><\/div><div class=\"swiper-slide\" role=\"group\" aria-roledescription=\"slide\" aria-label=\"5 sur 5\"><a data-elementor-open-lightbox=\"yes\" data-elementor-lightbox-slideshow=\"e1d0e26\" data-elementor-lightbox-title=\"outdoor-barbecue-dining-area-sao-miguel-azores-vacation-rental\" data-elementor-lightbox-description=\"barbecue, Portuguese tiles, outdoor dining, Azores accommodation, S\u00e3o Miguel vacation\" data-e-action-hash=\"#elementor-action%3Aaction%3Dlightbox%26settings%3DeyJpZCI6MTAxOCwidXJsIjoiaHR0cHM6XC9cL3BvbnRhZGVsZ2FkYWF6b3Jlc3JlbnRhbHMuY29tXC93cC1jb250ZW50XC91cGxvYWRzXC8yMDI1XC8wM1wvb3V0ZG9vci1iYXJiZWN1ZS1kaW5pbmctYXJlYS1zYW8tbWlndWVsLWF6b3Jlcy12YWNhdGlvbi1yZW50YWwtc2NhbGVkLndlYnAiLCJzbGlkZXNob3ciOiJlMWQwZTI2In0%3D\" href=\"https:\/\/pontadelgadaazoresrentals.com\/wp-content\/uploads\/2025\/03\/outdoor-barbecue-dining-area-sao-miguel-azores-vacation-rental-scaled.webp\"><figure class=\"swiper-slide-inner\"><img decoding=\"async\" class=\"swiper-slide-image\" src=\"https:\/\/pontadelgadaazoresrentals.com\/wp-content\/uploads\/elementor\/thumbs\/outdoor-barbecue-dining-area-sao-miguel-azores-vacation-rental-scaled-r2yzdcao65f9yj0cbu4jplv9m8hl0pn1fa7e4x62c8.webp\" alt=\"Coin repas ext\u00e9rieur traditionnel avec barbecue, murs en carrelage bleu portugais, vaisselle color\u00e9e et acc\u00e8s au jardin de la villa de vacances de S\u00e3o Miguel aux A\u00e7ores. &quot; Description\u00a0: &quot; Espace ext\u00e9rieur avec churrasqueira traditionnel, azulejos portugais, parfait pour les d\u00e9corations de la famille \u00e0 S\u00e3o Miguel\" \/><\/figure><\/a><\/div>\t\t\t<\/div>\n\t\t\t\t\t\t\t\t\t\t\t\t<div class=\"elementor-swiper-button elementor-swiper-button-prev\" role=\"button\" tabindex=\"0\">\n\t\t\t\t\t\t<svg aria-hidden=\"true\" class=\"e-font-icon-svg e-eicon-chevron-left\" viewbox=\"0 0 1000 1000\" xmlns=\"http:\/\/www.w3.org\/2000\/svg\"><path d=\"M646 125C629 125 613 133 604 142L308 442C296 454 292 471 292 487 292 504 296 521 308 533L604 854C617 867 629 875 646 875 663 875 679 871 692 858 704 846 713 829 713 812 713 796 708 779 692 767L438 487 692 225C700 217 708 204 708 187 708 171 704 154 692 142 675 129 663 125 646 125Z\"><\/path><\/svg>\t\t\t\t\t<\/div>\n\t\t\t\t\t<div class=\"elementor-swiper-button elementor-swiper-button-next\" role=\"button\" tabindex=\"0\">\n\t\t\t\t\t\t<svg aria-hidden=\"true\" class=\"e-font-icon-svg e-eicon-chevron-right\" viewbox=\"0 0 1000 1000\" xmlns=\"http:\/\/www.w3.org\/2000\/svg\"><path d=\"M696 533C708 521 713 504 713 487 713 471 708 454 696 446L400 146C388 133 375 125 354 125 338 125 325 129 313 142 300 154 292 171 292 187 292 204 296 221 308 233L563 492 304 771C292 783 288 800 288 817 288 833 296 850 308 863 321 871 338 875 354 875 371 875 388 867 400 854L696 533Z\"><\/path><\/svg>\t\t\t\t\t<\/div>\n\t\t\t\t\n\t\t\t\t\t\t\t\t\t<div class=\"swiper-pagination\"><\/div>\n\t\t\t\t\t\t\t\t\t<\/div>\n\t\t\t\t\t\t<\/div>\n\t\t\t\t<\/div>\n\t\t\t\t\t<\/div>\n\t\t\t\t<\/div>\n\t\t\t\t<\/div>","protected":false},"excerpt":{"rendered":"<p>Family Villa Vacation s&#039;associe \u00e0 Ponta Delgada Azores Rentals, votre site de location de vacances de r\u00e9f\u00e9rence \u00e0 Ponta Delgada, aux A\u00e7ores.<\/p>\n<h4>Ce qui en fait le refuge id\u00e9al pour <strong>Vacances en groupe, en famille ou entre amis.<\/strong> Family Holiday Villa Vacations propose un s\u00e9jour inoubliable dans un cadre chaleureux et accueillant. <strong>emplacement excellent<\/strong>.<\/h4>\n<h3>Indice<\/h3>\n<ul>\n<li><a href=\"#unforgettable-moments\">Une maison de vacances pour des moments inoubliables<\/a><\/li>\n<li><a href=\"#location\">Emplacement de premier choix<\/a><\/li>\n<li><a href=\"#comfort\">Confort et conception bien pens\u00e9e<\/a><\/li>\n<li><a href=\"#outdoors\">Des espaces ext\u00e9rieurs \u00e0 couper le souffle<\/a><\/li>\n<li><a href=\"#amenities\">Des prestations haut de gamme pour un s\u00e9jour parfait<\/a><\/li>\n<li><a href=\"#surroundings\">Que faire \u00e0 proximit\u00e9<\/a><\/li>\n<li><a href=\"#booking\">R\u00e9servez maintenant et vivez l&#039;exp\u00e9rience<\/a><\/li>\n<\/ul>\n<p>&nbsp;<\/p>\n<p>Bienvenue sur <a href=\"https:\/\/pontadelgadaazoresrentals.com\/fr\/locations-a-ponta-delgada-acores\/reserves\/vacances-en-famille-villa-vacances-ponta-delgada\/\"><strong>Vacances en famille Villa Vacances Ponta Delgada<\/strong><\/a>. Ce n&#039;est pas simplement une maison de vacances ; c&#039;est un lieu de retraite o\u00f9 la nature et les \u00eatres humains se rencontrent pour cr\u00e9er des souvenirs inoubliables.<\/p>","protected":false},"author":4,"featured_media":0,"parent":464,"menu_order":0,"comment_status":"closed","ping_status":"closed","template":"","meta":{"footnotes":""},"class_list":["post-531","page","type-page","status-publish","hentry"],"_links":{"self":[{"href":"https:\/\/pontadelgadaazoresrentals.com\/fr\/wp-json\/wp\/v2\/pages\/531","targetHints":{"allow":["GET"]}}],"collection":[{"href":"https:\/\/pontadelgadaazoresrentals.com\/fr\/wp-json\/wp\/v2\/pages"}],"about":[{"href":"https:\/\/pontadelgadaazoresrentals.com\/fr\/wp-json\/wp\/v2\/types\/page"}],"author":[{"embeddable":true,"href":"https:\/\/pontadelgadaazoresrentals.com\/fr\/wp-json\/wp\/v2\/users\/4"}],"replies":[{"embeddable":true,"href":"https:\/\/pontadelgadaazoresrentals.com\/fr\/wp-json\/wp\/v2\/comments?post=531"}],"version-history":[{"count":131,"href":"https:\/\/pontadelgadaazoresrentals.com\/fr\/wp-json\/wp\/v2\/pages\/531\/revisions"}],"predecessor-version":[{"id":1721,"href":"https:\/\/pontadelgadaazoresrentals.com\/fr\/wp-json\/wp\/v2\/pages\/531\/revisions\/1721"}],"up":[{"embeddable":true,"href":"https:\/\/pontadelgadaazoresrentals.com\/fr\/wp-json\/wp\/v2\/pages\/464"}],"wp:attachment":[{"href":"https:\/\/pontadelgadaazoresrentals.com\/fr\/wp-json\/wp\/v2\/media?parent=531"}],"curies":[{"name":"wp","href":"https:\/\/api.w.org\/{rel}","templated":true}]}}