{"id":1850,"date":"2026-04-11T01:42:57","date_gmt":"2026-04-11T01:42:57","guid":{"rendered":"https:\/\/pontadelgadaazoresrentals.com\/?page_id=1850"},"modified":"2026-04-13T22:49:10","modified_gmt":"2026-04-13T22:49:10","slug":"guida-al-noleggio-auto-e-consigli-locali","status":"publish","type":"page","link":"https:\/\/pontadelgadaazoresrentals.com\/it\/car-rental-guide-local-tips\/","title":{"rendered":"Guida al noleggio auto e consigli locali"},"content":{"rendered":"<div data-elementor-type=\"wp-page\" data-elementor-id=\"1850\" class=\"elementor elementor-1850\">\n\t\t\t\t<div class=\"elementor-element elementor-element-c602838 e-flex e-con-boxed e-con e-parent\" data-id=\"c602838\" data-element_type=\"container\" data-e-type=\"container\">\n\t\t\t\t\t<div class=\"e-con-inner\">\n\t\t\t\t<div class=\"elementor-element elementor-element-b7ec4ba elementor-widget elementor-widget-heading\" data-id=\"b7ec4ba\" data-element_type=\"widget\" data-e-type=\"widget\" data-widget_type=\"heading.default\">\n\t\t\t\t<div class=\"elementor-widget-container\">\n\t\t\t\t\t<h2 class=\"elementor-heading-title elementor-size-default\">Oltre il tuo rifugio: le migliori opzioni di autonoleggio a Ponta Delgada<\/h2>\t\t\t\t<\/div>\n\t\t\t\t<\/div>\n\t\t\t\t\t<\/div>\n\t\t\t\t<\/div>\n\t\t<div class=\"elementor-element elementor-element-58415de e-flex e-con-boxed e-con e-parent\" data-id=\"58415de\" data-element_type=\"container\" data-e-type=\"container\">\n\t\t\t\t\t<div class=\"e-con-inner\">\n\t\t\t\t<div class=\"elementor-element elementor-element-49bf94d elementor-widget elementor-widget-text-editor\" data-id=\"49bf94d\" data-element_type=\"widget\" data-e-type=\"widget\" data-widget_type=\"text-editor.default\">\n\t\t\t\t<div class=\"elementor-widget-container\">\n\t\t\t\t\t\t\t\t\t<p>Al di l\u00e0 del vostro rifugio nelle nostre guest house, un mondo di paesaggi mozzafiato e tesori nascosti vi attende in tutta S\u00e3o Miguel. Per scoprire veramente la magia delle Azzorre, \u00e8 essenziale avere il veicolo giusto. Abbiamo preparato questa guida completa per aiutarvi a trovare il <strong>miglior noleggio auto a Ponta Delgada<\/strong>, garantendoti un servizio affidabile, evitando le trappole per turisti e permettendoti di guidare in sicurezza lungo le splendide strade della nostra isola.<\/p><div style=\"background-color: #f4f9ff; padding: 25px; border: 1px solid #d1e7ff; border-radius: 8px; text-align: center; margin: 30px 0;\"><h3>Prenota il tuo veicolo con la massima fiducia.<\/h3><p>Confronta le migliori tariffe di agenzie locali e internazionali in un unico posto.<\/p><p><a style=\"background-color: #007bff; color: white; padding: 15px 30px; text-decoration: none; border-radius: 5px; font-weight: bold; display: inline-block;\" href=\"https:\/\/www.discovercars.com\/portugal-azores-islands\/ponta-delgada\/pdl?a_aid=pontadelgadaazoresrentals&amp;data1=best_car_rental&amp;data2=article\" target=\"_blank\" rel=\"nofollow noopener\">Confronta i prezzi e prenota la tua auto qui<\/a><\/p><\/div>\t\t\t\t\t\t\t\t<\/div>\n\t\t\t\t<\/div>\n\t\t\t\t\t<\/div>\n\t\t\t\t<\/div>\n\t\t<div class=\"elementor-element elementor-element-9677817 e-flex e-con-boxed e-con e-parent\" data-id=\"9677817\" data-element_type=\"container\" data-e-type=\"container\">\n\t\t\t\t\t<div class=\"e-con-inner\">\n\t\t\t\t<div class=\"elementor-element elementor-element-a24bf99 elementor-widget elementor-widget-image\" data-id=\"a24bf99\" data-element_type=\"widget\" data-e-type=\"widget\" data-widget_type=\"image.default\">\n\t\t\t\t<div class=\"elementor-widget-container\">\n\t\t\t\t\t\t\t\t\t\t\t\t\t\t\t<img fetchpriority=\"high\" decoding=\"async\" width=\"703\" height=\"1024\" src=\"https:\/\/pontadelgadaazoresrentals.com\/wp-content\/uploads\/2026\/04\/driving-to-sete-cidades-hydrangeas-car-rental-azores-e1775875866792-703x1024.webp\" class=\"attachment-large size-large wp-image-1863\" alt=\"Vista dall&#039;interno di un&#039;auto che percorre una strada fiancheggiata da ortensie blu che si affaccia sui laghi Sete Cidades nell&#039;isola di S\u00e3o Miguel, Azzorre. PT: Vista do interior de um carro a descer uma estrada ladeada por hort\u00eansias azuis com vista para as lagoas das Sete Cidades, na ilha de S\u00e3o Miguel, A\u00e7ores.\" srcset=\"https:\/\/pontadelgadaazoresrentals.com\/wp-content\/uploads\/2026\/04\/driving-to-sete-cidades-hydrangeas-car-rental-azores-e1775875866792-703x1024.webp 703w, https:\/\/pontadelgadaazoresrentals.com\/wp-content\/uploads\/2026\/04\/driving-to-sete-cidades-hydrangeas-car-rental-azores-e1775875866792-206x300.webp 206w, https:\/\/pontadelgadaazoresrentals.com\/wp-content\/uploads\/2026\/04\/driving-to-sete-cidades-hydrangeas-car-rental-azores-e1775875866792-768x1119.webp 768w, https:\/\/pontadelgadaazoresrentals.com\/wp-content\/uploads\/2026\/04\/driving-to-sete-cidades-hydrangeas-car-rental-azores-e1775875866792-8x12.webp 8w, https:\/\/pontadelgadaazoresrentals.com\/wp-content\/uploads\/2026\/04\/driving-to-sete-cidades-hydrangeas-car-rental-azores-e1775875866792.webp 820w\" sizes=\"(max-width: 703px) 100vw, 703px\" \/>\t\t\t\t\t\t\t\t\t\t\t\t\t\t\t<\/div>\n\t\t\t\t<\/div>\n\t\t\t\t\t<\/div>\n\t\t\t\t<\/div>\n\t\t<div class=\"elementor-element elementor-element-37d85f0 e-flex e-con-boxed e-con e-parent\" data-id=\"37d85f0\" data-element_type=\"container\" data-e-type=\"container\">\n\t\t\t\t\t<div class=\"e-con-inner\">\n\t\t\t\t<div class=\"elementor-element elementor-element-66fbd77 elementor-widget elementor-widget-text-editor\" data-id=\"66fbd77\" data-element_type=\"widget\" data-e-type=\"widget\" data-widget_type=\"text-editor.default\">\n\t\t\t\t<div class=\"elementor-widget-container\">\n\t\t\t\t\t\t\t\t\t<article><h2>Il miglior noleggio auto a Ponta Delgada: la guida locale definitiva per l&#039;isola di S\u00e3o Miguel<\/h2><p>Al di l\u00e0 del vostro rifugio nelle nostre guest house, un mondo di paesaggi mozzafiato e tesori nascosti vi attende in tutta S\u00e3o Miguel. Per scoprire veramente la magia delle Azzorre, \u00e8 essenziale avere il veicolo giusto. Abbiamo preparato questa guida completa per aiutarvi a trovare il <strong>miglior noleggio auto a Ponta Delgada<\/strong>, garantendoti un servizio affidabile, evitando le trappole per turisti e permettendoti di guidare in sicurezza lungo le splendide strade della nostra isola.<\/p><h3>La realt\u00e0 del noleggio auto in aeroporto: perch\u00e9 pi\u00f9 grande non \u00e8 sempre meglio.<\/h3><p>Molti viaggiatori che arrivano all&#039;aeroporto di Ponta Delgada (PDL) si dirigono istintivamente verso gli sportelli internazionali di autonoleggio situati all&#039;interno del terminal. I principali marchi come <strong>Ilha Verde<\/strong>\u2014una delle pi\u00f9 grandi agenzie delle Azzorre\u2014 e altri franchising globali gestiscono un volume enorme di prenotazioni internazionali. Tuttavia, in quanto residenti che vedono la realt\u00e0 quotidiana del nostro aeroporto, dobbiamo mettere in guardia.<\/p><p>L&#039;elevata concentrazione di passeggeri in arrivo contemporaneamente su diversi voli crea spesso un ingorgo ai banchi del check-in. \u00c8 frequente imbattersi in lunghe e interminabili code, dove solo pochi addetti sono in grado di servire decine di viaggiatori impazienti. Questo pu\u00f2 trasformare la prima ora di vacanza in un&#039;estenuante attesa. Le grandi agenzie spesso faticano a fornire un servizio efficace e personalizzato durante le ore di punta, dando vita a un servizio impersonale e privo di attenzione e cura.<\/p><h3>Il vantaggio delle agenzie e dei trasferimenti fuori dall&#039;aeroporto<\/h3><p>Quando si cerca il <strong>miglior noleggio auto a Ponta Delgada<\/strong>, Non limitatevi alle agenzie fisicamente situate all&#039;interno del terminal. Molte delle agenzie pi\u00f9 efficienti e orientate al cliente hanno i loro uffici a pochi minuti di distanza, nelle immediate vicinanze dell&#039;aeroporto. Queste agenzie offrono in genere un servizio navetta gratuito. Un membro del personale vi attende al gate degli arrivi e vi accompagna al loro ufficio, lontano dal caos del terminal.<\/p><p>Queste piccole e medie imprese locali offrono spesso un servizio molto pi\u00f9 personalizzato. Mentre i grandi marchi sono oberati di lavoro, questi team specializzati possono farti partire molto pi\u00f9 velocemente. Inoltre, ricorda che i marchi automobilistici non sono esclusivi: una Volkswagen o una Renault sono la stessa cosa, che tu le noleggi da un colosso globale o da uno specialista locale. Scegliendo un&#039;agenzia con una sede distaccata, spesso ottieni un&#039;auto pi\u00f9 pulita e una spiegazione pi\u00f9 dettagliata sulle caratteristiche del veicolo.<\/p><h3 style=\"margin: 30px 0px; text-align: center;\">Sicurezza essenziale: perch\u00e9 l&#039;assicurazione completa \u00e8 obbligatoria alle Azzorre<\/h3><p>Uno dei consigli pi\u00f9 importanti in questo <strong>migliore guida al noleggio auto Ponta Delgada<\/strong> riguarda l&#039;assicurazione. Consigliamo vivamente a tutti i nostri ospiti di optare per <strong>Copertura assicurativa completa (SCDW)<\/strong>. Anche se siete guidatori esperti, l&#039;alta stagione a S\u00e3o Miguel porta un notevole afflusso di turisti che spesso non hanno familiarit\u00e0 con la geografia particolare dell&#039;isola e con le leggi locali sulla circolazione stradale.<\/p><p>Le strade delle Azzorre possono essere imprevedibili. Potreste imbattervi in improvvise nebbie in montagna, strade strette nei villaggi tradizionali o animali che attraversano la strada nelle zone rurali. Avere una copertura assicurativa completa vi garantisce che la vostra vacanza non venga rovinata da un piccolo graffio o da un malinteso con un altro automobilista. In un contesto in cui il comportamento alla guida degli altri diventa pi\u00f9 imprevedibile durante l&#039;estate, la tranquillit\u00e0 \u00e8 il vostro compagno di viaggio pi\u00f9 prezioso.<\/p><h2>Padroneggiare le rotatorie: una regola fondamentale del codice della strada portoghese<\/h2><p>Un problema ricorrente che osserviamo sulle strade delle Azzorre riguarda l&#039;uso scorretto delle rotatorie, in particolare da parte dei visitatori internazionali. Per garantire la tua sicurezza ed evitare multe, \u00e8 fondamentale comprendere il <strong>Codice stradale portoghese (C\u00f3digo da Estrada)<\/strong> riguardo a questi incroci.<\/p><p>In Portogallo la regola \u00e8 chiara: la corsia esterna di una rotonda \u00e8 riservata <strong>esclusivamente<\/strong> per i conducenti che prendono la prima uscita immediata. Se intendi prendere qualsiasi altra uscita (la seconda, la terza o un&#039;inversione a U), <strong>dovere<\/strong> Entrate nella rotatoria utilizzando le corsie interne. Dovreste spostarvi nella corsia esterna solo dopo aver superato l&#039;uscita immediatamente precedente a quella che desiderate imboccare. Spesso vediamo auto a noleggio che girano in tondo per tutta la corsia esterna della rotatoria, il che non solo \u00e8 illegale, ma \u00e8 anche una delle principali cause di incidenti e di aggressivit\u00e0 al volante durante l&#039;alta stagione.<\/p><p style=\"background-color: #fdf2f2; padding: 20px; border-left: 5px solid #e74c3c; margin: 25px 0;\"><strong>Conformit\u00e0 legale:<\/strong> Per la tua sicurezza e per evitare sanzioni amministrative, ti consigliamo di consultare il documento ufficiale<br \/><a href=\"https:\/\/www.segurancarodoviaria.pt\/en\/highway-code\/\" target=\"_blank\" rel=\"noopener\">Codice stradale portoghese (C\u00f3digo da Estrada)<\/a>.<\/p><h2>Parcheggio a Ponta Delgada: soluzioni senza stress<\/h2><p>Un deterrente comune per il noleggio di un&#039;auto \u00e8 la paura di trovare parcheggio difficile o costoso nei centri citt\u00e0. Tuttavia, soggiornando in una delle nostre propriet\u00e0, come ad esempio<strong>Vacanze in villa per famiglie<\/strong> O <strong>Appartamento Ponta Delgada T3<\/strong> o il <strong>Guest House da Faj\u00e3 de Baixo<\/strong>\u2014Questa preoccupazione \u00e8 inesistente. Le nostre sedi sono state scelte strategicamente per offrire il perfetto equilibrio tra accessibilit\u00e0 centrale e facilit\u00e0 logistica.<\/p><p>I nostri ospiti hanno accesso a parcheggi pubblici gratuiti proprio accanto al loro &quot;rifugio&quot;. A differenza del centro storico, dove i posti auto sono rari e a pagamento, il nostro quartiere offre ampi spazi. Anche nei mesi di maggiore affluenza, \u00e8 sorprendentemente facile trovare un parcheggio a fine giornata, al ritorno dalle vostre esplorazioni dell&#039;isola. Questo vi permette di godere del meglio di entrambi i mondi: la libert\u00e0 di avere un&#039;auto e la tranquillit\u00e0 di una zona residenziale, senza lo stress dei costi di parcheggio.<\/p><h2>I migliori itinerari in auto partendo dal vostro santuario<\/h2><p>Dopo aver messo in sicurezza il tuo veicolo dal <strong>miglior noleggio auto a Ponta Delgada<\/strong>, Sei pronto per esplorare? Dalla nostra posizione centrale, potrai raggiungere facilmente le principali arterie stradali dell&#039;isola. In soli 10 minuti, sarai gi\u00e0 in autostrada, diretto verso la maestosit\u00e0 vulcanica di Sete Cidades o le lussureggianti valli termali di Furnas.<\/p><p>Vi consigliamo di iniziare la giornata presto per evitare l&#039;arrivo dei pullman turistici e raggiungere i punti panoramici pi\u00f9 iconici (miradouros). Guidare nelle Azzorre \u00e8 un&#039;esperienza sensoriale: le strade sono spesso fiancheggiate da ortensie blu e offrono scorci improvvisi e spettacolari sull&#039;Oceano Atlantico. Seguendo i nostri consigli e scegliendo un servizio di noleggio auto personalizzato al di fuori dell&#039;aeroporto, vi assicurerete che il vostro viaggio sia bello quanto la destinazione stessa.<\/p><div style=\"background-color: #f9f9f9; padding: 30px; border-top: 4px solid #007bff; margin-top: 40px;\"><h3>Lista di controllo finale per il noleggio auto alle Azzorre:<\/h3><ul><li><strong>Prenota in anticipo:<\/strong> La disponibilit\u00e0 diminuisce e i prezzi aumentano significativamente dopo marzo.<\/li><li><strong>Scegli la taglia Piccola\/Media:<\/strong> \u00c8 pi\u00f9 facile parcheggiare e muoversi agevolmente tra le strette vie del villaggio.<\/li><li><strong>Ispeziona l&#039;auto:<\/strong> Scattate sempre delle foto del veicolo al momento del ritiro, anche se avete un&#039;assicurazione completa.<\/li><li><strong>Consulta la politica sui carburanti:<\/strong> La maggior parte degli alloggi in affitto locali funziona con la formula &quot;occupazione completa&quot;.<\/li><li><strong>Logistica del reso:<\/strong> Se l&#039;auto a noleggio si trova fuori dal terminal, considerate 15 minuti in pi\u00f9 per il tragitto in navetta di ritorno al terminal.<\/li><\/ul><p>Pronti a iniziare la vostra avventura? <a href=\"https:\/\/pontadelgadaazoresrentals.com\/it\/\">Torna alla nostra guida immobiliare<\/a> O <a href=\"https:\/\/www.discovercars.com\/portugal-azores-islands\/ponta-delgada\/pdl?a_aid=pontadelgadaazoresrentals&amp;data1=best_car_rental&amp;data2=article\">confronta ora i prezzi delle auto<\/a>.<\/p><\/div><\/article>\t\t\t\t\t\t\t\t<\/div>\n\t\t\t\t<\/div>\n\t\t\t\t\t<\/div>\n\t\t\t\t<\/div>\n\t\t\t\t<\/div>","protected":false},"excerpt":{"rendered":"<p>Beyond Your Sanctuary: The Best Car Rental Options in Ponta Delgada Beyond your sanctuary at our guest houses, a world of breathtaking landscapes and hidden gems awaits you across S\u00e3o Miguel. To truly discover the magic of the Azores, having the right vehicle is essential. We have prepared this comprehensive guide to help you find [&hellip;]<\/p>\n","protected":false},"author":4,"featured_media":0,"parent":0,"menu_order":0,"comment_status":"closed","ping_status":"closed","template":"","meta":{"footnotes":""},"class_list":["post-1850","page","type-page","status-publish","hentry"],"_links":{"self":[{"href":"https:\/\/pontadelgadaazoresrentals.com\/it\/wp-json\/wp\/v2\/pages\/1850","targetHints":{"allow":["GET"]}}],"collection":[{"href":"https:\/\/pontadelgadaazoresrentals.com\/it\/wp-json\/wp\/v2\/pages"}],"about":[{"href":"https:\/\/pontadelgadaazoresrentals.com\/it\/wp-json\/wp\/v2\/types\/page"}],"author":[{"embeddable":true,"href":"https:\/\/pontadelgadaazoresrentals.com\/it\/wp-json\/wp\/v2\/users\/4"}],"replies":[{"embeddable":true,"href":"https:\/\/pontadelgadaazoresrentals.com\/it\/wp-json\/wp\/v2\/comments?post=1850"}],"version-history":[{"count":38,"href":"https:\/\/pontadelgadaazoresrentals.com\/it\/wp-json\/wp\/v2\/pages\/1850\/revisions"}],"predecessor-version":[{"id":1988,"href":"https:\/\/pontadelgadaazoresrentals.com\/it\/wp-json\/wp\/v2\/pages\/1850\/revisions\/1988"}],"wp:attachment":[{"href":"https:\/\/pontadelgadaazoresrentals.com\/it\/wp-json\/wp\/v2\/media?parent=1850"}],"curies":[{"name":"wp","href":"https:\/\/api.w.org\/{rel}","templated":true}]}}