{"id":23,"date":"2024-03-07T16:34:04","date_gmt":"2024-03-07T16:34:04","guid":{"rendered":"https:\/\/pontadelgadaazoresrentals.com\/gallery\/"},"modified":"2026-04-14T01:54:20","modified_gmt":"2026-04-14T01:54:20","slug":"chi-siamo","status":"publish","type":"page","link":"https:\/\/pontadelgadaazoresrentals.com\/it\/ponta-delgada-azores-rentals\/about-us\/","title":{"rendered":"Chi siamo"},"content":{"rendered":"<div data-elementor-type=\"wp-page\" data-elementor-id=\"23\" class=\"elementor elementor-23\">\n\t\t\t\t<div class=\"elementor-element elementor-element-3d9539b e-flex e-con-boxed e-con e-parent\" data-id=\"3d9539b\" data-element_type=\"container\" data-e-type=\"container\">\n\t\t\t\t\t<div class=\"e-con-inner\">\n\t\t\t\t<div class=\"elementor-element elementor-element-bcfd9c1 elementor-widget elementor-widget-image\" data-id=\"bcfd9c1\" data-element_type=\"widget\" data-e-type=\"widget\" data-widget_type=\"image.default\">\n\t\t\t\t<div class=\"elementor-widget-container\">\n\t\t\t\t\t\t\t\t\t\t\t\t\t\t\t<img fetchpriority=\"high\" decoding=\"async\" width=\"1842\" height=\"562\" src=\"https:\/\/pontadelgadaazoresrentals.com\/wp-content\/uploads\/2026\/04\/hero-banner-whales-sanctuary-ponta-delgada-azores-rentals.png\" class=\"attachment-full size-full wp-image-1995\" alt=\"Banner di eroe strategico che mostra i capodogli che riposano verticalmente nell&#039;oceano blu delle Azzorre, che rappresenta la pace e il santuario offerti da Ponta Delgada Azores Rentals. PT: Banner principale strat\u00e9gico che mostra i cachalotes a descansar verticalmente no oceano azul dos A\u00e7ores, Representative a paz eo santu\u00e1rio oferecidos pela Ponta Delgada Azores Rentals\" srcset=\"https:\/\/pontadelgadaazoresrentals.com\/wp-content\/uploads\/2026\/04\/hero-banner-whales-sanctuary-ponta-delgada-azores-rentals.png 1842w, https:\/\/pontadelgadaazoresrentals.com\/wp-content\/uploads\/2026\/04\/hero-banner-whales-sanctuary-ponta-delgada-azores-rentals-300x92.png 300w, https:\/\/pontadelgadaazoresrentals.com\/wp-content\/uploads\/2026\/04\/hero-banner-whales-sanctuary-ponta-delgada-azores-rentals-1024x312.png 1024w, https:\/\/pontadelgadaazoresrentals.com\/wp-content\/uploads\/2026\/04\/hero-banner-whales-sanctuary-ponta-delgada-azores-rentals-768x234.png 768w, https:\/\/pontadelgadaazoresrentals.com\/wp-content\/uploads\/2026\/04\/hero-banner-whales-sanctuary-ponta-delgada-azores-rentals-1536x469.png 1536w, https:\/\/pontadelgadaazoresrentals.com\/wp-content\/uploads\/2026\/04\/hero-banner-whales-sanctuary-ponta-delgada-azores-rentals-18x5.png 18w\" sizes=\"(max-width: 1842px) 100vw, 1842px\" \/>\t\t\t\t\t\t\t\t\t\t\t\t\t\t\t<\/div>\n\t\t\t\t<\/div>\n\t\t\t\t\t<\/div>\n\t\t\t\t<\/div>\n\t\t<div class=\"elementor-element elementor-element-3e93525 e-flex e-con-boxed e-con e-parent\" data-id=\"3e93525\" data-element_type=\"container\" data-e-type=\"container\">\n\t\t\t\t\t<div class=\"e-con-inner\">\n\t\t\t\t<div class=\"elementor-element elementor-element-91f0fb3 elementor-widget elementor-widget-heading\" data-id=\"91f0fb3\" data-element_type=\"widget\" data-e-type=\"widget\" data-widget_type=\"heading.default\">\n\t\t\t\t<div class=\"elementor-widget-container\">\n\t\t\t\t\t<h3 class=\"elementor-heading-title elementor-size-default\">Competenza locale e il tuo rifugio a Ponta Delgada\n<\/h3>\t\t\t\t<\/div>\n\t\t\t\t<\/div>\n\t\t\t\t\t<\/div>\n\t\t\t\t<\/div>\n\t\t<div class=\"elementor-element elementor-element-6ee4fe0 e-flex e-con-boxed e-con e-parent\" data-id=\"6ee4fe0\" data-element_type=\"container\" data-e-type=\"container\">\n\t\t\t\t\t<div class=\"e-con-inner\">\n\t\t\t\t<div class=\"elementor-element elementor-element-0f44305 elementor-widget elementor-widget-text-editor\" data-id=\"0f44305\" data-element_type=\"widget\" data-e-type=\"widget\" data-widget_type=\"text-editor.default\">\n\t\t\t\t<div class=\"elementor-widget-container\">\n\t\t\t\t\t\t\t\t\t<p style=\"font-size: 1.1rem; line-height: 1.6; color: #444;\">Siamo pi\u00f9 di un semplice fornitore di alloggi; siamo i vostri partner locali nelle Azzorre. Come partner dedicati <strong>Guida locale di Google<\/strong> Con profonde radici a S\u00e3o Miguel, la nostra missione \u00e8 offrire un vero e proprio rifugio ai viaggiatori.<\/p><p style=\"font-size: 1.1rem; line-height: 1.6; color: #444;\">Dallo spazioso <a href=\"https:\/\/pontadelgadaazoresrentals.com\/it\/affitti-a-ponta-delgada-azzorre\/riserve\/vacanza-in-famiglia-villa-vacanza-ponta-delgada\/\">Vacanza in villa per famiglie<\/a> O <a href=\"https:\/\/pontadelgadaazoresrentals.com\/it\/affitti-a-ponta-delgada-azzorre\/riserve\/ponte-delgada-apartament-t3\/\">Appartamento Ponta Delgada T3<\/a>, entrambi ideali per le famiglie, per la nostra tradizione <a href=\"https:\/\/pontadelgadaazoresrentals.com\/it\/affitti-a-ponta-delgada-azzorre\/riserve\/guest-house-ponti-delgada\/\">Guest House da Faj\u00e3<\/a>, Ogni dettaglio \u00e8 pensato per garantire comfort e autenticit\u00e0.<\/p><p style=\"font-size: 1.1rem; line-height: 1.6; color: #444;\">Crediamo che un soggiorno perfetto unisca la pace di un rifugio privato con la conoscenza approfondita che solo un abitante del luogo pu\u00f2 fornire. Che si tratti di trovare il <a href=\"https:\/\/pontadelgadaazoresrentals.com\/it\/guida-al-noleggio-auto-e-consigli-locali\/\"><strong>miglior noleggio auto<\/strong><\/a> Che si tratti di scoprire un giardino nascosto, siamo qui per assicurarti di vivere al meglio Ponta Delgada, proprio come un abitante del posto.<\/p>\t\t\t\t\t\t\t\t<\/div>\n\t\t\t\t<\/div>\n\t\t\t\t\t<\/div>\n\t\t\t\t<\/div>\n\t\t<div class=\"elementor-element elementor-element-f474d9e e-flex e-con-boxed e-con e-parent\" data-id=\"f474d9e\" data-element_type=\"container\" data-e-type=\"container\">\n\t\t\t\t\t<div class=\"e-con-inner\">\n\t\t<div class=\"elementor-element elementor-element-64d2fa8 e-con-full e-flex e-con e-child\" data-id=\"64d2fa8\" data-element_type=\"container\" data-e-type=\"container\">\n\t\t<div class=\"elementor-element elementor-element-604b38f e-grid e-con-full e-con e-child\" data-id=\"604b38f\" data-element_type=\"container\" data-e-type=\"container\">\n\t\t\t\t<div class=\"elementor-element elementor-element-fdd9f05 elementor-widget elementor-widget-text-editor\" data-id=\"fdd9f05\" data-element_type=\"widget\" data-e-type=\"widget\" data-widget_type=\"text-editor.default\">\n\t\t\t\t<div class=\"elementor-widget-container\">\n\t\t\t\t\t\t\t\t\t<h3 class=\"wp-block-heading has-text-align-left has-primary-color has-text-color has-large-font-size\">\u00a0<strong>+10<\/strong><\/h3><h3 class=\"wp-block-heading has-text-align-left\"><strong>Anni di attivit\u00e0<\/strong><\/h3><p class=\"has-text-align-left\">Da oltre 10 anni offriamo case vacanza di alta qualit\u00e0, garantendo esperienze indimenticabili ai nostri ospiti.<\/p>\t\t\t\t\t\t\t\t<\/div>\n\t\t\t\t<\/div>\n\t\t\t\t<div class=\"elementor-element elementor-element-5c7d087 elementor-widget elementor-widget-text-editor\" data-id=\"5c7d087\" data-element_type=\"widget\" data-e-type=\"widget\" data-widget_type=\"text-editor.default\">\n\t\t\t\t<div class=\"elementor-widget-container\">\n\t\t\t\t\t\t\t\t\t<h3 class=\"wp-block-heading has-text-align-left has-primary-color has-text-color has-large-font-size\"><strong class=\"Yjhzub\" style=\"font-size: px;\" data-sfc-root=\"c\" data-sfc-cb=\"\" data-complete=\"true\">500+ <\/strong><\/h3>\n<h3 class=\"wp-block-heading has-text-align-left has-primary-color has-text-color has-large-font-size\"><strong class=\"Yjhzub\" style=\"font-size: px;\" data-sfc-root=\"c\" data-sfc-cb=\"\" data-complete=\"true\">Soggiorni completati<\/strong><\/h3>\n<div class=\"Y3BBE\" data-sfc-cp=\"\" data-sfc-root=\"c\" data-sfc-cb=\"\" data-hveid=\"CAEIAhAB\" data-complete=\"true\"><strong class=\"Yjhzub\" data-sfc-root=\"c\" data-sfc-cb=\"\" data-complete=\"true\">Fughe indimenticabili a S\u00e3o Miguel<\/strong><br data-sfc-root=\"c\" data-sfc-pl=\"|[]\" data-sfc-cb=\"\" data-complete=\"true\" \/>Con oltre 500 soggiorni e un\u00a0<strong class=\"Yjhzub\" data-sfc-root=\"c\" data-sfc-cb=\"\" data-complete=\"true\">Favoloso<\/strong>\u00a0Il punteggio di gradimento e la soddisfazione dei nostri ospiti riflettono il nostro impegno per un servizio eccezionale.<\/div>\n<p class=\"has-text-align-left has-small-font-size\">\u00a0<\/p>\n<p class=\"has-text-align-left has-small-font-size\">\u00a0<\/p>\t\t\t\t\t\t\t\t<\/div>\n\t\t\t\t<\/div>\n\t\t\t\t<\/div>\n\t\t\t\t<\/div>\n\t\t<div class=\"elementor-element elementor-element-9d7bd22 e-con-full e-flex e-con e-child\" data-id=\"9d7bd22\" data-element_type=\"container\" data-e-type=\"container\">\n\t\t\t\t<div class=\"elementor-element elementor-element-3a2151c elementor-widget elementor-widget-image\" data-id=\"3a2151c\" data-element_type=\"widget\" data-e-type=\"widget\" data-widget_type=\"image.default\">\n\t\t\t\t<div class=\"elementor-widget-container\">\n\t\t\t\t\t\t\t\t\t\t\t\t<figure class=\"wp-caption\">\n\t\t\t\t\t\t\t\t\t\t\t<a href=\"https:\/\/www.google.com\/maps\/contrib\/113298970049589776631\/reviews\/@38.396484,-20.0412065,1955065m\/data=!3m2!1e3!4b1!4m3!8m2!3m1!1e1?entry=ttu&#038;g_ep=EgoyMDI2MDQwOC4wIKXMDSoASAFQAw%3D%3D\">\n\t\t\t\t\t\t\t<img decoding=\"async\" width=\"300\" height=\"300\" src=\"https:\/\/pontadelgadaazoresrentals.com\/wp-content\/uploads\/2024\/03\/Mario_Feijoca_Business_Owner_PontaDelgadaRentalsAzores-300x300.jpg\" class=\"attachment-medium size-medium wp-image-47\" alt=\"\" srcset=\"https:\/\/pontadelgadaazoresrentals.com\/wp-content\/uploads\/2024\/03\/Mario_Feijoca_Business_Owner_PontaDelgadaRentalsAzores-300x300.jpg 300w, https:\/\/pontadelgadaazoresrentals.com\/wp-content\/uploads\/2024\/03\/Mario_Feijoca_Business_Owner_PontaDelgadaRentalsAzores-100x100.jpg 100w, https:\/\/pontadelgadaazoresrentals.com\/wp-content\/uploads\/2024\/03\/Mario_Feijoca_Business_Owner_PontaDelgadaRentalsAzores-600x600.jpg 600w, https:\/\/pontadelgadaazoresrentals.com\/wp-content\/uploads\/2024\/03\/Mario_Feijoca_Business_Owner_PontaDelgadaRentalsAzores-150x150.jpg 150w, https:\/\/pontadelgadaazoresrentals.com\/wp-content\/uploads\/2024\/03\/Mario_Feijoca_Business_Owner_PontaDelgadaRentalsAzores-768x768.jpg 768w, https:\/\/pontadelgadaazoresrentals.com\/wp-content\/uploads\/2024\/03\/Mario_Feijoca_Business_Owner_PontaDelgadaRentalsAzores.jpg 900w\" sizes=\"(max-width: 300px) 100vw, 300px\" \/>\t\t\t\t\t\t\t\t<\/a>\n\t\t\t\t\t\t\t\t\t\t\t<figcaption class=\"widget-image-caption wp-caption-text\">Proprietario e Guida Locale di Google<\/figcaption>\n\t\t\t\t\t\t\t\t\t\t<\/figure>\n\t\t\t\t\t\t\t\t\t<\/div>\n\t\t\t\t<\/div>\n\t\t\t\t<\/div>\n\t\t<div class=\"elementor-element elementor-element-8f608d5 e-con-full e-flex e-con e-child\" data-id=\"8f608d5\" data-element_type=\"container\" data-e-type=\"container\">\n\t\t\t\t<div class=\"elementor-element elementor-element-44867c9 elementor-widget elementor-widget-image\" data-id=\"44867c9\" data-element_type=\"widget\" data-e-type=\"widget\" data-widget_type=\"image.default\">\n\t\t\t\t<div class=\"elementor-widget-container\">\n\t\t\t\t\t\t\t\t\t\t\t\t<figure class=\"wp-caption\">\n\t\t\t\t\t\t\t\t\t\t<img decoding=\"async\" width=\"300\" height=\"300\" src=\"https:\/\/pontadelgadaazoresrentals.com\/wp-content\/uploads\/2024\/03\/bruna-300x300.jpg\" class=\"attachment-medium size-medium wp-image-45\" alt=\"\" srcset=\"https:\/\/pontadelgadaazoresrentals.com\/wp-content\/uploads\/2024\/03\/bruna-300x300.jpg 300w, https:\/\/pontadelgadaazoresrentals.com\/wp-content\/uploads\/2024\/03\/bruna-100x100.jpg 100w, https:\/\/pontadelgadaazoresrentals.com\/wp-content\/uploads\/2024\/03\/bruna-150x150.jpg 150w, https:\/\/pontadelgadaazoresrentals.com\/wp-content\/uploads\/2024\/03\/bruna.jpg 315w\" sizes=\"(max-width: 300px) 100vw, 300px\" \/>\t\t\t\t\t\t\t\t\t\t\t<figcaption class=\"widget-image-caption wp-caption-text\">Bruna, assistente aziendale<\/figcaption>\n\t\t\t\t\t\t\t\t\t\t<\/figure>\n\t\t\t\t\t\t\t\t\t<\/div>\n\t\t\t\t<\/div>\n\t\t\t\t<\/div>\n\t\t<div class=\"elementor-element elementor-element-6bb9d10 e-con-full e-flex e-con e-child\" data-id=\"6bb9d10\" data-element_type=\"container\" data-e-type=\"container\">\n\t\t<div class=\"elementor-element elementor-element-d21a8ed e-grid e-con-full e-con e-child\" data-id=\"d21a8ed\" data-element_type=\"container\" data-e-type=\"container\">\n\t\t\t\t<div class=\"elementor-element elementor-element-bbbb3c6 elementor-widget elementor-widget-text-editor\" data-id=\"bbbb3c6\" data-element_type=\"widget\" data-e-type=\"widget\" data-widget_type=\"text-editor.default\">\n\t\t\t\t<div class=\"elementor-widget-container\">\n\t\t\t\t\t\t\t\t\t<h3 class=\"wp-block-heading has-text-align-left has-primary-color has-text-color has-large-font-size\"><strong>5,000+<\/strong><\/h3><p class=\"Y3BBE\" data-sfc-root=\"c\" data-hveid=\"CAEIAxAB\" data-complete=\"true\"><strong class=\"Yjhzub\" data-sfc-root=\"c\" data-sfc-cb=\"\" data-complete=\"true\">Ospiti benvenuti<\/strong><br data-sfc-root=\"c\" data-sfc-pl=\"|[]\" data-sfc-cb=\"\" data-complete=\"true\" \/>Oltre 5.000 ospiti si sono affidati a noi per la loro vacanza a S\u00e3o Miguel. Scopri perch\u00e9 le nostre strutture per gruppi e famiglie ottengono costantemente un\u00a0<strong class=\"Yjhzub\" data-sfc-root=\"c\" data-sfc-cb=\"\" data-complete=\"true\">Favoloso<\/strong> valutazione.<\/p><div class=\"Fsg96\" data-sfc-cp=\"\" data-sfc-root=\"c\" data-sfc-cb=\"\" data-complete=\"true\" data-processed=\"true\">\u00a0<\/div>\t\t\t\t\t\t\t\t<\/div>\n\t\t\t\t<\/div>\n\t\t\t\t<div class=\"elementor-element elementor-element-0587945 elementor-widget elementor-widget-text-editor\" data-id=\"0587945\" data-element_type=\"widget\" data-e-type=\"widget\" data-widget_type=\"text-editor.default\">\n\t\t\t\t<div class=\"elementor-widget-container\">\n\t\t\t\t\t\t\t\t\t<h3 class=\"wp-block-heading has-text-align-left has-primary-color has-text-color has-large-font-size\"><strong>100%<\/strong><\/h3><h3><strong>Impegno dell&#039;ospite<\/strong><\/h3><p>Apprezziamo la tua privacy e ti offriamo un soggiorno completamente indipendente senza alcuna intrusione. Consideraci il tuo\u00a0<strong class=\"Yjhzub\" data-sfc-root=\"c\" data-sfc-cb=\"\" data-complete=\"true\">\u201camico silenzioso\u201d<\/strong>\u00a0\u2014 sempre presenti in sottofondo, ma a portata di messaggio o di telefonata ogni volta che ne avrete bisogno.<\/p>\t\t\t\t\t\t\t\t<\/div>\n\t\t\t\t<\/div>\n\t\t\t\t<\/div>\n\t\t\t\t<\/div>\n\t\t\t\t\t<\/div>\n\t\t\t\t<\/div>\n\t\t\t\t<\/div>","protected":false},"excerpt":{"rendered":"<p>Local Expertise &amp; Your Sanctuary in Ponta Delgada We are more than just an accommodation provider; we are your local partners in the Azores. As a dedicated Google Local Guide with deep roots in S\u00e3o Miguel, our mission is to offer a true sanctuary for travelers. From the spacious Family Holiday Villa Vacation or Ponta [&hellip;]<\/p>\n","protected":false},"author":3,"featured_media":0,"parent":147,"menu_order":0,"comment_status":"closed","ping_status":"closed","template":"","meta":{"footnotes":""},"class_list":["post-23","page","type-page","status-publish","hentry"],"_links":{"self":[{"href":"https:\/\/pontadelgadaazoresrentals.com\/it\/wp-json\/wp\/v2\/pages\/23","targetHints":{"allow":["GET"]}}],"collection":[{"href":"https:\/\/pontadelgadaazoresrentals.com\/it\/wp-json\/wp\/v2\/pages"}],"about":[{"href":"https:\/\/pontadelgadaazoresrentals.com\/it\/wp-json\/wp\/v2\/types\/page"}],"author":[{"embeddable":true,"href":"https:\/\/pontadelgadaazoresrentals.com\/it\/wp-json\/wp\/v2\/users\/3"}],"replies":[{"embeddable":true,"href":"https:\/\/pontadelgadaazoresrentals.com\/it\/wp-json\/wp\/v2\/comments?post=23"}],"version-history":[{"count":28,"href":"https:\/\/pontadelgadaazoresrentals.com\/it\/wp-json\/wp\/v2\/pages\/23\/revisions"}],"predecessor-version":[{"id":2026,"href":"https:\/\/pontadelgadaazoresrentals.com\/it\/wp-json\/wp\/v2\/pages\/23\/revisions\/2026"}],"up":[{"embeddable":true,"href":"https:\/\/pontadelgadaazoresrentals.com\/it\/wp-json\/wp\/v2\/pages\/147"}],"wp:attachment":[{"href":"https:\/\/pontadelgadaazoresrentals.com\/it\/wp-json\/wp\/v2\/media?parent=23"}],"curies":[{"name":"wp","href":"https:\/\/api.w.org\/{rel}","templated":true}]}}