{"id":531,"date":"2025-03-14T14:53:34","date_gmt":"2025-03-14T14:53:34","guid":{"rendered":"https:\/\/pontadelgadaazoresrentals.com\/?page_id=531"},"modified":"2026-04-11T23:40:00","modified_gmt":"2026-04-11T23:40:00","slug":"vacanza-in-famiglia-villa-vacanza-ponta-delgada","status":"publish","type":"page","link":"https:\/\/pontadelgadaazoresrentals.com\/it\/ponta-delgada-azores-rentals\/reservas\/family-holiday-villa-vacation-ponta-delgada\/","title":{"rendered":"Vacanza in famiglia Villa per le vacanze Ponta Delgada"},"content":{"rendered":"<div data-elementor-type=\"wp-page\" data-elementor-id=\"531\" class=\"elementor elementor-531\">\n\t\t\t\t<div class=\"elementor-element elementor-element-19e8840 e-grid e-con-boxed e-con e-parent\" data-id=\"19e8840\" data-element_type=\"container\" data-e-type=\"container\">\n\t\t\t\t\t<div class=\"e-con-inner\">\n\t\t\t\t<div class=\"elementor-element elementor-element-e3ca2ab elementor-widget elementor-widget-html\" data-id=\"e3ca2ab\" data-element_type=\"widget\" data-e-type=\"widget\" data-widget_type=\"html.default\">\n\t\t\t\t<div class=\"elementor-widget-container\">\n\t\t\t\t\t<div class=\"gallery-container\">\r\n    <div class=\"gallery\">\r\n        <div class=\"gallery-item large\">\r\n            <img src=\"\/wp-content\/uploads\/2026\/04\/Family-Holiday-Villa-Vacations-Ponta-Delgada.webp\" alt=\"Vacanze in famiglia in villa VAcations - Alloggio per 18 persone a Ponta Delgada\" style=\"border-bottom-left-radius: 15px;\">\r\n        <\/div>\r\n        <div class=\"gallery-column\">\r\n            <div class=\"gallery-item half\">\r\n                <img decoding=\"async\" src=\"\/wp-content\/uploads\/2025\/03\/outdoor-barbecue-dining-area-sao-miguel-azores-vacation-rental-scaled.webp\" alt=\"Tradizionale zona pranzo all&#039;aperto con barbecue, pareti rivestite con piastrelle blu portoghesi, stoviglie colorate e accesso al giardino in una villa per vacanze a S\u00e3o Miguel, nelle Azzorre.\">\r\n            <\/div>\r\n            <div class=\"gallery-item half\">\r\n                <img decoding=\"async\" src=\"\/wp-content\/uploads\/2025\/03\/living-room-fireplace-dining-sao-miguel-azores-villa-1.webp\" alt=\"Ampio soggiorno con camino, installazione artistica in legno rustico, tavolo da pranzo e TV nella casa vacanze di S\u00e3o Miguel Ponta Delgada.\">\r\n            <\/div>\r\n        <\/div>\r\n        <div class=\"gallery-column\">\r\n            <div class=\"gallery-item half\">\r\n                <img decoding=\"async\" src=\"\/wp-content\/uploads\/2025\/03\/triple-bedroom-colorful-sao-miguel-azores-vacation-rental-1-scaled.webp\" alt=\"Luminosa camera tripla con letto matrimoniale e letto singolo, biancheria da letto colorata, pareti gialle in una villa per vacanze in famiglia a S\u00e3o Miguel, nelle Azzorre.\">\r\n            <\/div>\r\n            <div class=\"gallery-item half\">\r\n                <img decoding=\"async\" src=\"\/wp-content\/uploads\/2025\/03\/garden-terrace-hydrangeas-palm-sao-miguel-azores-rental-1.webp\" alt=\"Terrazza lussureggiante con palme, ortensie e sentieri in pietra presso la villa per vacanze in famiglia a S\u00e3o Miguel, nelle Azzorre.\">style=&quot;border-bottom-right-radius: 15px;&quot;&gt;\r\n            <\/div>\r\n        <\/div>\r\n    <\/div>\r\n    <div class=\"calendar-container\">\r\n        <iframe src=\"https:\/\/calendar.google.com\/calendar\/embed?height=600&wkst=1&ctz=Atlantic%2FAzores&src=ZGo5djEwdDdhb3VxODdyOWM5dGJ1dWI5NnBoaHNsdTBAaW1wb3J0LmNhbGVuZGFyLmdvb2dsZS5jb20&color=%23D81B60\" style=\"border:solid 1px #777\" width=\"800\" height=\"300\" frameborder=\"0\" scrolling=\"no\"><\/iframe>\r\n    <\/div>\r\n<\/div>\r\n\r\n<style>\r\n    .gallery-container {\r\n        display: flex;\r\n        flex-direction: column;\r\n        justify-content: center;\r\n        max-width: 1200px;\r\n        margin: auto;\r\n        padding: 0;\r\n        overflow: hidden;\r\n        border-radius: 15px 15px 0 0;\r\n    }\r\n\r\n    .gallery {\r\n        display: grid;\r\n        grid-template-columns: 2fr 1fr 1fr;\r\n        gap: 10px;\r\n    }\r\n\r\n    .gallery-item {\r\n        position: relative;\r\n        overflow: hidden;\r\n        border-radius: 0;\r\n    }\r\n\r\n    .gallery-column {\r\n        display: grid;\r\n        grid-template-rows: 1fr 1fr;\r\n        gap: 10px;\r\n    }\r\n\r\n    .gallery-item img {\r\n        width: 100%;\r\n        height: 100%;\r\n        object-fit: cover;\r\n        display: block;\r\n    }\r\n\r\n    .half {\r\n        height: 100%;\r\n    }\r\n\r\n    .calendar-container {\r\n        margin-top: 10px;\r\n        display: flex;\r\n        justify-content: center;\r\n        border-radius: 0 0 15px 15px;\r\n        overflow: hidden;\r\n        clip-path: inset(0 0 0 0 round 0 0 15px 15px);\r\n    }\r\n<\/style>\r\n\t\t\t\t<\/div>\n\t\t\t\t<\/div>\n\t\t\t\t\t<\/div>\n\t\t\t\t<\/div>\n\t\t<div class=\"elementor-element elementor-element-39a248e e-grid e-con-boxed e-con e-parent\" data-id=\"39a248e\" data-element_type=\"container\" data-e-type=\"container\">\n\t\t\t\t\t<div class=\"e-con-inner\">\n\t\t\t\t<div class=\"elementor-element elementor-element-c290fcf elementor-widget elementor-widget-google_maps\" data-id=\"c290fcf\" data-element_type=\"widget\" data-e-type=\"widget\" data-widget_type=\"google_maps.default\">\n\t\t\t\t<div class=\"elementor-widget-container\">\n\t\t\t\t\t\t\t<div class=\"elementor-custom-embed\">\n\t\t\t<iframe loading=\"lazy\"\n\t\t\t\t\tsrc=\"https:\/\/maps.google.com\/maps?q=family%20holiday%20villa%20vacation&#038;t=m&#038;z=13&#038;output=embed&#038;iwloc=near\"\n\t\t\t\t\ttitle=\"vacanza in villa per famiglie\"\n\t\t\t\t\taria-label=\"vacanza in villa per famiglie\"\n\t\t\t><\/iframe>\n\t\t<\/div>\n\t\t\t\t\t\t<\/div>\n\t\t\t\t<\/div>\n\t\t\t\t<div class=\"elementor-element elementor-element-33da84f elementor-widget elementor-widget-html\" data-id=\"33da84f\" data-element_type=\"widget\" data-e-type=\"widget\" data-widget_type=\"html.default\">\n\t\t\t\t<div class=\"elementor-widget-container\">\n\t\t\t\t\t<h2>Scopri l&#039;esperienza unica della nostra casa vacanze<\/h2>\n<h3><strong>Vacanza in villa per famiglie<\/strong> \u00e8 una casa spaziosa e tradizionale che pu\u00f2 ospitare fino a <strong>18 persone.<\/strong><\/h3>\n<p>Family Villa Vacation collabora con Ponta Delgada Azores Rentals, il tuo sito di riferimento per le case vacanza a Ponta Delgada, nelle Azzorre.<\/p>\n<h4>Rendendolo il rifugio perfetto per <strong>Vacanze di gruppo con familiari e amici.<\/strong> Le vacanze in villa per famiglie offrono un soggiorno indimenticabile in un ambiente accogliente e un <strong>posizione eccellente<\/strong>.<\/h4>\n\n<h3>Indice<\/h3>\n<ul>\n    <li><a href=\"#unforgettable-moments\">Una casa vacanze per momenti indimenticabili.<\/a><\/li>\n    <li><a href=\"#location\">Posizione privilegiata<\/a><\/li>\n    <li><a href=\"#comfort\">Comfort e design curato nei minimi dettagli.<\/a><\/li>\n    <li><a href=\"#outdoors\">Spazi esterni mozzafiato<\/a><\/li>\n    <li><a href=\"#amenities\">Servizi di prim&#039;ordine per un soggiorno perfetto<\/a><\/li>\n    <li><a href=\"#surroundings\">Cosa fare nelle vicinanze<\/a><\/li>\n    <li><a href=\"#booking\">Prenota ora e vivi questa esperienza<\/a><\/li>\n<\/ul>\n<p>\n<\/p>\n\n<p>Benvenuti a <a href=\"https:\/\/pontadelgadaazoresrentals.com\/it\/affitti-a-ponta-delgada-azzorre\/riserve\/vacanza-in-famiglia-villa-vacanza-ponta-delgada\/\"><strong>Vacanza in famiglia Villa per le vacanze Ponta Delgada<\/strong><\/a>. Questa non \u00e8 una semplice casa vacanze; \u00e8 un rifugio dove natura e persone si fondono per creare ricordi indimenticabili.<\/p>\n\n<p>Affacciato a sud sull&#039;isola di S\u00e3o Miguel, questo luogo vanta un&#039;architettura che fonde la tradizione azzorriana, con un uso particolare della pietra basaltica vulcanica. Qui, immersi in un paesaggio mozzafiato, accade l&#039;inaspettato: ci si aspetta poco, ma si riceve molto di pi\u00f9.<\/p>\n\n<h4 id=\"location\">Posizione privilegiata<\/h4>\n<p>La villa per vacanze in famiglia a Ponta Delgada vi pone al centro di tutto. Per questo motivo, si trova vicino alle migliori attrazioni che la regione ha da offrire.<\/p>\n<ul>\n    <li><strong>Vicino ai principali accessi stradali<\/strong>, a soli 3 minuti dalle principali autostrade.<\/li>\n    <li><strong>La citt\u00e0 di Ponta Delgada<\/strong> Si trova a soli 5 minuti di distanza, e l&#039;aeroporto Jo\u00e3o Paulo II \u00e8 a soli 15 minuti.<\/li>\n    <li><strong>spiagge di sabbia nera<\/strong>, dove potrete godervi acque cristalline, sono a soli 5 minuti di distanza.<\/li>\n    <li><strong>Mercati e ristoranti locali<\/strong> Offriamo autentici sapori delle Azzorre.<\/li>\n<\/ul>\n\n<h4 id=\"comfort\">Vacanze in famiglia in villa a Ponta Delgada: un progetto pensato su misura per voi.<\/h4>\n<p>Bilanciamento <strong>architettura tradizionale ed elementi naturali<\/strong>, questa casa crea un&#039;atmosfera familiare calda e autentica delle Azzorre.<\/p>\n<ul>\n    <li><strong>5 ampie camere da letto climatizzate<\/strong>, garantendo un riposo rivitalizzante.<\/li>\n    <li><strong>Opere d&#039;arte uniche realizzate da artisti locali.<\/strong>, rendendo questa villa un&#039;esperienza culturale.<\/li>\n    <li><strong>3 bagni eleganti<\/strong>, garantendo comodit\u00e0 e comfort.<\/li>\n    <li><strong>Soggiorno panoramico<\/strong>, Perfetto per momenti in famiglia e pasti deliziosi.<\/li>\n    <li><strong>Cucina completamente attrezzata<\/strong>, ideale per preparare prodotti freschi e locali.<\/li>\n<\/ul>\n\n<h4 id=\"outdoors\">Spazi esterni mozzafiato: rilassati e lasciati ispirare.<\/h4>\n<p>Lo spazio esterno di questa villa \u00e8 davvero spettacolare.<\/p>\n<ul>\n    <li><strong>Un giardino rigoglioso<\/strong>, offrendo aria fresca e tranquillit\u00e0.<\/li>\n    <li><strong>Panorami rurali e sull&#039;oceano<\/strong>, offrendo un paesaggio incredibile.<\/li>\n    <li><strong>Zona pranzo all&#039;aperto<\/strong> con un barbecue, perfetto per momenti speciali.<\/li>\n<\/ul>\n\n<h4 id=\"amenities\">Dettagli che fanno la differenza: servizi di prim&#039;ordine<\/h4>\n<p>Tutto \u00e8 stato pensato per garantire un soggiorno confortevole.<\/p>\n<ul>\n    <li><strong>Wi-Fi ad alta velocit\u00e0<\/strong>, mantenendoti sempre connesso.<\/li>\n    <li><strong>Aria condizionata e riscaldamento<\/strong>, garantendo un clima interno ideale.<\/li>\n    <li><strong>Parcheggio privato<\/strong>, garantendo sicurezza e comodit\u00e0.<\/li>\n<\/ul>\n\n<h4 id=\"surroundings\">Esperienze memorabili: esplora i dintorni<\/h4>\n<ul>\n    <li><strong>Gite in barca<\/strong> per esplorare la splendida costa delle Azzorre.<\/li>\n    <li><a href=\"https:\/\/repositorio.uac.pt\/entities\/publication\/11b77244-85b2-443e-9a55-c79d3626907b\" target=\"_blank\" rel=\"noopener\"><strong>Osservazione delle balene<\/strong><\/a>, un&#039;esperienza irripetibile.<\/li>\n    <li><strong>Degustazioni di vini e gastronomia locale<\/strong>, immergendosi negli autentici sapori delle Azzorre.<\/li>\n<\/ul>\n\n<h5 id=\"booking\">Prenota ora e vivi questa esperienza<\/h5>\n<p>A <strong>Affitti a Ponta Delgada, Azzorre<\/strong>, Ogni partner \u00e8 stato scelto per superare le vostre aspettative. <strong>Vi aspettavate poco? Otterrete molto di pi\u00f9.<\/strong><\/p>\n<p>\ud83d\udce9 <strong>Contattaci per maggiori informazioni o prenota subito il tuo soggiorno!<\/strong><\/p>\n\t\t\t\t<\/div>\n\t\t\t\t<\/div>\n\t\t\t\t\t<\/div>\n\t\t\t\t<\/div>\n\t\t<div class=\"elementor-element elementor-element-34b6eb9 e-flex e-con-boxed e-con e-parent\" data-id=\"34b6eb9\" data-element_type=\"container\" data-e-type=\"container\">\n\t\t\t\t\t<div class=\"e-con-inner\">\n\t\t\t\t<div class=\"elementor-element elementor-element-e1d0e26 elementor-arrows-position-inside elementor-pagination-position-outside elementor-widget elementor-widget-image-carousel\" data-id=\"e1d0e26\" data-element_type=\"widget\" data-e-type=\"widget\" data-settings=\"{&quot;slides_to_show&quot;:&quot;3&quot;,&quot;navigation&quot;:&quot;both&quot;,&quot;autoplay&quot;:&quot;yes&quot;,&quot;pause_on_hover&quot;:&quot;yes&quot;,&quot;pause_on_interaction&quot;:&quot;yes&quot;,&quot;autoplay_speed&quot;:5000,&quot;infinite&quot;:&quot;yes&quot;,&quot;speed&quot;:500}\" data-widget_type=\"image-carousel.default\">\n\t\t\t\t<div class=\"elementor-widget-container\">\n\t\t\t\t\t\t\t<div class=\"elementor-image-carousel-wrapper swiper\" role=\"region\" aria-roledescription=\"carousel\" aria-label=\"Carosello di immagini\" dir=\"ltr\">\n\t\t\t<div class=\"elementor-image-carousel swiper-wrapper\" aria-live=\"off\">\n\t\t\t\t\t\t\t\t<div class=\"swiper-slide\" role=\"group\" aria-roledescription=\"slide\" aria-label=\"1 di 5\"><a data-elementor-open-lightbox=\"yes\" data-elementor-lightbox-slideshow=\"e1d0e26\" data-elementor-lightbox-title=\"living-room-fireplace-dining-sao-miguel-azores-villa\" data-elementor-lightbox-description=\"Cozy living room with fireplace, rustic art and dining area in the vacation home in S\u00e3o Miguel\" data-e-action-hash=\"#elementor-action%3Aaction%3Dlightbox%26settings%3DeyJpZCI6MTAyNywidXJsIjoiaHR0cHM6XC9cL3BvbnRhZGVsZ2FkYWF6b3Jlc3JlbnRhbHMuY29tXC93cC1jb250ZW50XC91cGxvYWRzXC8yMDI1XC8wM1wvbGl2aW5nLXJvb20tZmlyZXBsYWNlLWRpbmluZy1zYW8tbWlndWVsLWF6b3Jlcy12aWxsYS0xLndlYnAiLCJzbGlkZXNob3ciOiJlMWQwZTI2In0%3D\" href=\"https:\/\/pontadelgadaazoresrentals.com\/wp-content\/uploads\/2025\/03\/living-room-fireplace-dining-sao-miguel-azores-villa-1.webp\"><figure class=\"swiper-slide-inner\"><img decoding=\"async\" class=\"swiper-slide-image\" src=\"https:\/\/pontadelgadaazoresrentals.com\/wp-content\/uploads\/elementor\/thumbs\/living-room-fireplace-dining-sao-miguel-azores-villa-1-r2z0br5ydsj70l0tdpmtzx8sk2vcts99hm1cnm56jc.webp\" alt=\"Ampio soggiorno con camino, installazione artistica in legno rustico, tavolo da pranzo e TV nella casa vacanze di S\u00e3o Miguel Ponta Delgada.\" \/><\/figure><\/a><\/div><div class=\"swiper-slide\" role=\"group\" aria-roledescription=\"slide\" aria-label=\"2 di 5\"><a data-elementor-open-lightbox=\"yes\" data-elementor-lightbox-slideshow=\"e1d0e26\" data-elementor-lightbox-title=\"garden-terrace-hydrangeas-palm-sao-miguel-azores-rental\" data-elementor-lightbox-description=\"Exuberant garden with typical Azorean hydrangeas and palm trees at the vacation property in S\u00e3o Miguel\" data-e-action-hash=\"#elementor-action%3Aaction%3Dlightbox%26settings%3DeyJpZCI6MTAyNiwidXJsIjoiaHR0cHM6XC9cL3BvbnRhZGVsZ2FkYWF6b3Jlc3JlbnRhbHMuY29tXC93cC1jb250ZW50XC91cGxvYWRzXC8yMDI1XC8wM1wvZ2FyZGVuLXRlcnJhY2UtaHlkcmFuZ2Vhcy1wYWxtLXNhby1taWd1ZWwtYXpvcmVzLXJlbnRhbC0xLndlYnAiLCJzbGlkZXNob3ciOiJlMWQwZTI2In0%3D\" href=\"https:\/\/pontadelgadaazoresrentals.com\/wp-content\/uploads\/2025\/03\/garden-terrace-hydrangeas-palm-sao-miguel-azores-rental-1.webp\"><figure class=\"swiper-slide-inner\"><img decoding=\"async\" class=\"swiper-slide-image\" src=\"https:\/\/pontadelgadaazoresrentals.com\/wp-content\/uploads\/elementor\/thumbs\/garden-terrace-hydrangeas-palm-sao-miguel-azores-rental-1-r2z071160s2an5vxz63cym6d1c5x4khui7ygsj5ftk.webp\" alt=\"Terrazza lussureggiante con palme, ortensie e sentieri in pietra presso la villa per vacanze in famiglia a S\u00e3o Miguel, nelle Azzorre.\" \/><\/figure><\/a><\/div><div class=\"swiper-slide\" role=\"group\" aria-roledescription=\"slide\" aria-label=\"3 su 5\"><a data-elementor-open-lightbox=\"yes\" data-elementor-lightbox-slideshow=\"e1d0e26\" data-elementor-lightbox-title=\"bedroom with double bed and single bed, Azores family holiday villa\" data-elementor-lightbox-description=\"Triple bedroom with double bed and single bed, colorful decor perfect for families vacationing in the Azores\" data-e-action-hash=\"#elementor-action%3Aaction%3Dlightbox%26settings%3DeyJpZCI6MTAyNSwidXJsIjoiaHR0cHM6XC9cL3BvbnRhZGVsZ2FkYWF6b3Jlc3JlbnRhbHMuY29tXC93cC1jb250ZW50XC91cGxvYWRzXC8yMDI1XC8wM1wvdHJpcGxlLWJlZHJvb20tY29sb3JmdWwtc2FvLW1pZ3VlbC1hem9yZXMtdmFjYXRpb24tcmVudGFsLTEtc2NhbGVkLndlYnAiLCJzbGlkZXNob3ciOiJlMWQwZTI2In0%3D\" href=\"https:\/\/pontadelgadaazoresrentals.com\/wp-content\/uploads\/2025\/03\/triple-bedroom-colorful-sao-miguel-azores-vacation-rental-1-scaled.webp\"><figure class=\"swiper-slide-inner\"><img decoding=\"async\" class=\"swiper-slide-image\" src=\"https:\/\/pontadelgadaazoresrentals.com\/wp-content\/uploads\/elementor\/thumbs\/triple-bedroom-colorful-sao-miguel-azores-vacation-rental-1-scaled-r2yzsxgbi8rghqd8b2otk69g99npo0iskfo9n4215k.webp\" alt=\"Luminosa camera tripla con letto matrimoniale e letto singolo, biancheria da letto colorata, pareti gialle in una villa per vacanze in famiglia a S\u00e3o Miguel, nelle Azzorre.\" \/><\/figure><\/a><\/div><div class=\"swiper-slide\" role=\"group\" aria-roledescription=\"slide\" aria-label=\"4 su 5\"><a data-elementor-open-lightbox=\"yes\" data-elementor-lightbox-slideshow=\"e1d0e26\" data-elementor-lightbox-title=\"triple-bedroom-colorful-sao-miguel-azores-vacation-rental\" data-e-action-hash=\"#elementor-action%3Aaction%3Dlightbox%26settings%3DeyJpZCI6MTAyMywidXJsIjoiaHR0cHM6XC9cL3BvbnRhZGVsZ2FkYWF6b3Jlc3JlbnRhbHMuY29tXC93cC1jb250ZW50XC91cGxvYWRzXC8yMDI1XC8wM1wvdHJpcGxlLWJlZHJvb20tY29sb3JmdWwtc2FvLW1pZ3VlbC1hem9yZXMtdmFjYXRpb24tcmVudGFsLXNjYWxlZC5qcGciLCJzbGlkZXNob3ciOiJlMWQwZTI2In0%3D\" href=\"https:\/\/pontadelgadaazoresrentals.com\/wp-content\/uploads\/2025\/03\/triple-bedroom-colorful-sao-miguel-azores-vacation-rental-scaled.jpg\"><figure class=\"swiper-slide-inner\"><img decoding=\"async\" class=\"swiper-slide-image\" src=\"https:\/\/pontadelgadaazoresrentals.com\/wp-content\/uploads\/elementor\/thumbs\/triple-bedroom-colorful-sao-miguel-azores-vacation-rental-scaled-rlqftwk26duk74gxll6blud2wvyxq2fn26rxhxw120.jpg\" alt=\"casa vacanze con tre camere da letto colorate a Sao Miguel, nelle Azzorre.\" \/><\/figure><\/a><\/div><div class=\"swiper-slide\" role=\"group\" aria-roledescription=\"slide\" aria-label=\"5 su 5\"><a data-elementor-open-lightbox=\"yes\" data-elementor-lightbox-slideshow=\"e1d0e26\" data-elementor-lightbox-title=\"outdoor-barbecue-dining-area-sao-miguel-azores-vacation-rental\" data-elementor-lightbox-description=\"barbecue, Portuguese tiles, outdoor dining, Azores accommodation, S\u00e3o Miguel vacation\" data-e-action-hash=\"#elementor-action%3Aaction%3Dlightbox%26settings%3DeyJpZCI6MTAxOCwidXJsIjoiaHR0cHM6XC9cL3BvbnRhZGVsZ2FkYWF6b3Jlc3JlbnRhbHMuY29tXC93cC1jb250ZW50XC91cGxvYWRzXC8yMDI1XC8wM1wvb3V0ZG9vci1iYXJiZWN1ZS1kaW5pbmctYXJlYS1zYW8tbWlndWVsLWF6b3Jlcy12YWNhdGlvbi1yZW50YWwtc2NhbGVkLndlYnAiLCJzbGlkZXNob3ciOiJlMWQwZTI2In0%3D\" href=\"https:\/\/pontadelgadaazoresrentals.com\/wp-content\/uploads\/2025\/03\/outdoor-barbecue-dining-area-sao-miguel-azores-vacation-rental-scaled.webp\"><figure class=\"swiper-slide-inner\"><img decoding=\"async\" class=\"swiper-slide-image\" src=\"https:\/\/pontadelgadaazoresrentals.com\/wp-content\/uploads\/elementor\/thumbs\/outdoor-barbecue-dining-area-sao-miguel-azores-vacation-rental-scaled-r2yzdcao65f9yj0cbu4jplv9m8hl0pn1fa7e4x62c8.webp\" alt=\"Tradizionale zona pranzo all&#039;aperto con barbecue, pareti in piastrelle blu portoghesi, stoviglie colorate e accesso al giardino nella villa per le vacanze a S\u00e3o Miguel Azzorre&quot; Descrizione: &quot;Espa\u00e7o external com churrasqueira tradicional, azulejos portugueses, perfeito para refei\u00e7\u00f5es em fam\u00edlia em S\u00e3o Miguel\" \/><\/figure><\/a><\/div>\t\t\t<\/div>\n\t\t\t\t\t\t\t\t\t\t\t\t<div class=\"elementor-swiper-button elementor-swiper-button-prev\" role=\"button\" tabindex=\"0\">\n\t\t\t\t\t\t<svg aria-hidden=\"true\" class=\"e-font-icon-svg e-eicon-chevron-left\" viewbox=\"0 0 1000 1000\" xmlns=\"http:\/\/www.w3.org\/2000\/svg\"><path d=\"M646 125C629 125 613 133 604 142L308 442C296 454 292 471 292 487 292 504 296 521 308 533L604 854C617 867 629 875 646 875 663 875 679 871 692 858 704 846 713 829 713 812 713 796 708 779 692 767L438 487 692 225C700 217 708 204 708 187 708 171 704 154 692 142 675 129 663 125 646 125Z\"><\/path><\/svg>\t\t\t\t\t<\/div>\n\t\t\t\t\t<div class=\"elementor-swiper-button elementor-swiper-button-next\" role=\"button\" tabindex=\"0\">\n\t\t\t\t\t\t<svg aria-hidden=\"true\" class=\"e-font-icon-svg e-eicon-chevron-right\" viewbox=\"0 0 1000 1000\" xmlns=\"http:\/\/www.w3.org\/2000\/svg\"><path d=\"M696 533C708 521 713 504 713 487 713 471 708 454 696 446L400 146C388 133 375 125 354 125 338 125 325 129 313 142 300 154 292 171 292 187 292 204 296 221 308 233L563 492 304 771C292 783 288 800 288 817 288 833 296 850 308 863 321 871 338 875 354 875 371 875 388 867 400 854L696 533Z\"><\/path><\/svg>\t\t\t\t\t<\/div>\n\t\t\t\t\n\t\t\t\t\t\t\t\t\t<div class=\"swiper-pagination\"><\/div>\n\t\t\t\t\t\t\t\t\t<\/div>\n\t\t\t\t\t\t<\/div>\n\t\t\t\t<\/div>\n\t\t\t\t\t<\/div>\n\t\t\t\t<\/div>\n\t\t\t\t<\/div>","protected":false},"excerpt":{"rendered":"<p>Family Villa Vacation collabora con Ponta Delgada Azores Rentals, il tuo sito di riferimento per le case vacanza a Ponta Delgada, nelle Azzorre.<\/p>\n<h4>Rendendolo il rifugio perfetto per <strong>Vacanze di gruppo con familiari e amici.<\/strong> Le vacanze in villa per famiglie offrono un soggiorno indimenticabile in un ambiente accogliente e un <strong>posizione eccellente<\/strong>.<\/h4>\n<h3>Indice<\/h3>\n<ul>\n<li><a href=\"#unforgettable-moments\">Una casa vacanze per momenti indimenticabili.<\/a><\/li>\n<li><a href=\"#location\">Posizione privilegiata<\/a><\/li>\n<li><a href=\"#comfort\">Comfort e design curato nei minimi dettagli.<\/a><\/li>\n<li><a href=\"#outdoors\">Spazi esterni mozzafiato<\/a><\/li>\n<li><a href=\"#amenities\">Servizi di prim&#039;ordine per un soggiorno perfetto<\/a><\/li>\n<li><a href=\"#surroundings\">Cosa fare nelle vicinanze<\/a><\/li>\n<li><a href=\"#booking\">Prenota ora e vivi questa esperienza<\/a><\/li>\n<\/ul>\n<p>&nbsp;<\/p>\n<p>Benvenuti a <a href=\"https:\/\/pontadelgadaazoresrentals.com\/it\/affitti-a-ponta-delgada-azzorre\/riserve\/vacanza-in-famiglia-villa-vacanza-ponta-delgada\/\"><strong>Vacanza in famiglia Villa per le vacanze Ponta Delgada<\/strong><\/a>. Questa non \u00e8 una semplice casa vacanze; \u00e8 un rifugio dove natura e persone si fondono per creare ricordi indimenticabili.<\/p>","protected":false},"author":4,"featured_media":0,"parent":464,"menu_order":0,"comment_status":"closed","ping_status":"closed","template":"","meta":{"footnotes":""},"class_list":["post-531","page","type-page","status-publish","hentry"],"_links":{"self":[{"href":"https:\/\/pontadelgadaazoresrentals.com\/it\/wp-json\/wp\/v2\/pages\/531","targetHints":{"allow":["GET"]}}],"collection":[{"href":"https:\/\/pontadelgadaazoresrentals.com\/it\/wp-json\/wp\/v2\/pages"}],"about":[{"href":"https:\/\/pontadelgadaazoresrentals.com\/it\/wp-json\/wp\/v2\/types\/page"}],"author":[{"embeddable":true,"href":"https:\/\/pontadelgadaazoresrentals.com\/it\/wp-json\/wp\/v2\/users\/4"}],"replies":[{"embeddable":true,"href":"https:\/\/pontadelgadaazoresrentals.com\/it\/wp-json\/wp\/v2\/comments?post=531"}],"version-history":[{"count":131,"href":"https:\/\/pontadelgadaazoresrentals.com\/it\/wp-json\/wp\/v2\/pages\/531\/revisions"}],"predecessor-version":[{"id":1721,"href":"https:\/\/pontadelgadaazoresrentals.com\/it\/wp-json\/wp\/v2\/pages\/531\/revisions\/1721"}],"up":[{"embeddable":true,"href":"https:\/\/pontadelgadaazoresrentals.com\/it\/wp-json\/wp\/v2\/pages\/464"}],"wp:attachment":[{"href":"https:\/\/pontadelgadaazoresrentals.com\/it\/wp-json\/wp\/v2\/media?parent=531"}],"curies":[{"name":"wp","href":"https:\/\/api.w.org\/{rel}","templated":true}]}}