{"id":531,"date":"2025-03-14T14:53:34","date_gmt":"2025-03-14T14:53:34","guid":{"rendered":"https:\/\/pontadelgadaazoresrentals.com\/?page_id=531"},"modified":"2026-04-11T23:40:00","modified_gmt":"2026-04-11T23:40:00","slug":"ferias-em-familia-villa-ferias-ponta-delgada","status":"publish","type":"page","link":"https:\/\/pontadelgadaazoresrentals.com\/pt\/ponta-delgada-azores-rentals\/reservas\/family-holiday-villa-vacation-ponta-delgada\/","title":{"rendered":"Family Holiday Villa Vacation Ponta Delgada"},"content":{"rendered":"<div data-elementor-type=\"wp-page\" data-elementor-id=\"531\" class=\"elementor elementor-531\">\n\t\t\t\t<div class=\"elementor-element elementor-element-19e8840 e-grid e-con-boxed e-con e-parent\" data-id=\"19e8840\" data-element_type=\"container\" data-e-type=\"container\">\n\t\t\t\t\t<div class=\"e-con-inner\">\n\t\t\t\t<div class=\"elementor-element elementor-element-e3ca2ab elementor-widget elementor-widget-html\" data-id=\"e3ca2ab\" data-element_type=\"widget\" data-e-type=\"widget\" data-widget_type=\"html.default\">\n\t\t\t\t<div class=\"elementor-widget-container\">\n\t\t\t\t\t<div class=\"gallery-container\">\r\n    <div class=\"gallery\">\r\n        <div class=\"gallery-item large\">\r\n            <img src=\"\/wp-content\/uploads\/2026\/04\/Family-Holiday-Villa-Vacations-Ponta-Delgada.webp\"\" alt=\"Family Holiday Villa VAcations - Alojamento para at\u00e9 18 pessoas em Ponta Delgada\" style=\"border-bottom-left-radius: 15px;\">\r\n        <\/div>\r\n        <div class=\"gallery-column\">\r\n            <div class=\"gallery-item half\">\r\n                <img decoding=\"async\" src=\"\/wp-content\/uploads\/2025\/03\/outdoor-barbecue-dining-area-sao-miguel-azores-vacation-rental-scaled.webp\" alt=\"\u00c1rea de refei\u00e7\u00f5es tradicional ao ar livre com churrasqueira, paredes revestidas com azulejos azuis portugueses, lou\u00e7a colorida e acesso ao jardim na villa de f\u00e9rias em S\u00e3o Miguel, A\u00e7ores.\">\r\n            <\/div>\r\n            <div class=\"gallery-item half\">\r\n                <img decoding=\"async\" src=\"\/wp-content\/uploads\/2025\/03\/living-room-fireplace-dining-sao-miguel-azores-villa-1.webp\" alt=\"Sala de estar espa\u00e7osa com lareira, instala\u00e7\u00e3o art\u00edstica r\u00fastica em madeira, mesa de jantar e TV na casa de f\u00e9rias em S\u00e3o Miguel Ponta Delgada.\">\r\n            <\/div>\r\n        <\/div>\r\n        <div class=\"gallery-column\">\r\n            <div class=\"gallery-item half\">\r\n                <img decoding=\"async\" src=\"\/wp-content\/uploads\/2025\/03\/triple-bedroom-colorful-sao-miguel-azores-vacation-rental-1-scaled.webp\" alt=\"Quarto triplo luminoso com cama de casal e cama de solteiro, roupa de cama colorida e paredes amarelas em villa de f\u00e9rias familiar em S\u00e3o Miguel, A\u00e7ores.\">\r\n            <\/div>\r\n            <div class=\"gallery-item half\">\r\n                <img decoding=\"async\" src=\"\/wp-content\/uploads\/2025\/03\/garden-terrace-hydrangeas-palm-sao-miguel-azores-rental-1.webp\" alt=\"Terra\u00e7o ajardinado exuberante com palmeiras, hort\u00eansias e caminhos de pedra na villa de f\u00e9rias familiar em S\u00e3o Miguel, A\u00e7ores.\">estilo=&quot;borda-inferior-direita-raio: 15px;&quot;&gt;\r\n            <\/div>\r\n        <\/div>\r\n    <\/div>\r\n    <div class=\"calendar-container\">\r\n        <iframe src=\"https:\/\/calendar.google.com\/calendar\/embed?height=600&wkst=1&ctz=Atlantic%2FAzores&src=ZGo5djEwdDdhb3VxODdyOWM5dGJ1dWI5NnBoaHNsdTBAaW1wb3J0LmNhbGVuZGFyLmdvb2dsZS5jb20&color=%23D81B60\" style=\"border:solid 1px #777\" width=\"800\" height=\"300\" frameborder=\"0\" scrolling=\"no\"><\/iframe>\r\n    <\/div>\r\n<\/div>\r\n\r\n<style>\r\n    .gallery-container {\r\n        display: flex;\r\n        flex-direction: column;\r\n        justify-content: center;\r\n        max-width: 1200px;\r\n        margin: auto;\r\n        padding: 0;\r\n        overflow: hidden;\r\n        border-radius: 15px 15px 0 0;\r\n    }\r\n\r\n    .gallery {\r\n        display: grid;\r\n        grid-template-columns: 2fr 1fr 1fr;\r\n        gap: 10px;\r\n    }\r\n\r\n    .gallery-item {\r\n        position: relative;\r\n        overflow: hidden;\r\n        border-radius: 0;\r\n    }\r\n\r\n    .gallery-column {\r\n        display: grid;\r\n        grid-template-rows: 1fr 1fr;\r\n        gap: 10px;\r\n    }\r\n\r\n    .gallery-item img {\r\n        width: 100%;\r\n        height: 100%;\r\n        object-fit: cover;\r\n        display: block;\r\n    }\r\n\r\n    .half {\r\n        height: 100%;\r\n    }\r\n\r\n    .calendar-container {\r\n        margin-top: 10px;\r\n        display: flex;\r\n        justify-content: center;\r\n        border-radius: 0 0 15px 15px;\r\n        overflow: hidden;\r\n        clip-path: inset(0 0 0 0 round 0 0 15px 15px);\r\n    }\r\n<\/style>\r\n\t\t\t\t<\/div>\n\t\t\t\t<\/div>\n\t\t\t\t\t<\/div>\n\t\t\t\t<\/div>\n\t\t<div class=\"elementor-element elementor-element-39a248e e-grid e-con-boxed e-con e-parent\" data-id=\"39a248e\" data-element_type=\"container\" data-e-type=\"container\">\n\t\t\t\t\t<div class=\"e-con-inner\">\n\t\t\t\t<div class=\"elementor-element elementor-element-c290fcf elementor-widget elementor-widget-google_maps\" data-id=\"c290fcf\" data-element_type=\"widget\" data-e-type=\"widget\" data-widget_type=\"google_maps.default\">\n\t\t\t\t<div class=\"elementor-widget-container\">\n\t\t\t\t\t\t\t<div class=\"elementor-custom-embed\">\n\t\t\t<iframe loading=\"lazy\"\n\t\t\t\t\tsrc=\"https:\/\/maps.google.com\/maps?q=family%20holiday%20villa%20vacation&#038;t=m&#038;z=13&#038;output=embed&#038;iwloc=near\"\n\t\t\t\t\ttitle=\"f\u00e9rias em fam\u00edlia villa f\u00e9rias\"\n\t\t\t\t\taria-label=\"f\u00e9rias em fam\u00edlia villa f\u00e9rias\"\n\t\t\t><\/iframe>\n\t\t<\/div>\n\t\t\t\t\t\t<\/div>\n\t\t\t\t<\/div>\n\t\t\t\t<div class=\"elementor-element elementor-element-33da84f elementor-widget elementor-widget-html\" data-id=\"33da84f\" data-element_type=\"widget\" data-e-type=\"widget\" data-widget_type=\"html.default\">\n\t\t\t\t<div class=\"elementor-widget-container\">\n\t\t\t\t\t<h2>Descubra a experi\u00eancia \u00fanica da nossa casa de f\u00e9rias<\/h2>\n<h3><strong>Family Holiday Villa Vacation Ponta Delgada<\/strong> \u00e9 uma casa espa\u00e7osa e tradicional que pode acomodar at\u00e9 <strong>18 pessoas.<\/strong><\/h3>\n<p>A Family Villa Vacation, para al\u00e9m de booking.com, airbnb e Expedia, fez tamb\u00e9m parceria com a plataforma Ponta Delgada Azores Rentals, o seu site de aluguer de f\u00e9rias em Ponta Delgada, A\u00e7ores.<\/p>\n<h4>Tornando-o o ref\u00fagio perfeito para <strong>f\u00e9rias em grupo de familiares e amigos.<\/strong> Family Holiday Villa Vacations oferecem uma estadia inesquec\u00edvel em um ambiente acolhedor e uma <strong>excelente localiza\u00e7\u00e3o<\/strong>.<\/h4>\n\n<h3>\u00cdndice<\/h3>\n<ul>\n    <li><a href=\"#unforgettable-moments\">Uma casa de f\u00e9rias para momentos inesquec\u00edveis<\/a><\/li>\n    <li><a href=\"#location\">Localiza\u00e7\u00e3o privilegiada<\/a><\/li>\n    <li><a href=\"#comfort\">Conforto e Design<\/a><\/li>\n    <li><a href=\"#outdoors\">Espa\u00e7os ao ar livre de tirar o f\u00f4lego<\/a><\/li>\n    <li><a href=\"#amenities\">Comodidades de primeira linha para uma estadia perfeita<\/a><\/li>\n    <li><a href=\"#surroundings\">O que fazer nas proximidades<\/a><\/li>\n    <li><a href=\"#booking\">Reserve agora e experimente<\/a><\/li>\n<\/ul>\n<p>\n<\/p>\n\n<p>Bem-vindo ao <a href=\"https:\/\/pontadelgadaazoresrentals.com\/pt\/aluguel-de-ponta-delgada-acores\/reservas\/ferias-em-familia-villa-ferias-ponta-delgada\/\"><strong>Family Holiday Villa Vacation Ponta Delgada<\/strong><\/a>. Esta n\u00e3o \u00e9 apenas uma casa de f\u00e9rias; \u00e9 um retiro onde a natureza e as pessoas se unem para criar mem\u00f3rias inesquec\u00edveis.<\/p>\n\n<p>Virada para a costa sul da Ilha de S\u00e3o Miguel, apresenta uma arquitetura que mistura a tradi\u00e7\u00e3o da arquitetura a\u00e7oriana, especialmente destacada pela pedra de basalto vulc\u00e2nico. Aqui, contra a paisagem deslumbrante, o inesperado acontece: voc\u00ea espera pouco, mas recebe muito mais.<\/p>\n\n<h4 id=\"location\">Localiza\u00e7\u00e3o privilegiada<\/h4>\n<p>Family Holiday Villa Vacation Ponta Delgada coloca nos no centro de tudo. \u00c9 por isso que est\u00e1 perto do melhor que a regi\u00e3o tem a oferecer.<\/p>\n<ul>\n    <li><strong>Perto dos principais acessos rodovi\u00e1rios<\/strong>, a apenas 3 minutos das principais rodovias.<\/li>\n    <li><strong>A cidade de Ponta Delgada<\/strong> fica a apenas 5 minutos de dist\u00e2ncia, e o aeroporto Jo\u00e3o Paulo II fica a apenas 15 minutos de dist\u00e2ncia.<\/li>\n    <li><strong>Praias de areia preta<\/strong>, onde voc\u00ea pode desfrutar de \u00e1guas cristalinas, ficam a apenas 5 minutos de dist\u00e2ncia.<\/li>\n    <li><strong>Mercados e restaurantes locais<\/strong> oferecem sabores a\u00e7orianos aut\u00eanticos.<\/li>\n<\/ul>\n\n<h4 id=\"comfort\">Family Holiday Villa Vacation Ponta Delgada: Um Design Feito para Voc\u00ea<\/h4>\n<p>Balanceamento <strong>a arquitetura tradicional e os elementos naturais<\/strong>, esta casa cria uma atmosfera familiar a\u00e7oriana acolhedora e aut\u00eantica.<\/p>\n<ul>\n    <li><strong>5 quartos espa\u00e7osos com ar condicionado<\/strong>, garantindo um descanso revigorante.<\/li>\n    <li><strong>Obras de arte \u00fanicas de artistas locais<\/strong>, tornando esta vila uma experi\u00eancia cultural.<\/li>\n    <li><strong>3 casas de banho, funcionais<\/strong>, garantindo comodidade e conforto.<\/li>\n    <li><strong>Sala de estar panor\u00e2mica<\/strong>, perfeito para momentos em fam\u00edlia e refei\u00e7\u00f5es deliciosas.<\/li>\n    <li><strong>Cozinha totalmente equipada<\/strong>, ideal para preparar produtos frescos e locais.<\/li>\n<\/ul>\n\n<h4 id=\"outdoors\">Espa\u00e7os ao ar livre de tirar o f\u00f4lego: relaxe e inspire-se<\/h4>\n<p>A \u00e1rea externa desta casa de f\u00e9rias \u00e9 realmente espetacular.<\/p>\n<ul>\n    <li><strong>Um jardim exuberante<\/strong>, oferecendo ar fresco e tranquilidade.<\/li>\n    <li><strong>Vistas rurais e oce\u00e2nicas<\/strong>, proporcionando uma paisagem incr\u00edvel.<\/li>\n    <li><strong>\u00c1rea de jantar ao ar livre<\/strong> com um churrasco, perfeito para momentos especiais.<\/li>\n<\/ul>\n\n<h4 id=\"amenities\">Detalhes que fazem a diferen\u00e7a: comodidades de primeira linha<\/h4>\n<p>Tudo foi projetado para garantir que sua estadia seja confort\u00e1vel.<\/p>\n<ul>\n    <li><strong>Wi-Fi de alta velocidade<\/strong>, mantendo-o conectado o tempo todo.<\/li>\n    <li><strong>Ar condicionado e aquecimento<\/strong>, proporcionando um clima interno perfeito.<\/li>\n    <li><strong>Estacionamento privado<\/strong>, garantindo seguran\u00e7a e comodidade.<\/li>\n<\/ul>\n\n<h4 id=\"surroundings\">Experi\u00eancias memor\u00e1veis: Explore os arredores<\/h4>\n<ul>\n    <li><strong>Passeios de barco<\/strong> para explorar a deslumbrante costa a\u00e7oriana.<\/li>\n    <li><a href=\"https:\/\/repositorio.uac.pt\/entities\/publication\/11b77244-85b2-443e-9a55-c79d3626907b\" target=\"_blank\" rel=\"noopener\"><strong>Observa\u00e7\u00e3o de baleias<\/strong><\/a>, uma experi\u00eancia \u00fanica na vida.<\/li>\n    <li><strong>Degusta\u00e7\u00f5es de vinhos e gastronomia local<\/strong>, mergulhando nos aut\u00eanticos sabores a\u00e7orianos.<\/li>\n<\/ul>\n\n<h5 id=\"booking\">Reserve agora e experimente<\/h5>\n<p>No <strong>Ponta Delgada A\u00e7ores Reservas<\/strong>, cada parceiro foi escolhido para superar suas expectativas. <strong>Esperava pouco? Voc\u00ea receber\u00e1 muito mais.<\/strong><\/p>\n<p>\ud83d\udce9 <strong>Entre em contato conosco para mais informa\u00e7\u00f5es ou reserve sua estadia agora!<\/strong><\/p>\n\t\t\t\t<\/div>\n\t\t\t\t<\/div>\n\t\t\t\t\t<\/div>\n\t\t\t\t<\/div>\n\t\t<div class=\"elementor-element elementor-element-34b6eb9 e-flex e-con-boxed e-con e-parent\" data-id=\"34b6eb9\" data-element_type=\"container\" data-e-type=\"container\">\n\t\t\t\t\t<div class=\"e-con-inner\">\n\t\t\t\t<div class=\"elementor-element elementor-element-e1d0e26 elementor-arrows-position-inside elementor-pagination-position-outside elementor-widget elementor-widget-image-carousel\" data-id=\"e1d0e26\" data-element_type=\"widget\" data-e-type=\"widget\" data-settings=\"{&quot;slides_to_show&quot;:&quot;3&quot;,&quot;navigation&quot;:&quot;both&quot;,&quot;autoplay&quot;:&quot;yes&quot;,&quot;pause_on_hover&quot;:&quot;yes&quot;,&quot;pause_on_interaction&quot;:&quot;yes&quot;,&quot;autoplay_speed&quot;:5000,&quot;infinite&quot;:&quot;yes&quot;,&quot;speed&quot;:500}\" data-widget_type=\"image-carousel.default\">\n\t\t\t\t<div class=\"elementor-widget-container\">\n\t\t\t\t\t\t\t<div class=\"elementor-image-carousel-wrapper swiper\" role=\"region\" aria-roledescription=\"carousel\" aria-label=\"Carrossel de imagens\" dir=\"ltr\">\n\t\t\t<div class=\"elementor-image-carousel swiper-wrapper\" aria-live=\"off\">\n\t\t\t\t\t\t\t\t<div class=\"swiper-slide\" role=\"group\" aria-roledescription=\"slide\" aria-label=\"1 de 5\"><a data-elementor-open-lightbox=\"yes\" data-elementor-lightbox-slideshow=\"e1d0e26\" data-elementor-lightbox-title=\"living-room-fireplace-dining-sao-miguel-azores-villa\" data-elementor-lightbox-description=\"Cozy living room with fireplace, rustic art and dining area in the vacation home in S\u00e3o Miguel\" data-e-action-hash=\"#elementor-action%3Aaction%3Dlightbox%26settings%3DeyJpZCI6MTAyNywidXJsIjoiaHR0cHM6XC9cL3BvbnRhZGVsZ2FkYWF6b3Jlc3JlbnRhbHMuY29tXC93cC1jb250ZW50XC91cGxvYWRzXC8yMDI1XC8wM1wvbGl2aW5nLXJvb20tZmlyZXBsYWNlLWRpbmluZy1zYW8tbWlndWVsLWF6b3Jlcy12aWxsYS0xLndlYnAiLCJzbGlkZXNob3ciOiJlMWQwZTI2In0%3D\" href=\"https:\/\/pontadelgadaazoresrentals.com\/wp-content\/uploads\/2025\/03\/living-room-fireplace-dining-sao-miguel-azores-villa-1.webp\"><figure class=\"swiper-slide-inner\"><img decoding=\"async\" class=\"swiper-slide-image\" src=\"https:\/\/pontadelgadaazoresrentals.com\/wp-content\/uploads\/elementor\/thumbs\/living-room-fireplace-dining-sao-miguel-azores-villa-1-r2z0br5ydsj70l0tdpmtzx8sk2vcts99hm1cnm56jc.webp\" alt=\"Sala de estar espa\u00e7osa com lareira, instala\u00e7\u00e3o art\u00edstica r\u00fastica em madeira, mesa de jantar e TV na casa de f\u00e9rias em S\u00e3o Miguel Ponta Delgada.\" \/><\/figure><\/a><\/div><div class=\"swiper-slide\" role=\"group\" aria-roledescription=\"slide\" aria-label=\"2 de 5\"><a data-elementor-open-lightbox=\"yes\" data-elementor-lightbox-slideshow=\"e1d0e26\" data-elementor-lightbox-title=\"garden-terrace-hydrangeas-palm-sao-miguel-azores-rental\" data-elementor-lightbox-description=\"Exuberant garden with typical Azorean hydrangeas and palm trees at the vacation property in S\u00e3o Miguel\" data-e-action-hash=\"#elementor-action%3Aaction%3Dlightbox%26settings%3DeyJpZCI6MTAyNiwidXJsIjoiaHR0cHM6XC9cL3BvbnRhZGVsZ2FkYWF6b3Jlc3JlbnRhbHMuY29tXC93cC1jb250ZW50XC91cGxvYWRzXC8yMDI1XC8wM1wvZ2FyZGVuLXRlcnJhY2UtaHlkcmFuZ2Vhcy1wYWxtLXNhby1taWd1ZWwtYXpvcmVzLXJlbnRhbC0xLndlYnAiLCJzbGlkZXNob3ciOiJlMWQwZTI2In0%3D\" href=\"https:\/\/pontadelgadaazoresrentals.com\/wp-content\/uploads\/2025\/03\/garden-terrace-hydrangeas-palm-sao-miguel-azores-rental-1.webp\"><figure class=\"swiper-slide-inner\"><img decoding=\"async\" class=\"swiper-slide-image\" src=\"https:\/\/pontadelgadaazoresrentals.com\/wp-content\/uploads\/elementor\/thumbs\/garden-terrace-hydrangeas-palm-sao-miguel-azores-rental-1-r2z071160s2an5vxz63cym6d1c5x4khui7ygsj5ftk.webp\" alt=\"Terra\u00e7o ajardinado exuberante com palmeiras, hort\u00eansias e caminhos de pedra na villa de f\u00e9rias familiar em S\u00e3o Miguel, A\u00e7ores.\" \/><\/figure><\/a><\/div><div class=\"swiper-slide\" role=\"group\" aria-roledescription=\"slide\" aria-label=\"3 de 5\"><a data-elementor-open-lightbox=\"yes\" data-elementor-lightbox-slideshow=\"e1d0e26\" data-elementor-lightbox-title=\"bedroom with double bed and single bed, Azores family holiday villa\" data-elementor-lightbox-description=\"Triple bedroom with double bed and single bed, colorful decor perfect for families vacationing in the Azores\" data-e-action-hash=\"#elementor-action%3Aaction%3Dlightbox%26settings%3DeyJpZCI6MTAyNSwidXJsIjoiaHR0cHM6XC9cL3BvbnRhZGVsZ2FkYWF6b3Jlc3JlbnRhbHMuY29tXC93cC1jb250ZW50XC91cGxvYWRzXC8yMDI1XC8wM1wvdHJpcGxlLWJlZHJvb20tY29sb3JmdWwtc2FvLW1pZ3VlbC1hem9yZXMtdmFjYXRpb24tcmVudGFsLTEtc2NhbGVkLndlYnAiLCJzbGlkZXNob3ciOiJlMWQwZTI2In0%3D\" href=\"https:\/\/pontadelgadaazoresrentals.com\/wp-content\/uploads\/2025\/03\/triple-bedroom-colorful-sao-miguel-azores-vacation-rental-1-scaled.webp\"><figure class=\"swiper-slide-inner\"><img decoding=\"async\" class=\"swiper-slide-image\" src=\"https:\/\/pontadelgadaazoresrentals.com\/wp-content\/uploads\/elementor\/thumbs\/triple-bedroom-colorful-sao-miguel-azores-vacation-rental-1-scaled-r2yzsxgbi8rghqd8b2otk69g99npo0iskfo9n4215k.webp\" alt=\"Quarto triplo luminoso com cama de casal e cama de solteiro, roupa de cama colorida e paredes amarelas em villa de f\u00e9rias familiar em S\u00e3o Miguel, A\u00e7ores.\" \/><\/figure><\/a><\/div><div class=\"swiper-slide\" role=\"group\" aria-roledescription=\"slide\" aria-label=\"4 de 5\"><a data-elementor-open-lightbox=\"yes\" data-elementor-lightbox-slideshow=\"e1d0e26\" data-elementor-lightbox-title=\"triple-bedroom-colorful-sao-miguel-azores-vacation-rental\" data-e-action-hash=\"#elementor-action%3Aaction%3Dlightbox%26settings%3DeyJpZCI6MTAyMywidXJsIjoiaHR0cHM6XC9cL3BvbnRhZGVsZ2FkYWF6b3Jlc3JlbnRhbHMuY29tXC93cC1jb250ZW50XC91cGxvYWRzXC8yMDI1XC8wM1wvdHJpcGxlLWJlZHJvb20tY29sb3JmdWwtc2FvLW1pZ3VlbC1hem9yZXMtdmFjYXRpb24tcmVudGFsLXNjYWxlZC5qcGciLCJzbGlkZXNob3ciOiJlMWQwZTI2In0%3D\" href=\"https:\/\/pontadelgadaazoresrentals.com\/wp-content\/uploads\/2025\/03\/triple-bedroom-colorful-sao-miguel-azores-vacation-rental-scaled.jpg\"><figure class=\"swiper-slide-inner\"><img decoding=\"async\" class=\"swiper-slide-image\" src=\"https:\/\/pontadelgadaazoresrentals.com\/wp-content\/uploads\/elementor\/thumbs\/triple-bedroom-colorful-sao-miguel-azores-vacation-rental-scaled-rlqftwk26duk74gxll6blud2wvyxq2fn26rxhxw120.jpg\" alt=\"aluguel de f\u00e9rias triplo e colorido em S\u00e3o Miguel, A\u00e7ores\" \/><\/figure><\/a><\/div><div class=\"swiper-slide\" role=\"group\" aria-roledescription=\"slide\" aria-label=\"5 de 5\"><a data-elementor-open-lightbox=\"yes\" data-elementor-lightbox-slideshow=\"e1d0e26\" data-elementor-lightbox-title=\"outdoor-barbecue-dining-area-sao-miguel-azores-vacation-rental\" data-elementor-lightbox-description=\"barbecue, Portuguese tiles, outdoor dining, Azores accommodation, S\u00e3o Miguel vacation\" data-e-action-hash=\"#elementor-action%3Aaction%3Dlightbox%26settings%3DeyJpZCI6MTAxOCwidXJsIjoiaHR0cHM6XC9cL3BvbnRhZGVsZ2FkYWF6b3Jlc3JlbnRhbHMuY29tXC93cC1jb250ZW50XC91cGxvYWRzXC8yMDI1XC8wM1wvb3V0ZG9vci1iYXJiZWN1ZS1kaW5pbmctYXJlYS1zYW8tbWlndWVsLWF6b3Jlcy12YWNhdGlvbi1yZW50YWwtc2NhbGVkLndlYnAiLCJzbGlkZXNob3ciOiJlMWQwZTI2In0%3D\" href=\"https:\/\/pontadelgadaazoresrentals.com\/wp-content\/uploads\/2025\/03\/outdoor-barbecue-dining-area-sao-miguel-azores-vacation-rental-scaled.webp\"><figure class=\"swiper-slide-inner\"><img decoding=\"async\" class=\"swiper-slide-image\" src=\"https:\/\/pontadelgadaazoresrentals.com\/wp-content\/uploads\/elementor\/thumbs\/outdoor-barbecue-dining-area-sao-miguel-azores-vacation-rental-scaled-r2yzdcao65f9yj0cbu4jplv9m8hl0pn1fa7e4x62c8.webp\" alt=\"Tradicional zona de refei\u00e7\u00f5es exterior com churrasqueira, paredes de azulejos azuis portugueses, lou\u00e7a colorida e acesso ao jardim na vivenda de f\u00e9rias S\u00e3o Miguel A\u00e7ores&quot; Descri\u00e7\u00e3o: &quot;Espa\u00e7o exterior com churrasqueira tradicional, azulejos portugueses, perfeito para refei\u00e7\u00f5es em fam\u00edlia em S\u00e3o Miguel\" \/><\/figure><\/a><\/div>\t\t\t<\/div>\n\t\t\t\t\t\t\t\t\t\t\t\t<div class=\"elementor-swiper-button elementor-swiper-button-prev\" role=\"button\" tabindex=\"0\">\n\t\t\t\t\t\t<svg aria-hidden=\"true\" class=\"e-font-icon-svg e-eicon-chevron-left\" viewbox=\"0 0 1000 1000\" xmlns=\"http:\/\/www.w3.org\/2000\/svg\"><path d=\"M646 125C629 125 613 133 604 142L308 442C296 454 292 471 292 487 292 504 296 521 308 533L604 854C617 867 629 875 646 875 663 875 679 871 692 858 704 846 713 829 713 812 713 796 708 779 692 767L438 487 692 225C700 217 708 204 708 187 708 171 704 154 692 142 675 129 663 125 646 125Z\"><\/path><\/svg>\t\t\t\t\t<\/div>\n\t\t\t\t\t<div class=\"elementor-swiper-button elementor-swiper-button-next\" role=\"button\" tabindex=\"0\">\n\t\t\t\t\t\t<svg aria-hidden=\"true\" class=\"e-font-icon-svg e-eicon-chevron-right\" viewbox=\"0 0 1000 1000\" xmlns=\"http:\/\/www.w3.org\/2000\/svg\"><path d=\"M696 533C708 521 713 504 713 487 713 471 708 454 696 446L400 146C388 133 375 125 354 125 338 125 325 129 313 142 300 154 292 171 292 187 292 204 296 221 308 233L563 492 304 771C292 783 288 800 288 817 288 833 296 850 308 863 321 871 338 875 354 875 371 875 388 867 400 854L696 533Z\"><\/path><\/svg>\t\t\t\t\t<\/div>\n\t\t\t\t\n\t\t\t\t\t\t\t\t\t<div class=\"swiper-pagination\"><\/div>\n\t\t\t\t\t\t\t\t\t<\/div>\n\t\t\t\t\t\t<\/div>\n\t\t\t\t<\/div>\n\t\t\t\t\t<\/div>\n\t\t\t\t<\/div>\n\t\t\t\t<\/div>","protected":false},"excerpt":{"rendered":"<p>A Family Villa Vacation, para al\u00e9m de booking.com, airbnb e Expedia, fez tamb\u00e9m parceria com a plataforma Ponta Delgada Azores Rentals, o seu site de aluguer de f\u00e9rias em Ponta Delgada, A\u00e7ores.<\/p>\n<h4>Tornando-o o ref\u00fagio perfeito para <strong>f\u00e9rias em grupos familiares e de amigos.<\/strong> Family Holiday Villa Vacations oferecem uma estadia inesquec\u00edvel em um ambiente acolhedor e uma <strong>excelente localiza\u00e7\u00e3o<\/strong>.<\/h4>\n<h3>\u00cdndice<\/h3>\n<ul>\n<li><a href=\"#unforgettable-moments\">Uma casa de f\u00e9rias para momentos inesquec\u00edveis<\/a><\/li>\n<li><a href=\"#location\">Localiza\u00e7\u00e3o privilegiada<\/a><\/li>\n<li><a href=\"#comfort\">Conforto e Design<\/a><\/li>\n<li><a href=\"#outdoors\">Espa\u00e7os ao ar livre de tirar o f\u00f4lego<\/a><\/li>\n<li><a href=\"#amenities\">Comodidades de primeira linha para uma estadia perfeita<\/a><\/li>\n<li><a href=\"#surroundings\">O que fazer nas proximidades<\/a><\/li>\n<li><a href=\"#booking\">Reserve agora e experimente<\/a><\/li>\n<\/ul>\n<p>&nbsp;<\/p>\n<p>Bem-vindo ao <a href=\"https:\/\/pontadelgadaazoresrentals.com\/pt\/aluguel-de-ponta-delgada-acores\/reservas\/ferias-em-familia-villa-ferias-ponta-delgada\/\"><strong>Family Holiday Villa Vacation Ponta Delgada<\/strong><\/a>. Esta n\u00e3o \u00e9 apenas uma casa de f\u00e9rias; \u00e9 um retiro onde a natureza e as pessoas se unem para criar mem\u00f3rias inesquec\u00edveis.<\/p>","protected":false},"author":4,"featured_media":0,"parent":464,"menu_order":0,"comment_status":"closed","ping_status":"closed","template":"","meta":{"footnotes":""},"class_list":["post-531","page","type-page","status-publish","hentry"],"_links":{"self":[{"href":"https:\/\/pontadelgadaazoresrentals.com\/pt\/wp-json\/wp\/v2\/pages\/531","targetHints":{"allow":["GET"]}}],"collection":[{"href":"https:\/\/pontadelgadaazoresrentals.com\/pt\/wp-json\/wp\/v2\/pages"}],"about":[{"href":"https:\/\/pontadelgadaazoresrentals.com\/pt\/wp-json\/wp\/v2\/types\/page"}],"author":[{"embeddable":true,"href":"https:\/\/pontadelgadaazoresrentals.com\/pt\/wp-json\/wp\/v2\/users\/4"}],"replies":[{"embeddable":true,"href":"https:\/\/pontadelgadaazoresrentals.com\/pt\/wp-json\/wp\/v2\/comments?post=531"}],"version-history":[{"count":131,"href":"https:\/\/pontadelgadaazoresrentals.com\/pt\/wp-json\/wp\/v2\/pages\/531\/revisions"}],"predecessor-version":[{"id":1721,"href":"https:\/\/pontadelgadaazoresrentals.com\/pt\/wp-json\/wp\/v2\/pages\/531\/revisions\/1721"}],"up":[{"embeddable":true,"href":"https:\/\/pontadelgadaazoresrentals.com\/pt\/wp-json\/wp\/v2\/pages\/464"}],"wp:attachment":[{"href":"https:\/\/pontadelgadaazoresrentals.com\/pt\/wp-json\/wp\/v2\/media?parent=531"}],"curies":[{"name":"wp","href":"https:\/\/api.w.org\/{rel}","templated":true}]}}